{"id":2770,"date":"2017-09-19T17:45:46","date_gmt":"2017-09-19T20:45:46","guid":{"rendered":"http:\/\/mol.icb.usp.br\/?page_id=2770"},"modified":"2018-03-07T14:36:53","modified_gmt":"2018-03-07T17:36:53","slug":"4-22-tecido-conjuntivo","status":"publish","type":"page","link":"https:\/\/mol.icb.usp.br\/index.php\/4-22-tecido-conjuntivo\/","title":{"rendered":"4-22 Tecido conjuntivo"},"content":{"rendered":"<p><strong>C\u00c9LULAS TRANSIENTES DO TECIDO CONJUNTIVO &#8211; 1<\/strong><\/p>\n<p>Al\u00e9m das c\u00e9lulas residentes h\u00e1 normalmente no tecido conjuntivo v\u00e1rios tipos de c\u00e9lulas transientes. S\u00e3o os <strong>gl\u00f3bulos brancos<\/strong> ou <strong>leuc\u00f3citos<\/strong> provenientes do sangue. Eles saem dos capilares sangu\u00edneos e v\u00eanulas por diapedese entre as c\u00e9lulas endoteliais que revestem internamente os vasos sangu\u00edneos e penetram no tecido conjuntivo.<\/p>\n<p>Os leuc\u00f3citos s\u00e3o classificados de acordo com a forma de seu n\u00facleo e de acordo com os gr\u00e2nulos presentes no seu citoplasma.<br \/>\n<strong>Leuc\u00f3citos polimorfonucleares e mononucleares<\/strong><br \/>\nDurante a diferencia\u00e7\u00e3o dos leuc\u00f3citos na medula hematopo\u00e9tica seus n\u00facleos s\u00e3o inicialmente esf\u00e9ricos. No final do processo de diferencia\u00e7\u00e3o de um grupo de leuc\u00f3citos o n\u00facleo passa a ser <strong>lobulado<\/strong>, isto \u00e9, seu conte\u00fado \u00e9 separado em dois ou mais volumes denominados l\u00f3bulos, que se comunicam por delgadas \u201cpontes\u201d de cromatina.<br \/>\nOs leuc\u00f3citos lobulados s\u00e3o tamb\u00e9m denominados <strong>polimorfonucleares<\/strong> e s\u00e3o constitu\u00eddos pelos <strong>neutr\u00f3filos<\/strong>, <strong>eosin\u00f3filos<\/strong> e <strong>bas\u00f3filos<\/strong>.<br \/>\nOutro grupo de leuc\u00f3citos \u2013 os <strong>linf\u00f3citos<\/strong> e <strong>mon\u00f3citos<\/strong> \u2013 n\u00e3o possuem n\u00facleos lobulados. Seus n\u00facleos permanecem esf\u00e9ricos nas c\u00e9lulas totalmente diferenciadas. S\u00e3o tamb\u00e9m denominados <strong>mononucleares<\/strong>.<\/p>\n<p><strong>Leuc\u00f3citos granul\u00f3citos e agranul\u00f3citos<\/strong><br \/>\nTodos leuc\u00f3citos possuem gr\u00e2nulos no seu citoplasma. H\u00e1 dois tipos de gr\u00e2nulos: <strong>inespec\u00edficos<\/strong> e <strong>espec\u00edficos<\/strong>.<br \/>\nOs <strong>gr\u00e2nulos inespec\u00edficos<\/strong> s\u00e3o tamb\u00e9m denominados <strong>gr\u00e2nulos azur\u00f3filos <\/strong>(pelas suas caracter\u00edsticas de colora\u00e7\u00e3o) e existem em todos tipos de leuc\u00f3citos em maior ou menor quantidade.<br \/>\nOs <strong>gr\u00e2nulos espec\u00edficos<\/strong> existem em neutr\u00f3filos, eosin\u00f3filos e bas\u00f3filos. Cada uma dessas c\u00e9lulas possui gr\u00e2nulos caracter\u00edsticos, com tamanho, conte\u00fado e composi\u00e7\u00e3o espec\u00edficos.<br \/>\nEste grupo de leuc\u00f3citos que possui gr\u00e2nulos espec\u00edficos tamb\u00e9m \u00e9 chamado de <strong>leuc\u00f3citos granul\u00f3citos<\/strong>, em contraste com os linf\u00f3citos e mon\u00f3citos que s\u00f3 possuem gr\u00e2nulos inespec\u00edficos e por esta raz\u00e3o chamados tamb\u00e9m de <strong>leuc\u00f3citos agranul\u00f3citos<\/strong>.<\/p>\n<p><strong>NAVEGA\u00c7\u00c3O NO MOL:<\/strong><\/p>\n<p><a href=\"http:\/\/mol.icb.usp.br\/index.php\/4-21-tecido-conjuntivo\/\">ACESSAR P\u00c1GINA ANTERIOR<\/a><\/p>\n<p><a href=\"http:\/\/mol.icb.usp.br\/index.php\/4-23-tecido-conjuntivo\/\">ACESSAR P\u00c1GINA SEGUINTE<\/a><\/p>\n","protected":false},"excerpt":{"rendered":"<p>C\u00c9LULAS TRANSIENTES DO TECIDO CONJUNTIVO &#8211; 1 Al\u00e9m das c\u00e9lulas residentes h\u00e1 normalmente no tecido conjuntivo v\u00e1rios tipos de c\u00e9lulas transientes. S\u00e3o os gl\u00f3bulos brancos ou leuc\u00f3citos provenientes do sangue. Eles saem dos capilares sangu\u00edneos e v\u00eanulas por diapedese entre as c\u00e9lulas endoteliais que revestem internamente os vasos sangu\u00edneos e penetram no tecido conjuntivo. Os [&hellip;]<\/p>\n","protected":false},"author":2,"featured_media":0,"parent":0,"menu_order":0,"comment_status":"closed","ping_status":"closed","template":"","meta":{"_monsterinsights_skip_tracking":false,"_monsterinsights_sitenote_active":false,"_monsterinsights_sitenote_note":"","_monsterinsights_sitenote_category":0,"footnotes":""},"class_list":["post-2770","page","type-page","status-publish","hentry"],"_links":{"self":[{"href":"https:\/\/mol.icb.usp.br\/index.php\/wp-json\/wp\/v2\/pages\/2770"}],"collection":[{"href":"https:\/\/mol.icb.usp.br\/index.php\/wp-json\/wp\/v2\/pages"}],"about":[{"href":"https:\/\/mol.icb.usp.br\/index.php\/wp-json\/wp\/v2\/types\/page"}],"author":[{"embeddable":true,"href":"https:\/\/mol.icb.usp.br\/index.php\/wp-json\/wp\/v2\/users\/2"}],"replies":[{"embeddable":true,"href":"https:\/\/mol.icb.usp.br\/index.php\/wp-json\/wp\/v2\/comments?post=2770"}],"version-history":[{"count":8,"href":"https:\/\/mol.icb.usp.br\/index.php\/wp-json\/wp\/v2\/pages\/2770\/revisions"}],"predecessor-version":[{"id":5710,"href":"https:\/\/mol.icb.usp.br\/index.php\/wp-json\/wp\/v2\/pages\/2770\/revisions\/5710"}],"wp:attachment":[{"href":"https:\/\/mol.icb.usp.br\/index.php\/wp-json\/wp\/v2\/media?parent=2770"}],"curies":[{"name":"wp","href":"https:\/\/api.w.org\/{rel}","templated":true}]}}