{"id":2762,"date":"2017-09-18T20:23:26","date_gmt":"2017-09-18T23:23:26","guid":{"rendered":"http:\/\/mol.icb.usp.br\/?page_id=2762"},"modified":"2018-03-07T14:33:37","modified_gmt":"2018-03-07T17:33:37","slug":"4-21-tecido-conjuntivo","status":"publish","type":"page","link":"https:\/\/mol.icb.usp.br\/index.php\/4-21-tecido-conjuntivo\/","title":{"rendered":"4-21 Tecido conjuntivo"},"content":{"rendered":"<div class=\"su-row\">\n<div class=\"su-column su-column-size-1-1\"><div class=\"su-column-inner su-u-clearfix su-u-trim\"> <strong>C\u00c9LULAS RESIDENTES DO TECIDO CONJUNTIVO \u2013 C\u00c9LULAS GIGANTES<\/strong><\/div><\/div>\n<\/div>\n<div class=\"su-row\">\n<div class=\"su-column su-column-size-1-2\"><div class=\"su-column-inner su-u-clearfix su-u-trim\"> As <strong>c\u00e9lulas gigantes de corpo estranho<\/strong> s\u00e3o formadas pela fus\u00e3o de macr\u00f3fagos e ocorrem em alguns tipos de rea\u00e7\u00e3o inflamat\u00f3ria, principalmente nos <strong>granulomas<\/strong>.<br \/>\nComo resultado da fus\u00e3o resultam c\u00e9lulas muito grandes e multinucleadas, \u00e0s vezes com centenas de n\u00facleos.<br \/>\nAs c\u00e9lulas gigantes envolvem subst\u00e2ncias de dif\u00edcil digest\u00e3o, como por exemplo fibras de celulose, part\u00edculas minerais e grupos de certas bact\u00e9rias, como o bacilo da tuberculose.<br \/>\nA figura mostra um granuloma provocado na pele de um animal de laborat\u00f3rio ap\u00f3s a coloca\u00e7\u00e3o de um fio de algod\u00e3o &#8211; este \u00e9 composto por fibras de celulose. Em consequ\u00eancia formou-se um granuloma com grande n\u00famero de c\u00e9lulas gigantes, multinucleadas, envolvendo as fibras. Estas aparecem claras, por que n\u00e3o se coram por HE.<br \/>\n<strong>Na figura superior:<\/strong> citoplasma das c\u00e9lulas gigantes ressaltados em verde e n\u00facleos em cor laranja.<br \/>\n<strong>Na figura inferior:<\/strong> citoplasma das c\u00e9lulas gigantes ressaltados em laranja e n\u00facleos em cor azul. Uma fibra de algod\u00e3o envolvida pela c\u00e9lula gigante est\u00e1 ressaltada em amarelo.<\/p>\n<\/div><\/div>\n  <div class=\"su-column su-column-size-1-2\"><div class=\"su-column-inner su-u-clearfix su-u-trim\"> <\/p>\n<div onclick>\n<div class=\"image-container\">\n<div class=\"extra\">\n<a href=\"javascript:void(0)\"><img decoding=\"async\" src=\" http:\/\/mol.icb.usp.br\/wp-content\/uploads\/4-21A.jpg \" onmouseover=\"this.src=' http:\/\/mol.icb.usp.br\/wp-content\/uploads\/4-21AMO.jpg'\" onmouseout=\"this.src=' http:\/\/mol.icb.usp.br\/wp-content\/uploads\/4-21A.jpg'\" \/><\/a><\/div>\n<p>Derme. Colora\u00e7\u00e3o: hematoxilina e eosina. Aumento: m\u00e9dio.<\/p>\n<p><img decoding=\"async\" src=\"http:\/\/mol.icb.usp.br\/wp-content\/uploads\/mouse-1.gif\"\/><\/a><\/p>\n<div class=\"extra\">\n<a href=\"javascript:void(0)\"><img decoding=\"async\" src=\" http:\/\/mol.icb.usp.br\/wp-content\/uploads\/4-21B.jpg \" onmouseover=\"this.src=' http:\/\/mol.icb.usp.br\/wp-content\/uploads\/4-21BMO.jpg'\" onmouseout=\"this.src=' http:\/\/mol.icb.usp.br\/wp-content\/uploads\/4-21B.jpg'\" \/><\/a><\/div>\n<p>Derme. Colora\u00e7\u00e3o: hematoxilina e eosina. Aumento: m\u00e9dio.<\/p>\n<p><img decoding=\"async\" src=\"http:\/\/mol.icb.usp.br\/wp-content\/uploads\/mouse-1.gif\"\/><\/a><\/p>\n<div onclick=\"\">\n<p><strong>NAVEGA\u00c7\u00c3O NO MOL:<\/strong><\/p>\n<p><a href=\"http:\/\/mol.icb.usp.br\/index.php\/4-20-tecido-conjuntivo\/\">ACESSAR P\u00c1GINA ANTERIOR<\/a><\/p>\n<p><a href=\"http:\/\/mol.icb.usp.br\/index.php\/4-22-tecido-conjuntivo\/\">ACESSAR P\u00c1GINA SEGUINTE<\/a>\n<\/div>\n<\/div>\n<\/div>\n<p><\/body><br \/>\n<\/html> <\/div><\/div>\n<\/div>\n","protected":false},"excerpt":{"rendered":"","protected":false},"author":2,"featured_media":0,"parent":0,"menu_order":0,"comment_status":"closed","ping_status":"closed","template":"","meta":{"_monsterinsights_skip_tracking":false,"_monsterinsights_sitenote_active":false,"_monsterinsights_sitenote_note":"","_monsterinsights_sitenote_category":0,"footnotes":""},"class_list":["post-2762","page","type-page","status-publish","hentry"],"_links":{"self":[{"href":"https:\/\/mol.icb.usp.br\/index.php\/wp-json\/wp\/v2\/pages\/2762"}],"collection":[{"href":"https:\/\/mol.icb.usp.br\/index.php\/wp-json\/wp\/v2\/pages"}],"about":[{"href":"https:\/\/mol.icb.usp.br\/index.php\/wp-json\/wp\/v2\/types\/page"}],"author":[{"embeddable":true,"href":"https:\/\/mol.icb.usp.br\/index.php\/wp-json\/wp\/v2\/users\/2"}],"replies":[{"embeddable":true,"href":"https:\/\/mol.icb.usp.br\/index.php\/wp-json\/wp\/v2\/comments?post=2762"}],"version-history":[{"count":9,"href":"https:\/\/mol.icb.usp.br\/index.php\/wp-json\/wp\/v2\/pages\/2762\/revisions"}],"predecessor-version":[{"id":5708,"href":"https:\/\/mol.icb.usp.br\/index.php\/wp-json\/wp\/v2\/pages\/2762\/revisions\/5708"}],"wp:attachment":[{"href":"https:\/\/mol.icb.usp.br\/index.php\/wp-json\/wp\/v2\/media?parent=2762"}],"curies":[{"name":"wp","href":"https:\/\/api.w.org\/{rel}","templated":true}]}}