{"id":276,"date":"2017-05-14T18:34:18","date_gmt":"2017-05-14T21:34:18","guid":{"rendered":"http:\/\/mol.icb.usp.br\/?page_id=276"},"modified":"2025-07-18T16:32:00","modified_gmt":"2025-07-18T19:32:00","slug":"1-6-conceitos-basicos","status":"publish","type":"page","link":"https:\/\/mol.icb.usp.br\/index.php\/1-6-conceitos-basicos\/","title":{"rendered":"1-6 Conceitos b\u00e1sicos"},"content":{"rendered":"<div class=\"su-row\">\n<div class=\"su-column su-column-size-1-1\"><div class=\"su-column-inner su-u-clearfix su-u-trim\"><strong>NUCL\u00c9OLOS E CROMATINA<\/strong><\/div><\/div>\n<\/div>\n<div class=\"su-row\">\n<div class=\"su-column su-column-size-1-2\"><div class=\"su-column-inner su-u-clearfix su-u-trim\">Os <strong>nucl\u00e9olos<\/strong> s\u00e3o vis\u00edveis sob a forma de objetos circulares intensamente corados em azul (ap\u00f3s colora\u00e7\u00e3o por hematoxilina e eosina) no interior dos n\u00facleos. Cada n\u00facleo pode ter v\u00e1rios nucl\u00e9olos. No entanto, nem todos s\u00e3o vistos nos cortes por que alguns est\u00e3o presentes nas por\u00e7\u00f5es dos n\u00facleos que ficaram fora dos cortes.<br \/>\nOs nucl\u00e9olos s\u00e3o relativamente grandes comparados com gr\u00e2nulos de heterocromatina.<br \/>\nEfeito da imagem ap\u00f3s passar o mouse ou clicar &#8211; veja nucl\u00e9olos marcados em verde na figura.<\/p>\n<div>\n<div class=\"image-container\">\n<a href=\"javascript:void(0)\"><img decoding=\"async\" src=\" http:\/\/mol.icb.usp.br\/wp-content\/uploads\/1-6.jpg \" onmouseover=\"this.src=' http:\/\/mol.icb.usp.br\/wp-content\/uploads\/1-6MO.jpg'\" onmouseout=\"this.src=' http:\/\/mol.icb.usp.br\/wp-content\/uploads\/1-6.jpg'\" \/><\/a><\/div>\n<p>F\u00edgado. Colora\u00e7\u00e3o: HE. Aumento grande.<\/p>\n<p><img decoding=\"async\" src=\"http:\/\/mol.icb.usp.br\/wp-content\/uploads\/mouse-1.gif\" \/><\/p>\n<p>Al\u00e9m dos nucl\u00e9olos, os n\u00facleos cont\u00eam pequenos gr\u00e2nulos de formas e tamanhos muito vari\u00e1veis que s\u00e3o parte da <strong>cromatina condensada<\/strong>. Os cromossomos desta parte de cromatina est\u00e3o muito espiralizados e formam a <strong>heterocromatina<\/strong>.<br \/>\nO restante do n\u00facleo se cora em azul claro, de maneira homog\u00eanea e sem gr\u00e2nulos. Esta por\u00e7\u00e3o \u00e9 formada de cromatina descondensada, cujos cromossomos est\u00e3o em grande parte desespiralizados, constituindo a <strong>eucromatina<\/strong>.<br \/>\nN\u00facleos que cont\u00eam grande quantidade de heterocromatina s\u00e3o muito corados e s\u00e3o chamados <strong>n\u00facleos de cromatina densa<\/strong>. V\u00e1rios dos n\u00facleos de n\u00e3o-hepat\u00f3citos presentes na imagem t\u00eam cromatina densa. S\u00e3o n\u00facleos geralmente alongados situados nas paredes dos espa\u00e7os sangu\u00edneos.<br \/>\nN\u00facleos em que predomina eucromatina t\u00eam colora\u00e7\u00e3o mais clara e s\u00e3o chamados <strong>n\u00facleos de cromatina frouxa<\/strong>. Os n\u00facleos dos hepat\u00f3citos s\u00e3o geralmente de cromatina frouxa.<\/p>\n<\/div><\/div>\n<div><strong>Tablets e telefones celulares:<\/strong><br \/>\nClique sobre a figura para acessar outra imagem. Clique fora da figura para voltar \u00e0 primeira imagem.Para navegar no MOL, use os links ACESSAR P\u00c1GINA ANTERIOR e ACESSAR P\u00c1GINA SEGUINTE situados abaixo da figura.<\/p>\n<p><strong>NAVEGA\u00c7\u00c3O NO MOL:<\/strong><\/p>\n<p><a href=\"http:\/\/mol.icb.usp.br\/index.php\/1-5-conceitos-basicos\/\">ACESSAR P\u00c1GINA ANTERIOR<\/a><\/p>\n<p><a href=\"http:\/\/mol.icb.usp.br\/index.php\/1-7-conceitos-basicos\/\">ACESSAR P\u00c1GINA SEGUINTE<\/a><\/p>\n<p><a href=\"https:\/\/mol.icb.usp.br\/index.php\/1-0-conceitos-basicos-de-observacao-de-preparados-histologicos-ao-microscopio-de-luz\/\">MENU DO M\u00d3DULO<\/a><\/p>\n<div class=\"su-column su-column-size-1-2\"><div class=\"su-column-inner su-u-clearfix su-u-trim\">\n<\/div>\n<\/div>\n<\/div>\n<\/div><\/div>\n<\/div>\n","protected":false},"excerpt":{"rendered":"","protected":false},"author":2,"featured_media":0,"parent":0,"menu_order":0,"comment_status":"closed","ping_status":"closed","template":"","meta":{"_monsterinsights_skip_tracking":false,"_monsterinsights_sitenote_active":false,"_monsterinsights_sitenote_note":"","_monsterinsights_sitenote_category":0,"footnotes":""},"class_list":["post-276","page","type-page","status-publish","hentry"],"_links":{"self":[{"href":"https:\/\/mol.icb.usp.br\/index.php\/wp-json\/wp\/v2\/pages\/276"}],"collection":[{"href":"https:\/\/mol.icb.usp.br\/index.php\/wp-json\/wp\/v2\/pages"}],"about":[{"href":"https:\/\/mol.icb.usp.br\/index.php\/wp-json\/wp\/v2\/types\/page"}],"author":[{"embeddable":true,"href":"https:\/\/mol.icb.usp.br\/index.php\/wp-json\/wp\/v2\/users\/2"}],"replies":[{"embeddable":true,"href":"https:\/\/mol.icb.usp.br\/index.php\/wp-json\/wp\/v2\/comments?post=276"}],"version-history":[{"count":19,"href":"https:\/\/mol.icb.usp.br\/index.php\/wp-json\/wp\/v2\/pages\/276\/revisions"}],"predecessor-version":[{"id":10413,"href":"https:\/\/mol.icb.usp.br\/index.php\/wp-json\/wp\/v2\/pages\/276\/revisions\/10413"}],"wp:attachment":[{"href":"https:\/\/mol.icb.usp.br\/index.php\/wp-json\/wp\/v2\/media?parent=276"}],"curies":[{"name":"wp","href":"https:\/\/api.w.org\/{rel}","templated":true}]}}