{"id":2742,"date":"2017-09-18T15:23:47","date_gmt":"2017-09-18T18:23:47","guid":{"rendered":"http:\/\/mol.icb.usp.br\/?page_id=2742"},"modified":"2025-09-01T16:58:36","modified_gmt":"2025-09-01T19:58:36","slug":"4-19-tecido-conjuntivo","status":"publish","type":"page","link":"https:\/\/mol.icb.usp.br\/index.php\/4-19-tecido-conjuntivo\/","title":{"rendered":"4-19 Tecido conjuntivo"},"content":{"rendered":"<div class=\"su-row\">\n  <div class=\"su-column su-column-size-1-1\"><div class=\"su-column-inner su-u-clearfix su-u-trim\"> <strong>C\u00c9LULAS RESIDENTES- MACR\u00d3FAGOS &#8211; 1<\/strong><\/div><\/div>\n<\/div>\n<div class=\"su-row\">\n  <div class=\"su-column su-column-size-1-2\"><div class=\"su-column-inner su-u-clearfix su-u-trim\">\nO <strong>macr\u00f3fago<\/strong> \u00e9 uma c\u00e9lula derivada do <strong>mon\u00f3cito<\/strong>, um tipo de leuc\u00f3cito circulante formado na medula hematopoi\u00e9tica. Os mon\u00f3citos saem do sangue atravessando a parede dos vasos sangu\u00edneos e se estabelecem no tecido conjuntivo, onde se transformam em macr\u00f3fagos.<br \/>\nOs macr\u00f3fagos s\u00e3o encontrados em todos locais de tecido conjuntivo. Concentram-se em v\u00e1rios \u00f3rg\u00e3os como por exemplo o f\u00edgado, ba\u00e7o, linfonodos, onde est\u00e3o relacionados com a defesa do organismo.<br \/>\nOs macr\u00f3fagos s\u00e3o especializados em fagocitose e juntamente com os neutr\u00f3filos s\u00e3o considerados &#8220;fag\u00f3citos profissionais&#8221;, em compara\u00e7\u00e3o com c\u00e9lulas que fagocitam eventualmente ou infrequentemente. Al\u00e9m disso, secretam muitas mol\u00e9culas que atuam no processo inflamat\u00f3rio e nas respostas imunit\u00e1rias.<br \/>\nO macr\u00f3fago \u00e9 uma c\u00e9lula esf\u00e9rica e relativamente grande em compara\u00e7\u00e3o com uma hem\u00e1cia ou um linf\u00f3cito (que medem cerca de 7 \u00b5m de di\u00e2metro).<br \/>\nSeu citoplasma \u00e9 eosin\u00f3filo e seu n\u00facleo esf\u00e9rico \u00e9 \u00e0s vezes exc\u00eantrico, isto \u00e9, situa-se afastado do centro da c\u00e9lula.<br \/>\n<strong>Reconhecer um macr\u00f3fago nem sempre \u00e9 f\u00e1cil em preparados rotineiros corados por H&#038;E<\/strong>. Por imunocitoqu\u00edmica pode-se identific\u00e1-lo por meio de prote\u00ednas (marcadores) pr\u00f3prias de macr\u00f3fagos.<br \/>\nUma boa maneira para diagnosticar um macr\u00f3fago \u00e9 observar a presen\u00e7a de material fagocitado no seu citoplasma.<br \/>\nA imagem \u00e9 do f\u00edgado de um animal de laborat\u00f3rio injetado por via intravenosa com um pouco de solu\u00e7\u00e3o de um corante chamado Carmim. Macr\u00f3fagos do f\u00edgado, denominados <strong>c\u00e9lulas de Kupffer<\/strong>, fagocitaram part\u00edculas de corante vermelho presentes no sangue.<br \/>\nAs setas indicam o corante fagocitado. Os macr\u00f3fagos fagocitaram grande quantidade de corante e seus n\u00facleos foram &#8220;empurrados&#8221; para a periferia da c\u00e9lula.<br \/>\nOs n\u00facleos maiores, pouco corados, situados em torno dos macr\u00f3fagos, s\u00e3o n\u00facleos de <strong>hepat\u00f3citos<\/strong>, as c\u00e9lulas que comp\u00f5em a maioria do par\u00eanquima hep\u00e1tico. <a href=\"http:\/\/mol.icb.usp.br\/index.php\/1-4-conceitos-basicos\/\" rel=\"noopener\" target=\"_blank\">Clique aqui se quiser recordar a imagem de hepat\u00f3citos que existe no M\u00f3dulo 1<\/a>.<\/p>\n<\/div><\/div>\n  <div class=\"su-column su-column-size-1-2\"><div class=\"su-column-inner su-u-clearfix su-u-trim\"> <\/p>\n<p><img decoding=\"async\" src=\" http:\/\/mol.icb.usp.br\/wp-content\/uploads\/4-19.jpg \" \/><\/a><\/p>\n<p>F\u00edgado. Colora\u00e7\u00e3o: hematoxilina. Aumento: grande.<\/p>\n<p>Para navegar no MOL, use os links ACESSAR P\u00c1GINA ANTERIOR e ACESSAR P\u00c1GINA SEGUINTE situados abaixo da figura.<\/p>\n<p><strong>NAVEGA\u00c7\u00c3O NO MOL:<\/strong><\/p>\n<p><a href=\"http:\/\/mol.icb.usp.br\/index.php\/4-19-tecido-conjuntivo\/\">ACESSAR P\u00c1GINA ANTERIOR<\/a><\/p>\n<p><a href=\"http:\/\/mol.icb.usp.br\/index.php\/4-20-tecido-conjuntivo\/\">ACESSAR P\u00c1GINA SEGUINTE<\/a><br \/>\n<\/div><\/div>\n<\/div>\n","protected":false},"excerpt":{"rendered":"","protected":false},"author":2,"featured_media":0,"parent":0,"menu_order":0,"comment_status":"closed","ping_status":"closed","template":"","meta":{"_monsterinsights_skip_tracking":false,"_monsterinsights_sitenote_active":false,"_monsterinsights_sitenote_note":"","_monsterinsights_sitenote_category":0,"footnotes":""},"class_list":["post-2742","page","type-page","status-publish","hentry"],"_links":{"self":[{"href":"https:\/\/mol.icb.usp.br\/index.php\/wp-json\/wp\/v2\/pages\/2742"}],"collection":[{"href":"https:\/\/mol.icb.usp.br\/index.php\/wp-json\/wp\/v2\/pages"}],"about":[{"href":"https:\/\/mol.icb.usp.br\/index.php\/wp-json\/wp\/v2\/types\/page"}],"author":[{"embeddable":true,"href":"https:\/\/mol.icb.usp.br\/index.php\/wp-json\/wp\/v2\/users\/2"}],"replies":[{"embeddable":true,"href":"https:\/\/mol.icb.usp.br\/index.php\/wp-json\/wp\/v2\/comments?post=2742"}],"version-history":[{"count":16,"href":"https:\/\/mol.icb.usp.br\/index.php\/wp-json\/wp\/v2\/pages\/2742\/revisions"}],"predecessor-version":[{"id":10470,"href":"https:\/\/mol.icb.usp.br\/index.php\/wp-json\/wp\/v2\/pages\/2742\/revisions\/10470"}],"wp:attachment":[{"href":"https:\/\/mol.icb.usp.br\/index.php\/wp-json\/wp\/v2\/media?parent=2742"}],"curies":[{"name":"wp","href":"https:\/\/api.w.org\/{rel}","templated":true}]}}