{"id":2723,"date":"2017-09-18T15:04:54","date_gmt":"2017-09-18T18:04:54","guid":{"rendered":"http:\/\/mol.icb.usp.br\/?page_id=2723"},"modified":"2018-03-07T14:01:40","modified_gmt":"2018-03-07T17:01:40","slug":"4-18-tecido-conjuntivo","status":"publish","type":"page","link":"https:\/\/mol.icb.usp.br\/index.php\/4-18-tecido-conjuntivo\/","title":{"rendered":"4-18 Tecido conjuntivo"},"content":{"rendered":"<div class=\"su-row\">\n  <div class=\"su-column su-column-size-1-1\"><div class=\"su-column-inner su-u-clearfix su-u-trim\"> <strong>C\u00c9LULAS RESIDENTES &#8211; MAST\u00d3CITO<\/p>\n<p><\/strong><\/div><\/div>\n<\/div>\n<div class=\"su-row\">\n  <div class=\"su-column su-column-size-1-2\"><div class=\"su-column-inner su-u-clearfix su-u-trim\">\nO mast\u00f3cito \u00e9 uma c\u00e9lula que participa da rea\u00e7\u00e3o inflamat\u00f3ria secretando para a matriz extracelular v\u00e1rias mol\u00e9culas acumuladas em gr\u00e2nulos presentes no seu citoplasma, como por exemplo a histamina e heparina.<br \/>\n\u00c9 uma c\u00e9lula de forma ovalada, tem um n\u00facleo central ou exc\u00eantrico e uma grande quantidade de gr\u00e2nulos citoplasm\u00e1ticos. Localiza-se preferencialmente pr\u00f3ximo de vasos sangu\u00edneos.<br \/>\nO mast\u00f3cito geralmente \u00e9 reconhecido pelos seus gr\u00e2nulos. O conte\u00fado destes n\u00e3o se cora quase por hematoxilina e eosina e, portanto, o mast\u00f3cito n\u00e3o \u00e9 facilmente reconhecido em cortes corados por estes corantes.<br \/>\nPor outro lado, os gr\u00e2nulos podem ser bem evidenciados por corantes que demonstram fibras el\u00e1sticas e por corantes metacrom\u00e1ticos, como por exemplo o azul de toluidina.<br \/>\nOs corantes metacrom\u00e1ticos s\u00e3o assim chamados por que coram estruturas celulares em cor ligeiramente diferente da sua cor original, por exemplo, os gr\u00e2nulos dos mast\u00f3citos se coram em p\u00farpura pelo azul de toluidina.<br \/>\nA imagem \u00e9 de um preparado total de mesent\u00e9rio corado para demonstra\u00e7\u00e3o de fibras el\u00e1sticas. O n\u00facleo do mast\u00f3cito n\u00e3o est\u00e1 corado, por\u00e9m pode se observar como citoplasma est\u00e1 preenchido com  gr\u00e2nulos de secre\u00e7\u00e3o corados em p\u00farpura. <\/p>\n<\/div><\/div>\n  <div class=\"su-column su-column-size-1-2\"><div class=\"su-column-inner su-u-clearfix su-u-trim\"> <\/p>\n<p><img decoding=\"async\" src=\" http:\/\/mol.icb.usp.br\/wp-content\/uploads\/4-18.jpg \" \/><\/a><\/p>\n<p>Mesent\u00e9rio. Colora\u00e7\u00e3o: Weigert Aumento: grande.<\/p>\n<p><strong>NAVEGA\u00c7\u00c3O NO MOL:<\/strong><\/p>\n<p><a href=\"http:\/\/mol.icb.usp.br\/index.php\/4-17\/\">ACESSAR P\u00c1GINA ANTERIOR<\/a><\/p>\n<p><a href=\"http:\/\/mol.icb.usp.br\/index.php\/4-19-tecido-conjuntivo\/\">ACESSAR P\u00c1GINA SEGUINTE<\/a><br \/>\n<\/div><\/div>\n<\/div>\n","protected":false},"excerpt":{"rendered":"","protected":false},"author":2,"featured_media":0,"parent":0,"menu_order":0,"comment_status":"closed","ping_status":"closed","template":"","meta":{"_monsterinsights_skip_tracking":false,"_monsterinsights_sitenote_active":false,"_monsterinsights_sitenote_note":"","_monsterinsights_sitenote_category":0,"footnotes":""},"class_list":["post-2723","page","type-page","status-publish","hentry"],"_links":{"self":[{"href":"https:\/\/mol.icb.usp.br\/index.php\/wp-json\/wp\/v2\/pages\/2723"}],"collection":[{"href":"https:\/\/mol.icb.usp.br\/index.php\/wp-json\/wp\/v2\/pages"}],"about":[{"href":"https:\/\/mol.icb.usp.br\/index.php\/wp-json\/wp\/v2\/types\/page"}],"author":[{"embeddable":true,"href":"https:\/\/mol.icb.usp.br\/index.php\/wp-json\/wp\/v2\/users\/2"}],"replies":[{"embeddable":true,"href":"https:\/\/mol.icb.usp.br\/index.php\/wp-json\/wp\/v2\/comments?post=2723"}],"version-history":[{"count":6,"href":"https:\/\/mol.icb.usp.br\/index.php\/wp-json\/wp\/v2\/pages\/2723\/revisions"}],"predecessor-version":[{"id":5692,"href":"https:\/\/mol.icb.usp.br\/index.php\/wp-json\/wp\/v2\/pages\/2723\/revisions\/5692"}],"wp:attachment":[{"href":"https:\/\/mol.icb.usp.br\/index.php\/wp-json\/wp\/v2\/media?parent=2723"}],"curies":[{"name":"wp","href":"https:\/\/api.w.org\/{rel}","templated":true}]}}