{"id":2717,"date":"2017-09-17T22:02:36","date_gmt":"2017-09-18T01:02:36","guid":{"rendered":"http:\/\/mol.icb.usp.br\/?page_id=2717"},"modified":"2018-03-07T13:58:50","modified_gmt":"2018-03-07T16:58:50","slug":"4-17","status":"publish","type":"page","link":"https:\/\/mol.icb.usp.br\/index.php\/4-17\/","title":{"rendered":"4-17 Tecido conjuntivo"},"content":{"rendered":"<div class=\"su-row\">\n  <div class=\"su-column su-column-size-1-1\"><div class=\"su-column-inner su-u-clearfix su-u-trim\"> <strong>C\u00c9LULAS RESIDENTES &#8211; FIBROBLASTO E FIBR\u00d3CITO- 4<\/strong> <\/div><\/div>\n<\/div>\n<div class=\"su-row\">\n  <div class=\"su-column su-column-size-1-2\"><div class=\"su-column-inner su-u-clearfix su-u-trim\">\nAs imagens de fibroblastos observados nas figuras anteriores s\u00e3o de c\u00e9lulas em atividade secretora. Em alguns casos, como na figura da p\u00e1gina anterior, seu citoplasma \u00e9 bas\u00f3filo, indicando a presen\u00e7a de grande quantidade de RNA no citoplasma.<br \/>\nFibroblastos quiescentes ou em repouso possuem n\u00facleos delgados, de cromatina densa (bastante corada) e suas extremidades s\u00e3o frequentemente pontiagudas, diferente dos fibroblastos ativos que possuem extremidades arredondadas. S\u00e3o c\u00e9lulas chamadas <strong>fibr\u00f3citos<\/strong>. Quando requisitados voltam novamente a sua atividade secretora , passando a serem chamados de fibroblastos. <\/p>\n<p>Pode-se ver nesta imagem um fibroblasto e um fibr\u00f3cito. Aproveite para compar\u00e1-los, principalmente seus n\u00facleos, pois s\u00e3o o componente sempre vis\u00edvel:<br \/>\nfibroblasto: cromatina mais frouxa, menos corada por hematoxilina, extremidades do n\u00facleo arredondadas.<br \/>\nfibr\u00f3cito: n\u00facleo mais delgado, com cromatina densa, mais corada  extremidades do n\u00facleo agudas.<\/p>\n<p>Aproveite para observar algumas fibras col\u00e1genas ressaltadas em amarelo.<\/p>\n<\/div><\/div>\n  <div class=\"su-column su-column-size-1-2\"><div class=\"su-column-inner su-u-clearfix su-u-trim\"> <\/p>\n<div onclick>\n<div class=\"image-container\">\n<div class=\"extra\">\n<a href=\"javascript:void(0)\"><img decoding=\"async\" src=\" http:\/\/mol.icb.usp.br\/wp-content\/uploads\/4-17.jpg \" onmouseover=\"this.src=' http:\/\/mol.icb.usp.br\/wp-content\/uploads\/4-17MO.jpg'\" onmouseout=\"this.src=' http:\/\/mol.icb.usp.br\/wp-content\/uploads\/4-17.jpg'\" \/><\/a><\/div>\n<p>Tecido conjuntivo propriamente dito. Colora\u00e7\u00e3o: HE. Aumento: grande.<\/p>\n<p><img decoding=\"async\" src=\"http:\/\/mol.icb.usp.br\/wp-content\/uploads\/mouse-1.gif\"\/><\/a><\/p>\n<div onclick=\"\"><strong>Tablets e telefones celulares:<\/strong> <\/p>\n<p><strong>NAVEGA\u00c7\u00c3O NO MOL:<\/strong><\/p>\n<p><a href=\"http:\/\/mol.icb.usp.br\/index.php\/4-16-tecido-conjuntivo\/\">ACESSAR P\u00c1GINA ANTERIOR<\/a><\/p>\n<p><a href=\"http:\/\/mol.icb.usp.br\/index.php\/4-18-tecido-conjuntivo\/\">ACESSAR P\u00c1GINA SEGUINTE<\/a>\n<\/div>\n<\/div>\n<\/div>\n<p><\/body><br \/>\n<\/html> <\/div><\/div>\n<\/div>\n","protected":false},"excerpt":{"rendered":"","protected":false},"author":2,"featured_media":0,"parent":0,"menu_order":0,"comment_status":"closed","ping_status":"closed","template":"","meta":{"_monsterinsights_skip_tracking":false,"_monsterinsights_sitenote_active":false,"_monsterinsights_sitenote_note":"","_monsterinsights_sitenote_category":0,"footnotes":""},"class_list":["post-2717","page","type-page","status-publish","hentry"],"_links":{"self":[{"href":"https:\/\/mol.icb.usp.br\/index.php\/wp-json\/wp\/v2\/pages\/2717"}],"collection":[{"href":"https:\/\/mol.icb.usp.br\/index.php\/wp-json\/wp\/v2\/pages"}],"about":[{"href":"https:\/\/mol.icb.usp.br\/index.php\/wp-json\/wp\/v2\/types\/page"}],"author":[{"embeddable":true,"href":"https:\/\/mol.icb.usp.br\/index.php\/wp-json\/wp\/v2\/users\/2"}],"replies":[{"embeddable":true,"href":"https:\/\/mol.icb.usp.br\/index.php\/wp-json\/wp\/v2\/comments?post=2717"}],"version-history":[{"count":9,"href":"https:\/\/mol.icb.usp.br\/index.php\/wp-json\/wp\/v2\/pages\/2717\/revisions"}],"predecessor-version":[{"id":5690,"href":"https:\/\/mol.icb.usp.br\/index.php\/wp-json\/wp\/v2\/pages\/2717\/revisions\/5690"}],"wp:attachment":[{"href":"https:\/\/mol.icb.usp.br\/index.php\/wp-json\/wp\/v2\/media?parent=2717"}],"curies":[{"name":"wp","href":"https:\/\/api.w.org\/{rel}","templated":true}]}}