{"id":2706,"date":"2017-09-17T20:38:46","date_gmt":"2017-09-17T23:38:46","guid":{"rendered":"http:\/\/mol.icb.usp.br\/?page_id=2706"},"modified":"2018-03-07T13:49:36","modified_gmt":"2018-03-07T16:49:36","slug":"4-15-tecido-conjuntivo","status":"publish","type":"page","link":"https:\/\/mol.icb.usp.br\/index.php\/4-15-tecido-conjuntivo\/","title":{"rendered":"4-15 Tecido conjuntivo"},"content":{"rendered":"<div class=\"su-row\">\n  <div class=\"su-column su-column-size-1-1\"><div class=\"su-column-inner su-u-clearfix su-u-trim\"> <strong>C\u00c9LULAS RESIDENTES &#8211; FIBROBLASTO &#8211; 2<\/strong> <\/div><\/div>\n<\/div>\n<div class=\"su-row\">\n  <div class=\"su-column su-column-size-1-2\"><div class=\"su-column-inner su-u-clearfix su-u-trim\"> Na imagem h\u00e1 tr\u00eas <strong>fibroblastos<\/strong>. Est\u00e3o situados entre fibras col\u00e1genas. Coloque e tire o cursor de sobre a figura repetidas vezes para observar as caracter\u00edsticas que ser\u00e3o descritas.<br \/>\nO citoplasma dos fibroblastos \u00e9 muito delgado e se cora de maneira semelhante \u00e0s fibras col\u00e1genas. Por estas raz\u00f5es nem sempre se observa o citoplasma destas c\u00e9lulas.<br \/>\nOs fibroblastos possuem muitos prolongamentos, por\u00e9m s\u00e3o muito delgados e s\u00e3o dificilmente observados em cortes. Uma pequena por\u00e7\u00e3o de citoplasma pode ser \u00e0s vezes observada em torno das extremidades dos n\u00facleos.<\/p>\n<p>Os fibroblastos presentes na imagem desta e das p\u00e1ginas foram cuidadosamente selecionados por apresentaram  citoplasma mais evidente do que geralmente ocorre nos cortes.<br \/>\nO citoplasma est\u00e1 ressaltado em verde ap\u00f3s colocar o cursor ou clicar sobre a figura. N\u00facleos ficam ressaltados em cor cinza.<br \/>\nUm deles, posicionado verticalmente na figura, mostra n\u00facleo e citoplasma. Seu n\u00facleo \u00e9 el\u00edptico com extremidades arredondadas.<br \/>\nH\u00e1 um fibroblasto imediatamente \u00e0 direita do anterior cujo n\u00facleo forma um \u00e2ngulo. Seu citoplasma n\u00e3o \u00e9 vis\u00edvel.<br \/>\nO terceiro fibroblasto est\u00e1 no canto inferior esquerdo da figura. Seu n\u00facleo \u00e9 bem vis\u00edvel, mas muito pouco de seu citoplasma pode ser observado.<\/p>\n<\/div><\/div>\n  <div class=\"su-column su-column-size-1-2\"><div class=\"su-column-inner su-u-clearfix su-u-trim\"> <\/p>\n<div onclick>\n<div class=\"image-container\">\n<div class=\"extra\">\n<a href=\"javascript:void(0)\"><img decoding=\"async\" src=\" http:\/\/mol.icb.usp.br\/wp-content\/uploads\/4-15.jpg \" onmouseover=\"this.src=' http:\/\/mol.icb.usp.br\/wp-content\/uploads\/4-15MO.jpg'\" onmouseout=\"this.src=' http:\/\/mol.icb.usp.br\/wp-content\/uploads\/4-15.jpg'\" \/><\/a><\/div>\n<p>Tecido conjuntivo propriamente dito. Colora\u00e7\u00e3o: HE. Aumento: grande.<\/p>\n<p><img decoding=\"async\" src=\"http:\/\/mol.icb.usp.br\/wp-content\/uploads\/mouse-1.gif\"\/><\/a><\/p>\n<div onclick=\"\"><strong>Tablets e telefones celulares:<\/strong><br \/>\nClique sobre a figura para acessar outra imagem. Clique fora da figura para voltar \u00e0 primeira imagem.<\/p>\n<p>Para navegar no MOL, use os links ACESSAR P\u00c1GINA ANTERIOR e ACESSAR P\u00c1GINA SEGUINTE situados abaixo da figura.<\/p>\n<p><strong>NAVEGA\u00c7\u00c3O NO MOL:<\/strong><\/p>\n<p><a href=\"http:\/\/mol.icb.usp.br\/index.php\/4-14-tecido-conjuntivo\/\">ACESSAR P\u00c1GINA ANTERIOR<\/a><\/p>\n<p><a href=\"http:\/\/mol.icb.usp.br\/index.php\/4-16-tecido-conjuntivo\/\">ACESSAR P\u00c1GINA SEGUINTE<\/a>\n<\/div>\n<\/div>\n<\/div>\n<p><\/body><br \/>\n<\/html> <\/div><\/div>\n<\/div>\n","protected":false},"excerpt":{"rendered":"","protected":false},"author":2,"featured_media":0,"parent":0,"menu_order":0,"comment_status":"closed","ping_status":"closed","template":"","meta":{"_monsterinsights_skip_tracking":false,"_monsterinsights_sitenote_active":false,"_monsterinsights_sitenote_note":"","_monsterinsights_sitenote_category":0,"footnotes":""},"class_list":["post-2706","page","type-page","status-publish","hentry"],"_links":{"self":[{"href":"https:\/\/mol.icb.usp.br\/index.php\/wp-json\/wp\/v2\/pages\/2706"}],"collection":[{"href":"https:\/\/mol.icb.usp.br\/index.php\/wp-json\/wp\/v2\/pages"}],"about":[{"href":"https:\/\/mol.icb.usp.br\/index.php\/wp-json\/wp\/v2\/types\/page"}],"author":[{"embeddable":true,"href":"https:\/\/mol.icb.usp.br\/index.php\/wp-json\/wp\/v2\/users\/2"}],"replies":[{"embeddable":true,"href":"https:\/\/mol.icb.usp.br\/index.php\/wp-json\/wp\/v2\/comments?post=2706"}],"version-history":[{"count":12,"href":"https:\/\/mol.icb.usp.br\/index.php\/wp-json\/wp\/v2\/pages\/2706\/revisions"}],"predecessor-version":[{"id":5683,"href":"https:\/\/mol.icb.usp.br\/index.php\/wp-json\/wp\/v2\/pages\/2706\/revisions\/5683"}],"wp:attachment":[{"href":"https:\/\/mol.icb.usp.br\/index.php\/wp-json\/wp\/v2\/media?parent=2706"}],"curies":[{"name":"wp","href":"https:\/\/api.w.org\/{rel}","templated":true}]}}