{"id":2690,"date":"2017-09-17T20:26:11","date_gmt":"2017-09-17T23:26:11","guid":{"rendered":"http:\/\/mol.icb.usp.br\/?page_id=2690"},"modified":"2018-03-06T22:16:19","modified_gmt":"2018-03-07T01:16:19","slug":"4-14-tecido-conjuntivo","status":"publish","type":"page","link":"https:\/\/mol.icb.usp.br\/index.php\/4-14-tecido-conjuntivo\/","title":{"rendered":"4-14 Tecido conjuntivo"},"content":{"rendered":"<div class=\"su-row\">\n  <div class=\"su-column su-column-size-1-1\"><div class=\"su-column-inner su-u-clearfix su-u-trim\"> <strong>C\u00c9LULAS RESIDENTES &#8211; FIBROBLASTO &#8211; 1<\/strong> <\/div><\/div>\n<\/div>\n<div class=\"su-row\">\n  <div class=\"su-column su-column-size-1-2\"><div class=\"su-column-inner su-u-clearfix su-u-trim\">\nO tipo de tecido conjuntivo que foi analisado at\u00e9 o momento neste m\u00f3dulo \u00e9 o tipo mais comum de tecido conjuntivo n\u00e3o especializado, chamado <strong>Tecido conjuntivo propriamente dito<\/strong>. \u00c9 encontrado na pele, no interior e em torno dos \u00f3rg\u00e3os, nas paredes de vasos.<br \/>\nA c\u00e9lula mais comum deste tecido \u00e9 o <strong>fibroblasto<\/strong>. \u00c9 a c\u00e9lula mais frequente na imagem ao lado cujos n\u00facleos alongados s\u00e3o observados mesmo em aumentos pequenos.<br \/>\nO fibroblasto \u00e9 uma c\u00e9lula muito importante para este tecido (e para o organismo como um todo), pois sintetiza e secreta a maior parte da sua matriz extracelular e tamb\u00e9m digere e reabsorve a matriz. Portanto, al\u00e9m de produzir, o fibroblasto controla a quantidade e a qualidade da matriz, obedecendo a sinais emitidos pelo organismo ou a sinais originados localmente.<br \/>\nObserve com aten\u00e7\u00e3o esta imagem &#8211; h\u00e1 dois componentes principais. Procure distingui-los:<br \/>\n1 &#8211; <strong>fibras col\u00e1genas<\/strong>, acid\u00f3filas, coradas em rosa pela eosina. S\u00e3o fibras de tamanho, espessura e dire\u00e7\u00e3o vari\u00e1veis.<br \/>\n2 &#8211; <strong>fibroblastos<\/strong>, que s\u00e3o a maioria das c\u00e9lulas presentes nesta imagem. S\u00e3o reconhecidas pelos seus n\u00facleos, pois o seu citoplasma praticamente n\u00e3o \u00e9 vis\u00edvel, pois \u00e9 muito delgado.<\/p>\n<\/div><\/div>\n  <div class=\"su-column su-column-size-1-2\"><div class=\"su-column-inner su-u-clearfix su-u-trim\"> <\/p>\n<p><img decoding=\"async\" src=\" http:\/\/mol.icb.usp.br\/wp-content\/uploads\/4-14.jpg \" \/><\/a><\/p>\n<p>Tecido conjuntivo propriamente dito. Colora\u00e7\u00e3o: HE. Aumento: pequeno.<\/p>\n<p><strong>NAVEGA\u00c7\u00c3O NO MOL:<\/strong><\/p>\n<p><a href=\"http:\/\/mol.icb.usp.br\/index.php\/4-13-tecido-conjuntivo\/\">ACESSAR P\u00c1GINA ANTERIOR<\/a><\/p>\n<p><a href=\"http:\/\/mol.icb.usp.br\/index.php\/4-15-tecido-conjuntivo\/\">ACESSAR P\u00c1GINA SEGUINTE<\/a><br \/>\n<\/div><\/div>\n<\/div>\n","protected":false},"excerpt":{"rendered":"","protected":false},"author":2,"featured_media":0,"parent":0,"menu_order":0,"comment_status":"closed","ping_status":"closed","template":"","meta":{"_monsterinsights_skip_tracking":false,"_monsterinsights_sitenote_active":false,"_monsterinsights_sitenote_note":"","_monsterinsights_sitenote_category":0,"footnotes":""},"class_list":["post-2690","page","type-page","status-publish","hentry"],"_links":{"self":[{"href":"https:\/\/mol.icb.usp.br\/index.php\/wp-json\/wp\/v2\/pages\/2690"}],"collection":[{"href":"https:\/\/mol.icb.usp.br\/index.php\/wp-json\/wp\/v2\/pages"}],"about":[{"href":"https:\/\/mol.icb.usp.br\/index.php\/wp-json\/wp\/v2\/types\/page"}],"author":[{"embeddable":true,"href":"https:\/\/mol.icb.usp.br\/index.php\/wp-json\/wp\/v2\/users\/2"}],"replies":[{"embeddable":true,"href":"https:\/\/mol.icb.usp.br\/index.php\/wp-json\/wp\/v2\/comments?post=2690"}],"version-history":[{"count":5,"href":"https:\/\/mol.icb.usp.br\/index.php\/wp-json\/wp\/v2\/pages\/2690\/revisions"}],"predecessor-version":[{"id":5673,"href":"https:\/\/mol.icb.usp.br\/index.php\/wp-json\/wp\/v2\/pages\/2690\/revisions\/5673"}],"wp:attachment":[{"href":"https:\/\/mol.icb.usp.br\/index.php\/wp-json\/wp\/v2\/media?parent=2690"}],"curies":[{"name":"wp","href":"https:\/\/api.w.org\/{rel}","templated":true}]}}