{"id":2675,"date":"2017-09-08T18:16:28","date_gmt":"2017-09-08T21:16:28","guid":{"rendered":"http:\/\/mol.icb.usp.br\/?page_id=2675"},"modified":"2018-03-06T22:12:11","modified_gmt":"2018-03-07T01:12:11","slug":"4-12-tecido-conjuntivo","status":"publish","type":"page","link":"https:\/\/mol.icb.usp.br\/index.php\/4-12-tecido-conjuntivo\/","title":{"rendered":"4-12 Tecido conjuntivo"},"content":{"rendered":"<div class=\"su-row\">\n  <div class=\"su-column su-column-size-1-1\"><div class=\"su-column-inner su-u-clearfix su-u-trim\"> <strong>FIBRAS RETICULARES-1<\/strong> <\/div><\/div>\n<\/div>\n<div class=\"su-row\">\n  <div class=\"su-column su-column-size-1-2\"><div class=\"su-column-inner su-u-clearfix su-u-trim\">\nAs <strong>fibras reticulares<\/strong> s\u00e3o muito delgadas e formam redes tridimensionais em cujas malhas se alojam c\u00e9lulas. Estas fibras s\u00e3o encontradas em v\u00e1rios locais do organismo e, de maneira concentrada, nos \u00f3rg\u00e3os linfoides (ba\u00e7o, linfonodos), nos rins, f\u00edgado, musculatura lisa.<br \/>\nA imagem \u00e9 de dois aumentos de um ba\u00e7o, um \u00f3rg\u00e3o em que predominam linf\u00f3citos. Os linf\u00f3citos s\u00e3o c\u00e9lulas livres migrat\u00f3rias e no ba\u00e7o ocupam os espa\u00e7os formados pela delicada malha formadas por suas fibras reticulares.<br \/>\nObserve no aumento pequeno a rede que se estende pelo \u00f3rg\u00e3o inteiro e que tem alguns locais mais escuros de concentra\u00e7\u00e3o de fibras. No aumento maior nota-se a delicadeza das fibras e as malhas por elas formadas.<br \/>\nAs fibras reticulares destas imagens aparecem escuras, de cor marrom ou pretas, por\u00e9m n\u00e3o foram coradas em seu senso estrito. Os cortes foram submetidos a uma t\u00e9cnica de impregna\u00e7\u00e3o met\u00e1lica durante a qual prata met\u00e1lica precipita sobre as fibras. Por esta raz\u00e3o s\u00e3o tamb\u00e9m denominadas <strong>fibras argir\u00f3filas<\/strong>.<\/p>\n<\/div><\/div>\n  <div class=\"su-column su-column-size-1-2\"><div class=\"su-column-inner su-u-clearfix su-u-trim\"> <\/p>\n<p><img decoding=\"async\" src=\" http:\/\/mol.icb.usp.br\/wp-content\/uploads\/4-12.jpg \" \/><\/a><\/p>\n<p>Fibras reticulares. Impregna\u00e7\u00e3o met\u00e1lica. Aumentos pequeno\/m\u00e9dio.<\/p>\n<p>Para navegar no MOL, use os links ACESSAR P\u00c1GINA ANTERIOR e ACESSAR P\u00c1GINA SEGUINTE situados abaixo da figura.<\/p>\n<p><strong>NAVEGA\u00c7\u00c3O NO MOL:<\/strong><\/p>\n<p><a href=\"http:\/\/mol.icb.usp.br\/index.php\/4-11-tecido-conjuntivo\/\">ACESSAR P\u00c1GINA ANTERIOR<\/a><\/p>\n<p><a href=\"http:\/\/mol.icb.usp.br\/index.php\/4-13-tecido-conjuntivo\/\">ACESSAR P\u00c1GINA SEGUINTE<\/a><br \/>\n<\/div><\/div>\n<\/div>\n","protected":false},"excerpt":{"rendered":"","protected":false},"author":2,"featured_media":0,"parent":0,"menu_order":0,"comment_status":"closed","ping_status":"closed","template":"","meta":{"_monsterinsights_skip_tracking":false,"_monsterinsights_sitenote_active":false,"_monsterinsights_sitenote_note":"","_monsterinsights_sitenote_category":0,"footnotes":""},"class_list":["post-2675","page","type-page","status-publish","hentry"],"_links":{"self":[{"href":"https:\/\/mol.icb.usp.br\/index.php\/wp-json\/wp\/v2\/pages\/2675"}],"collection":[{"href":"https:\/\/mol.icb.usp.br\/index.php\/wp-json\/wp\/v2\/pages"}],"about":[{"href":"https:\/\/mol.icb.usp.br\/index.php\/wp-json\/wp\/v2\/types\/page"}],"author":[{"embeddable":true,"href":"https:\/\/mol.icb.usp.br\/index.php\/wp-json\/wp\/v2\/users\/2"}],"replies":[{"embeddable":true,"href":"https:\/\/mol.icb.usp.br\/index.php\/wp-json\/wp\/v2\/comments?post=2675"}],"version-history":[{"count":9,"href":"https:\/\/mol.icb.usp.br\/index.php\/wp-json\/wp\/v2\/pages\/2675\/revisions"}],"predecessor-version":[{"id":5668,"href":"https:\/\/mol.icb.usp.br\/index.php\/wp-json\/wp\/v2\/pages\/2675\/revisions\/5668"}],"wp:attachment":[{"href":"https:\/\/mol.icb.usp.br\/index.php\/wp-json\/wp\/v2\/media?parent=2675"}],"curies":[{"name":"wp","href":"https:\/\/api.w.org\/{rel}","templated":true}]}}