{"id":2607,"date":"2017-09-07T17:06:57","date_gmt":"2017-09-07T20:06:57","guid":{"rendered":"http:\/\/mol.icb.usp.br\/?page_id=2607"},"modified":"2018-03-06T22:06:32","modified_gmt":"2018-03-07T01:06:32","slug":"4-8-tecido-conjuntivo","status":"publish","type":"page","link":"https:\/\/mol.icb.usp.br\/index.php\/4-8-tecido-conjuntivo\/","title":{"rendered":"4-8 Tecido conjuntivo"},"content":{"rendered":"<div class=\"su-row\">\n  <div class=\"su-column su-column-size-1-1\"><div class=\"su-column-inner su-u-clearfix su-u-trim\"> <strong>MATERIAL EL\u00c1STICO NA AORTA<\/strong> <\/div><\/div>\n<\/div>\n<div class=\"su-row\">\n  <div class=\"su-column su-column-size-1-2\"><div class=\"su-column-inner su-u-clearfix su-u-trim\"> Um local que cont\u00e9m grande quantidade de material el\u00e1stico \u00e9 a <strong>parede da aorta<\/strong> e a <strong>parede do in\u00edcio de seus ramos mais importantes<\/strong>.<br \/>\nUm corte transversal da aorta mostra em sua t\u00fanica m\u00e9dia uma grande quantidade de linhas de material que se cora positivamente para fibras el\u00e1sticas. Estas linhas s\u00e3o paralelas e conc\u00eantricas em rela\u00e7\u00e3o \u00e0 luz da aorta. Uma an\u00e1lise tridimensional mostrou que estas linhas s\u00e3o na realidade <strong>placas de material el\u00e1stico<\/strong>. N\u00e3o s\u00e3o, portanto, fibras, mas a sua constitui\u00e7\u00e3o \u00e9 semelhante \u00e0 das fibras j\u00e1 vistas anteriormente.<br \/>\nAs figuras mostram regi\u00f5es da parede da aorta em tr\u00eas diferentes aumentos. Observe as placas de material el\u00e1stico. <\/p>\n<p>A import\u00e2ncia desta grande quantidade de placas \u00e9 a seguinte:<br \/>\n&#8211; ap\u00f3s a s\u00edstole (contra\u00e7\u00e3o) o cora\u00e7\u00e3o lan\u00e7a um certo volume de sangue na aorta;<br \/>\n&#8211; neste momento a parede da aorta se dilata;<br \/>\n&#8211; ap\u00f3s a passagem do sangue a parede volta a seu calibre anterior gra\u00e7as ao material el\u00e1stico de suas paredes, at\u00e9 que ocorra a pr\u00f3xima s\u00edstole.<br \/>\nCom isto, ap\u00f3s cada s\u00edstole h\u00e1 um certo aumento da press\u00e3o arterial (press\u00e3o sist\u00f3lica) que logo depois volta para um n\u00edvel inferior (press\u00e3o diast\u00f3lica).<\/p>\n<p>Veja o que aconteceria se a parede da aorta n\u00e3o passasse por este ciclo de ceder, dilatar e voltar ao calibre anterior:<br \/>\n&#8211; o fluxo do sangue se comportaria como se estivesse no interior de um tubo de paredes r\u00edgidas, como por exemplo um tubo de pl\u00e1stico que conduz \u00e1gua. A press\u00e3o na aorta subiria muito ap\u00f3s a s\u00edstole e cairia muito durante a di\u00e1stole.<br \/>\n&#8211; no restante das art\u00e9rias e capilares o sangue avan\u00e7aria aos saltos de s\u00edstole em s\u00edstole, em vez de manter o fluxo cont\u00ednuo proporcionado pela elasticidade da parede da aorta.<\/p>\n<\/div><\/div>\n  <div class=\"su-column su-column-size-1-2\"><div class=\"su-column-inner su-u-clearfix su-u-trim\"> <\/p>\n<p><img decoding=\"async\" src=\"http:\/\/mol.icb.usp.br\/wp-content\/uploads\/4-8.jpg\"\/><\/a><\/p>\n<p>Aorta. Colora\u00e7\u00e3o: Weigert. Aumento: Vis\u00e3o panor\u00e2mica, m\u00e9dio, grande.<\/p>\n<p><strong>NAVEGA\u00c7\u00c3O NO MOL:<\/strong><\/p>\n<p><a href=\"http:\/\/mol.icb.usp.br\/index.php\/4-7-tecido-conjuntivo\/\">ACESSAR P\u00c1GINA ANTERIOR<\/a><\/p>\n<p><a href=\"http:\/\/mol.icb.usp.br\/index.php\/4-9-tecido-conjuntivo\/\">ACESSAR P\u00c1GINA SEGUINTE<\/a>\n<\/div>\n<\/div>\n<\/div>\n<p><\/body><br \/>\n<\/html> <\/div><\/div>\n<\/div>\n","protected":false},"excerpt":{"rendered":"","protected":false},"author":2,"featured_media":0,"parent":0,"menu_order":0,"comment_status":"closed","ping_status":"closed","template":"","meta":{"_monsterinsights_skip_tracking":false,"_monsterinsights_sitenote_active":false,"_monsterinsights_sitenote_note":"","_monsterinsights_sitenote_category":0,"footnotes":""},"class_list":["post-2607","page","type-page","status-publish","hentry"],"_links":{"self":[{"href":"https:\/\/mol.icb.usp.br\/index.php\/wp-json\/wp\/v2\/pages\/2607"}],"collection":[{"href":"https:\/\/mol.icb.usp.br\/index.php\/wp-json\/wp\/v2\/pages"}],"about":[{"href":"https:\/\/mol.icb.usp.br\/index.php\/wp-json\/wp\/v2\/types\/page"}],"author":[{"embeddable":true,"href":"https:\/\/mol.icb.usp.br\/index.php\/wp-json\/wp\/v2\/users\/2"}],"replies":[{"embeddable":true,"href":"https:\/\/mol.icb.usp.br\/index.php\/wp-json\/wp\/v2\/comments?post=2607"}],"version-history":[{"count":8,"href":"https:\/\/mol.icb.usp.br\/index.php\/wp-json\/wp\/v2\/pages\/2607\/revisions"}],"predecessor-version":[{"id":5662,"href":"https:\/\/mol.icb.usp.br\/index.php\/wp-json\/wp\/v2\/pages\/2607\/revisions\/5662"}],"wp:attachment":[{"href":"https:\/\/mol.icb.usp.br\/index.php\/wp-json\/wp\/v2\/media?parent=2607"}],"curies":[{"name":"wp","href":"https:\/\/api.w.org\/{rel}","templated":true}]}}