{"id":2598,"date":"2017-09-07T16:57:58","date_gmt":"2017-09-07T19:57:58","guid":{"rendered":"http:\/\/mol.icb.usp.br\/?page_id=2598"},"modified":"2018-03-06T21:59:18","modified_gmt":"2018-03-07T00:59:18","slug":"4-7-tecido-conjuntivo","status":"publish","type":"page","link":"https:\/\/mol.icb.usp.br\/index.php\/4-7-tecido-conjuntivo\/","title":{"rendered":"4-7 Tecido conjuntivo"},"content":{"rendered":"<div class=\"su-row\">\n  <div class=\"su-column su-column-size-1-1\"><div class=\"su-column-inner su-u-clearfix su-u-trim\"> <strong>FIBRAS EL\u00c1STICAS<\/strong> <\/div><\/div>\n<\/div>\n<div class=\"su-row\">\n  <div class=\"su-column su-column-size-1-2\"><div class=\"su-column-inner su-u-clearfix su-u-trim\"> H\u00e1 muitas fibras el\u00e1sticas em locais do organismo sujeitos a movimenta\u00e7\u00e3o. O mesent\u00e9rio \u00e9 um deles, pois ele acompanha o movimento das al\u00e7as intestinais. Esta p\u00e1gina oferece dois outros exemplos significativos.<\/p>\n<p>O pulm\u00e3o sofre distens\u00e3o a cada movimento de inspira\u00e7\u00e3o e retorna a seu tamanho original ap\u00f3s a expira\u00e7\u00e3o. Este retorno se deve em grande parte \u00e0 grande riqueza de fibras el\u00e1sticas no pulm\u00e3o. As fibras el\u00e1sticas s\u00e3o estiradas na inspira\u00e7\u00e3o e voltam a sua forma durante a expira\u00e7\u00e3o.<\/p>\n<p>A imagem superior \u00e9 de um <strong>pulm\u00e3o<\/strong>. Podem ser observadas fibras el\u00e1sticas nas paredes de um bronqu\u00edolo e dos alv\u00e9olos pulmonares. S\u00e3o as delgadas fibras mais coradas.<\/p>\n<p>A imagem inferior \u00e9 de uma traqueia que, como o pulm\u00e3o e os outros dutos extrapulmonares, possui muitas fibras el\u00e1sticas. S\u00e3o a fibras de colora\u00e7\u00e3o mais acentuada.<\/p>\n<\/div><\/div>\n  <div class=\"su-column su-column-size-1-2\"><div class=\"su-column-inner su-u-clearfix su-u-trim\"> <\/p>\n<div onclick>\n<div class=\"image-container\">\n<div class=\"extra\">\n<a href=\"javascript:void(0)\"><img decoding=\"async\" src=\" http:\/\/mol.icb.usp.br\/wp-content\/uploads\/4-7.jpg \" onmouseover=\"this.src=' http:\/\/mol.icb.usp.br\/wp-content\/uploads\/4-7MO.jpg'\" onmouseout=\"this.src=' http:\/\/mol.icb.usp.br\/wp-content\/uploads\/4-7.jpg'\" \/><\/a><\/div>\n<p>Pulm\u00e3o. Colora\u00e7\u00e3o: Weigert. Aumento: m\u00e9dio.<\/p>\n<p><img decoding=\"async\" src=\"http:\/\/mol.icb.usp.br\/wp-content\/uploads\/mouse-1.gif\"\/><\/a><\/p>\n<p><img decoding=\"async\" src=\"http:\/\/mol.icb.usp.br\/wp-content\/uploads\/4-7B.jpg\"\/><\/a><\/p>\n<p>Traqueia. Colora\u00e7\u00e3o: Weigert. Aumento: m\u00e9dio.<\/p>\n<div onclick=\"\"><strong>Tablets e telefones celulares:<\/strong><br \/>\nClique sobre a figura para acessar outra imagem. Clique fora da figura para voltar \u00e0 primeira imagem.<\/p>\n<p>Para navegar no MOL, use os links ACESSAR P\u00c1GINA ANTERIOR e ACESSAR P\u00c1GINA SEGUINTE situados abaixo da figura.<\/p>\n<p><strong>NAVEGA\u00c7\u00c3O NO MOL:<\/strong><\/p>\n<p><a href=\"http:\/\/mol.icb.usp.br\/index.php\/4-6-tecido-conjuntivo\/\">ACESSAR P\u00c1GINA ANTERIOR<\/a><\/p>\n<p><a href=\"http:\/\/mol.icb.usp.br\/index.php\/4-8-tecido-conjuntivo\/\">ACESSAR P\u00c1GINA SEGUINTE<\/a>\n<\/div>\n<\/div>\n<\/div>\n<p><\/body><br \/>\n<\/html> <\/div><\/div>\n<\/div>\n","protected":false},"excerpt":{"rendered":"","protected":false},"author":2,"featured_media":0,"parent":0,"menu_order":0,"comment_status":"closed","ping_status":"closed","template":"","meta":{"_monsterinsights_skip_tracking":false,"_monsterinsights_sitenote_active":false,"_monsterinsights_sitenote_note":"","_monsterinsights_sitenote_category":0,"footnotes":""},"class_list":["post-2598","page","type-page","status-publish","hentry"],"_links":{"self":[{"href":"https:\/\/mol.icb.usp.br\/index.php\/wp-json\/wp\/v2\/pages\/2598"}],"collection":[{"href":"https:\/\/mol.icb.usp.br\/index.php\/wp-json\/wp\/v2\/pages"}],"about":[{"href":"https:\/\/mol.icb.usp.br\/index.php\/wp-json\/wp\/v2\/types\/page"}],"author":[{"embeddable":true,"href":"https:\/\/mol.icb.usp.br\/index.php\/wp-json\/wp\/v2\/users\/2"}],"replies":[{"embeddable":true,"href":"https:\/\/mol.icb.usp.br\/index.php\/wp-json\/wp\/v2\/comments?post=2598"}],"version-history":[{"count":5,"href":"https:\/\/mol.icb.usp.br\/index.php\/wp-json\/wp\/v2\/pages\/2598\/revisions"}],"predecessor-version":[{"id":5661,"href":"https:\/\/mol.icb.usp.br\/index.php\/wp-json\/wp\/v2\/pages\/2598\/revisions\/5661"}],"wp:attachment":[{"href":"https:\/\/mol.icb.usp.br\/index.php\/wp-json\/wp\/v2\/media?parent=2598"}],"curies":[{"name":"wp","href":"https:\/\/api.w.org\/{rel}","templated":true}]}}