{"id":2471,"date":"2017-08-20T18:20:03","date_gmt":"2017-08-20T21:20:03","guid":{"rendered":"http:\/\/mol.icb.usp.br\/?page_id=2471"},"modified":"2018-02-12T15:12:01","modified_gmt":"2018-02-12T17:12:01","slug":"13-3-7-odontogenese","status":"publish","type":"page","link":"https:\/\/mol.icb.usp.br\/index.php\/13-3-7-odontogenese\/","title":{"rendered":"13-3-7 Odontog\u00eanese"},"content":{"rendered":"<div class=\"su-row\">\n  <div class=\"su-column su-column-size-1-1\"><div class=\"su-column-inner su-u-clearfix su-u-trim\"> <strong>DESENVOLVIMENTO &#8211; 7: FASE DE CAPUZ <\/strong> <\/div><\/div>\n<\/div>\n<div class=\"su-row\">\n  <div class=\"su-column su-column-size-1-2\"><div class=\"su-column-inner su-u-clearfix su-u-trim\"> <\/p>\n<div onclick>\n<div class=\"image-container\">\n<div class=\"extra\">\n<a href=\"javascript:void(0)\"><img decoding=\"async\" src=\" http:\/\/mol.icb.usp.br\/wp-content\/uploads\/13-3-7.jpg \" onmouseover=\"this.src=' http:\/\/mol.icb.usp.br\/wp-content\/uploads\/13-3-7-MO.jpg'\" onmouseout=\"this.src=' http:\/\/mol.icb.usp.br\/wp-content\/uploads\/13-3-7.jpg'\" \/><\/a><\/div>\n<p>Cabe\u00e7a de embri\u00e3o. Colora\u00e7\u00e3o: HE. Aumento: m\u00e9dio.<\/p>\n<p><img decoding=\"async\" src=\"http:\/\/mol.icb.usp.br\/wp-content\/uploads\/mouse-1.gif\"\/><\/a><\/p>\n<div onclick=\"\">\n<p>Nessa fase h\u00e1 uma condensa\u00e7\u00e3o das c\u00e9lulas do ectomes\u00eanquima dando origem a <strong>papila dent\u00e1ria<\/strong> (azul).O <strong>fol\u00edculo dent\u00e1rio<\/strong>, ressaltado na imagem ao lado pela cor marrom, \u00e9 formado devido uma condensa\u00e7\u00e3o e alinhamento das c\u00e9lulas do  ectomens\u00eanquima que circunda tanto o \u00f3rg\u00e3o do esmalte como a papila dent\u00e1ria, desenvolvendo assim  uma c\u00e1psula que separa esse germe dent\u00e1rio do restante do ectomens\u00eaquima da maxila ou mand\u00edbula.<\/p>\n<\/p>\n<p>Para navegar no MOL, use os links ACESSAR P\u00c1GINA ANTERIOR e ACESSAR P\u00c1GINA SEGUINTE situados abaixo da figura.<\/p>\n<p><strong>NAVEGA\u00c7\u00c3O NO MOL:<\/strong><\/p>\n<p><a href=\"http:\/\/mol.icb.usp.br\/index.php\/13-3-6-odontogenese\/\">ACESSAR P\u00c1GINA ANTERIOR<\/a><\/p>\n<p><a href=\"http:\/\/mol.icb.usp.br\/index.php\/13-3-8-odontogenese\/\">ACESSAR P\u00c1GINA SEGUINTE<\/a>\n<\/div>\n<\/div>\n<\/div>\n<p><\/body><br \/>\n<\/html> <\/div><\/div>\n<\/div>\n","protected":false},"excerpt":{"rendered":"","protected":false},"author":2,"featured_media":0,"parent":0,"menu_order":0,"comment_status":"closed","ping_status":"closed","template":"","meta":{"_monsterinsights_skip_tracking":false,"_monsterinsights_sitenote_active":false,"_monsterinsights_sitenote_note":"","_monsterinsights_sitenote_category":0,"footnotes":""},"class_list":["post-2471","page","type-page","status-publish","hentry"],"_links":{"self":[{"href":"https:\/\/mol.icb.usp.br\/index.php\/wp-json\/wp\/v2\/pages\/2471"}],"collection":[{"href":"https:\/\/mol.icb.usp.br\/index.php\/wp-json\/wp\/v2\/pages"}],"about":[{"href":"https:\/\/mol.icb.usp.br\/index.php\/wp-json\/wp\/v2\/types\/page"}],"author":[{"embeddable":true,"href":"https:\/\/mol.icb.usp.br\/index.php\/wp-json\/wp\/v2\/users\/2"}],"replies":[{"embeddable":true,"href":"https:\/\/mol.icb.usp.br\/index.php\/wp-json\/wp\/v2\/comments?post=2471"}],"version-history":[{"count":7,"href":"https:\/\/mol.icb.usp.br\/index.php\/wp-json\/wp\/v2\/pages\/2471\/revisions"}],"predecessor-version":[{"id":5284,"href":"https:\/\/mol.icb.usp.br\/index.php\/wp-json\/wp\/v2\/pages\/2471\/revisions\/5284"}],"wp:attachment":[{"href":"https:\/\/mol.icb.usp.br\/index.php\/wp-json\/wp\/v2\/media?parent=2471"}],"curies":[{"name":"wp","href":"https:\/\/api.w.org\/{rel}","templated":true}]}}