{"id":2467,"date":"2017-08-20T18:13:59","date_gmt":"2017-08-20T21:13:59","guid":{"rendered":"http:\/\/mol.icb.usp.br\/?page_id=2467"},"modified":"2018-02-12T15:10:20","modified_gmt":"2018-02-12T17:10:20","slug":"13-3-6-odontogenese","status":"publish","type":"page","link":"https:\/\/mol.icb.usp.br\/index.php\/13-3-6-odontogenese\/","title":{"rendered":"13-3-6 Odontog\u00eanese"},"content":{"rendered":"<div class=\"su-row\">\n  <div class=\"su-column su-column-size-1-1\"><div class=\"su-column-inner su-u-clearfix su-u-trim\"> <strong>DESENVOLVIMENTO &#8211; 6: FASE DE CAPUZ <\/strong> <\/div><\/div>\n<\/div>\n<div class=\"su-row\">\n  <div class=\"su-column su-column-size-1-2\"><div class=\"su-column-inner su-u-clearfix su-u-trim\"> <\/p>\n<div onclick>\n<div class=\"image-container\">\n<div class=\"extra\">\n<a href=\"javascript:void(0)\"><img decoding=\"async\" src=\" http:\/\/mol.icb.usp.br\/wp-content\/uploads\/13-3-6.jpg \" onmouseover=\"this.src=' http:\/\/mol.icb.usp.br\/wp-content\/uploads\/13-3-6-MO.jpg'\" onmouseout=\"this.src=' http:\/\/mol.icb.usp.br\/wp-content\/uploads\/13-3-6.jpg'\" \/><\/a><\/div>\n<p>Cabe\u00e7a de embri\u00e3o. Colora\u00e7\u00e3o: HE. Aumento: m\u00e9dio.<\/p>\n<p><img decoding=\"async\" src=\"http:\/\/mol.icb.usp.br\/wp-content\/uploads\/mouse-1.gif\"\/><\/a><\/p>\n<div onclick=\"\">\n<p>A prolifera\u00e7\u00e3o epitelial do germe continua e come\u00e7a a adotar uma forma parecida com um chap\u00e9u, dessa maneira esse per\u00edodo do desenvolvimento dent\u00e1rio \u00e9 chamado de <strong>fase de capuz<\/strong>.<br \/>\n\tNa fase de capuz, as estruturas provenientes do epit\u00e9lio dar\u00e3o origem <strong>\u00f3rg\u00e3o epitelial do esmalte<\/strong>, que \u00e9 composto por:<br \/>\n<strong>Epit\u00e9lio interno do \u00f3rg\u00e3o do esmalte<\/strong> formado por c\u00e9lulas localizadas na concavidade adjacente \u00e0 condensa\u00e7\u00e3o ectomes\u00eanquimal (amarelo).<br \/>\n&#8211; <strong>Epit\u00e9lio externo do \u00f3rg\u00e3o do esmalte<\/strong> formado por c\u00e9lulas localizadas na convexidade externa do capuz (vermelho).<br \/>\n&#8211; <strong>Ret\u00edculo estrelado do \u00f3rg\u00e3o do esmalte<\/strong> formado por c\u00e9lulas que ficam na regi\u00e3o entre o epit\u00e9lio interno e o externo (roxo).<br \/>\nNessa fase o germe dent\u00e1rio ainda est\u00e1 ligado ao <strong>epit\u00e9lio oral<\/strong> (preto) pela <strong>l\u00e2mina dent\u00e1ria<\/strong> (laranja).<\/p>\n<\/p>\n<p>Para navegar no MOL, use os links ACESSAR P\u00c1GINA ANTERIOR e ACESSAR P\u00c1GINA SEGUINTE situados abaixo da figura.<\/p>\n<p><strong>NAVEGA\u00c7\u00c3O NO MOL:<\/strong><\/p>\n<p><a href=\"http:\/\/mol.icb.usp.br\/index.php\/13-3-5-odontogenese\/\">ACESSAR P\u00c1GINA ANTERIOR<\/a><\/p>\n<p><a href=\"http:\/\/mol.icb.usp.br\/index.php\/13-3-7-odontogenese\/\">ACESSAR P\u00c1GINA SEGUINTE<\/a>\n<\/div>\n<\/div>\n<\/div>\n<p><\/body><br \/>\n<\/html> <\/div><\/div>\n<\/div>\n","protected":false},"excerpt":{"rendered":"","protected":false},"author":2,"featured_media":0,"parent":0,"menu_order":0,"comment_status":"closed","ping_status":"closed","template":"","meta":{"_monsterinsights_skip_tracking":false,"_monsterinsights_sitenote_active":false,"_monsterinsights_sitenote_note":"","_monsterinsights_sitenote_category":0,"footnotes":""},"class_list":["post-2467","page","type-page","status-publish","hentry"],"_links":{"self":[{"href":"https:\/\/mol.icb.usp.br\/index.php\/wp-json\/wp\/v2\/pages\/2467"}],"collection":[{"href":"https:\/\/mol.icb.usp.br\/index.php\/wp-json\/wp\/v2\/pages"}],"about":[{"href":"https:\/\/mol.icb.usp.br\/index.php\/wp-json\/wp\/v2\/types\/page"}],"author":[{"embeddable":true,"href":"https:\/\/mol.icb.usp.br\/index.php\/wp-json\/wp\/v2\/users\/2"}],"replies":[{"embeddable":true,"href":"https:\/\/mol.icb.usp.br\/index.php\/wp-json\/wp\/v2\/comments?post=2467"}],"version-history":[{"count":7,"href":"https:\/\/mol.icb.usp.br\/index.php\/wp-json\/wp\/v2\/pages\/2467\/revisions"}],"predecessor-version":[{"id":5283,"href":"https:\/\/mol.icb.usp.br\/index.php\/wp-json\/wp\/v2\/pages\/2467\/revisions\/5283"}],"wp:attachment":[{"href":"https:\/\/mol.icb.usp.br\/index.php\/wp-json\/wp\/v2\/media?parent=2467"}],"curies":[{"name":"wp","href":"https:\/\/api.w.org\/{rel}","templated":true}]}}