{"id":2464,"date":"2017-08-20T18:02:56","date_gmt":"2017-08-20T21:02:56","guid":{"rendered":"http:\/\/mol.icb.usp.br\/?page_id=2464"},"modified":"2018-03-23T17:29:17","modified_gmt":"2018-03-23T20:29:17","slug":"13-3-5-odontogenese","status":"publish","type":"page","link":"https:\/\/mol.icb.usp.br\/index.php\/13-3-5-odontogenese\/","title":{"rendered":"13-3-5 Odontog\u00eanese"},"content":{"rendered":"<div class=\"su-row\">\n  <div class=\"su-column su-column-size-1-1\"><div class=\"su-column-inner su-u-clearfix su-u-trim\"> <strong>DESENVOLVIMENTO &#8211; 5: FASE DE BOT\u00c3O <\/strong> <\/div><\/div>\n<\/div>\n<div class=\"su-row\">\n  <div class=\"su-column su-column-size-1-2\"><div class=\"su-column-inner su-u-clearfix su-u-trim\"> <\/p>\n<div onclick>\n<div class=\"image-container\">\n<div class=\"extra\">\n<a href=\"javascript:void(0)\"><img decoding=\"async\" src=\" http:\/\/mol.icb.usp.br\/wp-content\/uploads\/13-3-5.jpg \" onmouseover=\"this.src=' http:\/\/mol.icb.usp.br\/wp-content\/uploads\/13-3-5-MO.jpg'\" onmouseout=\"this.src=' http:\/\/mol.icb.usp.br\/wp-content\/uploads\/13-3-5.jpg'\" \/><\/a><\/div>\n<p>Cabe\u00e7a de embri\u00e3o. Colora\u00e7\u00e3o: HE. Aumento: pequeno<\/p>\n<p><img decoding=\"async\" src=\"http:\/\/mol.icb.usp.br\/wp-content\/uploads\/mouse-1.gif\"\/><\/a><\/p>\n<div onclick=\"\">\n<p>O<strong> Epit\u00e9lio oral<\/strong> (preto) inicia uma intensa atividade mit\u00f3tica em regi\u00f5es espec\u00edficas e mergulha no ectomes\u00eanquima (mes\u00eanquima proveniente da crista neural). A <strong>l\u00e2mina dent\u00e1ria<\/strong> prim\u00e1ria inicia uma atividade mit\u00f3tica diferenciada e na oitava semana de vida intrauterina aproximadamente apresenta o in\u00edcio da forma\u00e7\u00e3o do germe dent\u00e1rio dec\u00edduo, esse per\u00edodo de desenvolvimento \u00e9 chamado de <strong>fase de bot\u00e3o<\/strong>. Nela identificamos o <strong>epit\u00e9lio<\/strong> (vermelho )e o <strong>ectomes\u00eanquima condensado<\/strong> ao redor em (amarelo).<\/p>\n<\/p>\n<p>Para navegar no MOL, use os links ACESSAR P\u00c1GINA ANTERIOR e ACESSAR P\u00c1GINA SEGUINTE situados abaixo da figura.<\/p>\n<p><strong>NAVEGA\u00c7\u00c3O NO MOL:<\/strong><\/p>\n<p><a href=\"http:\/\/mol.icb.usp.br\/index.php\/13-3-4-odontogenese\/\">ACESSAR P\u00c1GINA ANTERIOR<\/a><\/p>\n<p><a href=\"http:\/\/mol.icb.usp.br\/index.php\/13-3-6-odontogenese\/\">ACESSAR P\u00c1GINA SEGUINTE<\/a>\n<\/div>\n<\/div>\n<\/div>\n<p><\/body><br \/>\n<\/html> <\/div><\/div>\n<\/div>\n","protected":false},"excerpt":{"rendered":"","protected":false},"author":2,"featured_media":0,"parent":0,"menu_order":0,"comment_status":"closed","ping_status":"closed","template":"","meta":{"_monsterinsights_skip_tracking":false,"_monsterinsights_sitenote_active":false,"_monsterinsights_sitenote_note":"","_monsterinsights_sitenote_category":0,"footnotes":""},"class_list":["post-2464","page","type-page","status-publish","hentry"],"_links":{"self":[{"href":"https:\/\/mol.icb.usp.br\/index.php\/wp-json\/wp\/v2\/pages\/2464"}],"collection":[{"href":"https:\/\/mol.icb.usp.br\/index.php\/wp-json\/wp\/v2\/pages"}],"about":[{"href":"https:\/\/mol.icb.usp.br\/index.php\/wp-json\/wp\/v2\/types\/page"}],"author":[{"embeddable":true,"href":"https:\/\/mol.icb.usp.br\/index.php\/wp-json\/wp\/v2\/users\/2"}],"replies":[{"embeddable":true,"href":"https:\/\/mol.icb.usp.br\/index.php\/wp-json\/wp\/v2\/comments?post=2464"}],"version-history":[{"count":7,"href":"https:\/\/mol.icb.usp.br\/index.php\/wp-json\/wp\/v2\/pages\/2464\/revisions"}],"predecessor-version":[{"id":5281,"href":"https:\/\/mol.icb.usp.br\/index.php\/wp-json\/wp\/v2\/pages\/2464\/revisions\/5281"}],"wp:attachment":[{"href":"https:\/\/mol.icb.usp.br\/index.php\/wp-json\/wp\/v2\/media?parent=2464"}],"curies":[{"name":"wp","href":"https:\/\/api.w.org\/{rel}","templated":true}]}}