{"id":230,"date":"2017-05-14T11:55:14","date_gmt":"2017-05-14T14:55:14","guid":{"rendered":"http:\/\/mol.icb.usp.br\/?page_id=230"},"modified":"2025-07-18T16:02:22","modified_gmt":"2025-07-18T19:02:22","slug":"conceitos-basicos-1-2","status":"publish","type":"page","link":"https:\/\/mol.icb.usp.br\/index.php\/conceitos-basicos-1-2\/","title":{"rendered":"1-2 Conceitos b\u00e1sicos"},"content":{"rendered":"<div class=\"su-row\">\n<div class=\"su-column su-column-size-1-1\"><div class=\"su-column-inner su-u-clearfix su-u-trim\"> <strong>PREPARADO HISTOL\u00d3GICO VISTO AO MICROSC\u00d3PIO<\/strong> <\/div><\/div>\n<\/div>\n<div class=\"su-row\">\n<div class=\"su-column su-column-size-1-2\"><div class=\"su-column-inner su-u-clearfix su-u-trim\">\nA imagem \u00e9 de um corte histol\u00f3gico de um f\u00edgado observado ao microsc\u00f3pio em um aumento pequeno.<br \/>\nObserve a grande \u00e1rea cor de rosa com pequenas manchas azuis.  Mais detalhes n\u00e3o podem ser percebidos nesta imagem em pequeno aumento. Em cortes de outros \u00f3rg\u00e3os observados nesse mesmo aumento, seria poss\u00edvel observar v\u00e1rias de suas estruturas caracter\u00edsticas, p. ex. camadas que constituem o \u00f3rg\u00e3o, vasos sangu\u00edneos e nervos calibrosos.<br \/>\nNa imagem h\u00e1 muitos pequenos espa\u00e7os claros. A maioria deles \u00e9 um l\u00famen de vaso sangu\u00edneo, isto \u00e9 a cavidade central desta estrutura (veja o significado de l\u00famen no <a href=\"http:\/\/mol.icb.usp.br\/index.php\/glossario\/\">GLOSS\u00c1RIO<\/a> do MOL).<\/p>\n<\/div><\/div>\n<div class=\"su-column su-column-size-1-2\"><div class=\"su-column-inner su-u-clearfix su-u-trim\">\n<p><img decoding=\"async\" src=\" http:\/\/mol.icb.usp.br\/wp-content\/uploads\/1-2.jpg \" \/><\/p>\n<p>F\u00edgado. Colora\u00e7\u00e3o: Hematoxilina e eosina (HE). Vista panor\u00e2mica.<\/p>\n<p>Para navegar no MOL, use os links ACESSAR P\u00c1GINA ANTERIOR e ACESSAR P\u00c1GINA SEGUINTE situados abaixo da figura.<\/p>\n<p><strong>NAVEGA\u00c7\u00c3O NO MOL:<\/strong><\/p>\n<p><a href=\"http:\/\/mol.icb.usp.br\/index.php\/conceitos-basicos\/\">ACESSAR P\u00c1GINA ANTERIOR<\/a><\/p>\n<p><a href=\"http:\/\/mol.icb.usp.br\/index.php\/1-3-conceitos-basicos\/\">ACESSAR P\u00c1GINA SEGUINTE<\/a><\/p>\n<p><a href=\"https:\/\/mol.icb.usp.br\/index.php\/1-0-conceitos-basicos-de-observacao-de-preparados-histologicos-ao-microscopio-de-luz\/\">MENU DO M\u00d3DULO<\/a><br \/>\n<\/div><\/div>\n<\/div>\n","protected":false},"excerpt":{"rendered":"","protected":false},"author":2,"featured_media":0,"parent":0,"menu_order":0,"comment_status":"closed","ping_status":"closed","template":"","meta":{"_monsterinsights_skip_tracking":false,"_monsterinsights_sitenote_active":false,"_monsterinsights_sitenote_note":"","_monsterinsights_sitenote_category":0,"footnotes":""},"class_list":["post-230","page","type-page","status-publish","hentry"],"_links":{"self":[{"href":"https:\/\/mol.icb.usp.br\/index.php\/wp-json\/wp\/v2\/pages\/230"}],"collection":[{"href":"https:\/\/mol.icb.usp.br\/index.php\/wp-json\/wp\/v2\/pages"}],"about":[{"href":"https:\/\/mol.icb.usp.br\/index.php\/wp-json\/wp\/v2\/types\/page"}],"author":[{"embeddable":true,"href":"https:\/\/mol.icb.usp.br\/index.php\/wp-json\/wp\/v2\/users\/2"}],"replies":[{"embeddable":true,"href":"https:\/\/mol.icb.usp.br\/index.php\/wp-json\/wp\/v2\/comments?post=230"}],"version-history":[{"count":19,"href":"https:\/\/mol.icb.usp.br\/index.php\/wp-json\/wp\/v2\/pages\/230\/revisions"}],"predecessor-version":[{"id":8859,"href":"https:\/\/mol.icb.usp.br\/index.php\/wp-json\/wp\/v2\/pages\/230\/revisions\/8859"}],"wp:attachment":[{"href":"https:\/\/mol.icb.usp.br\/index.php\/wp-json\/wp\/v2\/media?parent=230"}],"curies":[{"name":"wp","href":"https:\/\/api.w.org\/{rel}","templated":true}]}}