{"id":2247,"date":"2017-08-19T14:21:08","date_gmt":"2017-08-19T17:21:08","guid":{"rendered":"http:\/\/mol.icb.usp.br\/?page_id=2247"},"modified":"2018-03-18T10:53:39","modified_gmt":"2018-03-18T13:53:39","slug":"13-2-4-glandulas-salivares-2","status":"publish","type":"page","link":"https:\/\/mol.icb.usp.br\/index.php\/13-2-4-glandulas-salivares-2\/","title":{"rendered":"13-2-4 Gl\u00e2ndulas salivares"},"content":{"rendered":"<div class=\"su-row\">\n  <div class=\"su-column su-column-size-1-1\"><div class=\"su-column-inner su-u-clearfix su-u-trim\"> <strong>GL\u00c2NDULAS SALIVARES<\/strong> <\/div><\/div>\n<\/div>\n<div class=\"su-row\">\n  <div class=\"su-column su-column-size-1-2\"><div class=\"su-column-inner su-u-clearfix su-u-trim\"> <\/p>\n<div onclick>\n<div class=\"image-container\">\n<div class=\"extra\">\n<p><img decoding=\"async\" src=\"http:\/\/mol.icb.usp.br\/wp-content\/uploads\/13-2-4a.jpg\"\/><\/a><\/p>\n<p><a href=\"javascript:void(0)\"><img decoding=\"async\" src=\" http:\/\/mol.icb.usp.br\/wp-content\/uploads\/13-2-4b.jpg \" onmouseover=\"this.src=' http:\/\/mol.icb.usp.br\/wp-content\/uploads\/13-2-4b-MO.jpg'\" onmouseout=\"this.src=' http:\/\/mol.icb.usp.br\/wp-content\/uploads\/13-2-4b.jpg'\" \/><\/a><\/div>\n<p> Colora\u00e7\u00e3o: HE. Aumento: vista panor\u00e2mica \/ m\u00e9dio .<\/p>\n<p><img decoding=\"async\" src=\"http:\/\/mol.icb.usp.br\/wp-content\/uploads\/mouse-1.gif\"\/><\/a><\/p>\n<div onclick=\"\">\n<p>Figura superior<br \/>\nObserve a estrutura da gl\u00e2ndula, formada de lobos e l\u00f3bulos. A distin\u00e7\u00e3o dos l\u00f3bulos e lobos \u00e9 facilitada pela separa\u00e7\u00e3o artificial dessas estruturas durante a prepara\u00e7\u00e3o dos tecidos.<br \/>\nH\u00e1 um segmento da sua c\u00e1psula \u00e0 esquerda da figura. Observe tamb\u00e9m dois dutos excretores apontados por setas.<br \/>\nFigura inferior<br \/>\nA <strong>gl\u00e2ndula submandibular<\/strong> \u00e9 uma gl\u00e2ndula mista, sendo formada por <strong>por\u00e7\u00f5es secretoras constitu\u00eddas por \u00e1cinos serosos<\/strong> (AS, em verde escuro) e por unidades secretoras formadas por <strong>t\u00fabulos mucosos <\/strong>(TM em verde claro). H\u00e1 predom\u00ednio dos \u00e1cinos serosos.<br \/>\n<a href=\"http:\/\/mol.icb.usp.br\/index.php\/3-11-tecido-epitelial-glandular\/\" rel=\"noopener\" target=\"_blank\">Clique para recordar \u00e1cinos serosos.<\/a><br \/>\n<a href=\"http:\/\/mol.icb.usp.br\/index.php\/3-7-tecido-epitelial-glandular\/\" rel=\"noopener\" target=\"_blank\">Clique para recordar t\u00fabulos mucosos.<\/a><\/p>\n<p>Aproveite esta imagem para comparar \u00e1cinos serosos e t\u00fabulos mucosos lado a lado.<\/p>\n<p>Muitos conjuntos de c\u00e9lulas secretoras serosas se organizam em estruturas denominadas <strong>semiluas serosas ou crescentes serosos<\/strong> (CS em laranja), dispostas em torno de t\u00fabulos mucosos.<\/p>\n<\/p>\n<p>Para navegar no MOL, use os links ACESSAR P\u00c1GINA ANTERIOR e ACESSAR P\u00c1GINA SEGUINTE situados abaixo da figura.<\/p>\n<p><strong>NAVEGA\u00c7\u00c3O NO MOL:<\/strong><\/p>\n<p><a href=\"http:\/\/mol.icb.usp.br\/index.php\/13-2-3-glandulas-salivares-2\/\">ACESSAR P\u00c1GINA ANTERIOR<\/a><\/p>\n<p><a href=\"http:\/\/mol.icb.usp.br\/index.php\/13-2-5-glandulas-salivares-2\/\">ACESSAR P\u00c1GINA SEGUINTE<\/a>\n<\/div>\n<\/div>\n<\/div>\n<p><\/body><br \/>\n<\/html> <\/div><\/div>\n<\/div>\n","protected":false},"excerpt":{"rendered":"","protected":false},"author":2,"featured_media":0,"parent":0,"menu_order":0,"comment_status":"closed","ping_status":"closed","template":"","meta":{"_monsterinsights_skip_tracking":false,"_monsterinsights_sitenote_active":false,"_monsterinsights_sitenote_note":"","_monsterinsights_sitenote_category":0,"footnotes":""},"class_list":["post-2247","page","type-page","status-publish","hentry"],"_links":{"self":[{"href":"https:\/\/mol.icb.usp.br\/index.php\/wp-json\/wp\/v2\/pages\/2247"}],"collection":[{"href":"https:\/\/mol.icb.usp.br\/index.php\/wp-json\/wp\/v2\/pages"}],"about":[{"href":"https:\/\/mol.icb.usp.br\/index.php\/wp-json\/wp\/v2\/types\/page"}],"author":[{"embeddable":true,"href":"https:\/\/mol.icb.usp.br\/index.php\/wp-json\/wp\/v2\/users\/2"}],"replies":[{"embeddable":true,"href":"https:\/\/mol.icb.usp.br\/index.php\/wp-json\/wp\/v2\/comments?post=2247"}],"version-history":[{"count":20,"href":"https:\/\/mol.icb.usp.br\/index.php\/wp-json\/wp\/v2\/pages\/2247\/revisions"}],"predecessor-version":[{"id":6300,"href":"https:\/\/mol.icb.usp.br\/index.php\/wp-json\/wp\/v2\/pages\/2247\/revisions\/6300"}],"wp:attachment":[{"href":"https:\/\/mol.icb.usp.br\/index.php\/wp-json\/wp\/v2\/media?parent=2247"}],"curies":[{"name":"wp","href":"https:\/\/api.w.org\/{rel}","templated":true}]}}