{"id":222,"date":"2017-05-14T11:45:48","date_gmt":"2017-05-14T14:45:48","guid":{"rendered":"http:\/\/mol.icb.usp.br\/?page_id=222"},"modified":"2025-07-18T15:41:41","modified_gmt":"2025-07-18T18:41:41","slug":"conceitos-basicos","status":"publish","type":"page","link":"https:\/\/mol.icb.usp.br\/index.php\/conceitos-basicos\/","title":{"rendered":"1-1 Conceitos b\u00e1sicos"},"content":{"rendered":"<div class=\"su-row\">\n<div class=\"su-column su-column-size-1-1\"><div class=\"su-column-inner su-u-clearfix su-u-trim\"><strong>PREPARADO HISTOL\u00d3GICO<\/strong> <\/div><\/div>\n<\/div>\n<div class=\"su-row\">\n<div class=\"su-column su-column-size-1-2\"><div class=\"su-column-inner su-u-clearfix su-u-trim\">\n<strong>O que \u00e9 um preparado histol\u00f3gico?<\/strong><br \/>\nPreparado histol\u00f3gico \u00e9 uma <strong>l\u00e2mina retangular de vidro<\/strong> sobre a qual foram colocadas fatias extremamente finas de tecidos e \u00f3rg\u00e3os. Para prote\u00e7\u00e3o dos cortes, eles s\u00e3o cobertos por uma delgada l\u00e2mina de vidro colada \u00e0 l\u00e2mina, denominada <strong>lam\u00ednula<\/strong>.<\/p>\n<p>A espessura das fatias de tecidos ou de \u00f3rg\u00e3os \u00e9 geralmente 5 a 10 \u00b5m de espessura, isto \u00e9, de 5 a 10 milion\u00e9simos de metro.<br \/>\nMedidas usadas: 1 \u00b5m (1 micr\u00f4metro) = 1 mil\u00e9simo de mm = 1 milion\u00e9simo de metro.<\/p>\n<p><strong>Preparados histol\u00f3gicos permanentes<\/strong> s\u00e3o feitos para durarem muitos anos. Para a obten\u00e7\u00e3o de um preparado permanente, fragmentos de tecidos e de \u00f3rg\u00e3os ou c\u00e9lulas costumam passar inicialmente por um processo denominado <strong>fixa\u00e7\u00e3o<\/strong>. Este procedimento \u00e9 feito por meios qu\u00edmicos (p. ex. com formalde\u00eddo) ou f\u00edsicos (p. ex. por congela\u00e7\u00e3o).<br \/>\nEm seguida os fragmentos de tecidos e \u00f3rg\u00e3os s\u00e3o submetidos a v\u00e1rios procedimentos ap\u00f3s os quais os podem ser cortados em um aparelho chamado <strong>micr\u00f3tomo<\/strong> para obten\u00e7\u00e3o das fatias para serem observadas em um microsc\u00f3pio de luz. Estas fatias s\u00e3o denominadas <strong>cortes histol\u00f3gicos<\/strong>.<br \/>\nAs c\u00e9lulas, assim como os cortes de tecidos e de \u00f3rg\u00e3os s\u00e3o quase sempre incolores e precisam ser corados para que possam ser observados em um microsc\u00f3pio de luz, procedimento denominado <strong>colora\u00e7\u00e3o<\/strong>. Finalmente, os cortes s\u00e3o cobertos por uma lam\u00ednula de vidro para sua prote\u00e7\u00e3o.<br \/>\nL\u00e2minas de vidro tamb\u00e9m s\u00e3o utilizadas para observa\u00e7\u00e3o de c\u00e9lulas isoladas, bact\u00e9rias, protozo\u00e1rios e outros objetos microsc\u00f3picos.<br \/>\n<\/div><\/div>\n<div class=\"su-column su-column-size-1-2\"><div class=\"su-column-inner su-u-clearfix su-u-trim\">\n<p><img decoding=\"async\" src=\" http:\/\/mol.icb.usp.br\/wp-content\/uploads\/1-1.jpg \" \/><\/p>\n<p>F\u00edgado. Colora\u00e7\u00e3o: hematoxilina e eosina (HE). Aumento m\u00e9dio.<\/p>\n<p><strong>NAVEGA\u00c7\u00c3O NO MOL:<\/strong><\/p>\n<p><a href=\"http:\/\/mol.icb.usp.br\/index.php\/1-0-conceitos-basicos-de-observacao-de-preparados-histologicos-ao-microscopio-de-luz\/\">ACESSAR P\u00c1GINA ANTERIOR<\/a><\/p>\n<p><a href=\"http:\/\/mol.icb.usp.br\/index.php\/conceitos-basicos-1-2\/\">ACESSAR P\u00c1GINA SEGUINTE<\/a><\/p>\n<p><a href=\"https:\/\/mol.icb.usp.br\/index.php\/1-0-conceitos-basicos-de-observacao-de-preparados-histologicos-ao-microscopio-de-luz\/\">MENU DO M\u00d3DULO<\/a><\/p>\n<\/div><\/div>\n<\/div>\n","protected":false},"excerpt":{"rendered":"","protected":false},"author":2,"featured_media":0,"parent":0,"menu_order":0,"comment_status":"closed","ping_status":"closed","template":"","meta":{"_monsterinsights_skip_tracking":false,"_monsterinsights_sitenote_active":false,"_monsterinsights_sitenote_note":"","_monsterinsights_sitenote_category":0,"footnotes":""},"class_list":["post-222","page","type-page","status-publish","hentry"],"_links":{"self":[{"href":"https:\/\/mol.icb.usp.br\/index.php\/wp-json\/wp\/v2\/pages\/222"}],"collection":[{"href":"https:\/\/mol.icb.usp.br\/index.php\/wp-json\/wp\/v2\/pages"}],"about":[{"href":"https:\/\/mol.icb.usp.br\/index.php\/wp-json\/wp\/v2\/types\/page"}],"author":[{"embeddable":true,"href":"https:\/\/mol.icb.usp.br\/index.php\/wp-json\/wp\/v2\/users\/2"}],"replies":[{"embeddable":true,"href":"https:\/\/mol.icb.usp.br\/index.php\/wp-json\/wp\/v2\/comments?post=222"}],"version-history":[{"count":32,"href":"https:\/\/mol.icb.usp.br\/index.php\/wp-json\/wp\/v2\/pages\/222\/revisions"}],"predecessor-version":[{"id":8857,"href":"https:\/\/mol.icb.usp.br\/index.php\/wp-json\/wp\/v2\/pages\/222\/revisions\/8857"}],"wp:attachment":[{"href":"https:\/\/mol.icb.usp.br\/index.php\/wp-json\/wp\/v2\/media?parent=222"}],"curies":[{"name":"wp","href":"https:\/\/api.w.org\/{rel}","templated":true}]}}