{"id":2042,"date":"2017-08-18T09:28:59","date_gmt":"2017-08-18T12:28:59","guid":{"rendered":"http:\/\/mol.icb.usp.br\/?page_id=2042"},"modified":"2018-04-13T17:17:15","modified_gmt":"2018-04-13T20:17:15","slug":"13-1-1-mucosa-oral","status":"publish","type":"page","link":"https:\/\/mol.icb.usp.br\/index.php\/13-1-1-mucosa-oral\/","title":{"rendered":"13-1-1 Mucosa oral"},"content":{"rendered":"<p>REGI\u00d5ES DA MUCOSA ORAL<\/p>\n<p>A mucosa oral pode ser classificada em 3 regi\u00f5es, conforme sua estrutura histol\u00f3gica, a qual \u00e9 muito associada \u00e0s fun\u00e7\u00f5es particulares que cada uma dessa regi\u00f5es exerce.<\/p>\n<p>Regi\u00f5es da mucosa oral que ser\u00e3o analisadas em seguida:<\/p>\n<p><strong>Mucosa de revestimento<\/strong> &#8211; p. ex. mucosa jugal, labial e gengival Esta \u00faltima ser\u00e1 estudada no cap\u00edtulo de <em>Periodonto<\/em>.<br \/>\n<strong>Mucosa mastigat\u00f3ria<\/strong> &#8211; p. ex. palato<br \/>\n<strong>Mucosa sensorial<\/strong> &#8211; p. ex. superf\u00edcie dorsal da l\u00edngua<\/p>\n<p>Este m\u00f3dulo \u00e9 composto de 30 p\u00e1ginas.<\/p>\n<p><strong>NAVEGA\u00c7\u00c3O NO MOL:<\/strong><\/p>\n<p><a href=\"http:\/\/mol.icb.usp.br\/index.php\/13-1-2-mucosa-oral\/\">ACESSAR P\u00c1GINA SEGUINTE<\/a><\/p>\n","protected":false},"excerpt":{"rendered":"<p>REGI\u00d5ES DA MUCOSA ORAL A mucosa oral pode ser classificada em 3 regi\u00f5es, conforme sua estrutura histol\u00f3gica, a qual \u00e9 muito associada \u00e0s fun\u00e7\u00f5es particulares que cada uma dessa regi\u00f5es exerce. Regi\u00f5es da mucosa oral que ser\u00e3o analisadas em seguida: Mucosa de revestimento &#8211; p. ex. mucosa jugal, labial e gengival Esta \u00faltima ser\u00e1 estudada [&hellip;]<\/p>\n","protected":false},"author":2,"featured_media":0,"parent":0,"menu_order":0,"comment_status":"closed","ping_status":"closed","template":"","meta":{"_monsterinsights_skip_tracking":false,"_monsterinsights_sitenote_active":false,"_monsterinsights_sitenote_note":"","_monsterinsights_sitenote_category":0,"footnotes":""},"class_list":["post-2042","page","type-page","status-publish","hentry"],"_links":{"self":[{"href":"https:\/\/mol.icb.usp.br\/index.php\/wp-json\/wp\/v2\/pages\/2042"}],"collection":[{"href":"https:\/\/mol.icb.usp.br\/index.php\/wp-json\/wp\/v2\/pages"}],"about":[{"href":"https:\/\/mol.icb.usp.br\/index.php\/wp-json\/wp\/v2\/types\/page"}],"author":[{"embeddable":true,"href":"https:\/\/mol.icb.usp.br\/index.php\/wp-json\/wp\/v2\/users\/2"}],"replies":[{"embeddable":true,"href":"https:\/\/mol.icb.usp.br\/index.php\/wp-json\/wp\/v2\/comments?post=2042"}],"version-history":[{"count":11,"href":"https:\/\/mol.icb.usp.br\/index.php\/wp-json\/wp\/v2\/pages\/2042\/revisions"}],"predecessor-version":[{"id":6591,"href":"https:\/\/mol.icb.usp.br\/index.php\/wp-json\/wp\/v2\/pages\/2042\/revisions\/6591"}],"wp:attachment":[{"href":"https:\/\/mol.icb.usp.br\/index.php\/wp-json\/wp\/v2\/media?parent=2042"}],"curies":[{"name":"wp","href":"https:\/\/api.w.org\/{rel}","templated":true}]}}