{"id":18,"date":"2017-04-23T16:48:00","date_gmt":"2017-04-23T19:48:00","guid":{"rendered":"http:\/\/mol.icb.usp.br\/?page_id=18"},"modified":"2023-11-29T23:32:59","modified_gmt":"2023-11-30T02:32:59","slug":"mol-modo-de-usar","status":"publish","type":"page","link":"https:\/\/mol.icb.usp.br\/index.php\/mol-modo-de-usar\/","title":{"rendered":"Modo de usar"},"content":{"rendered":"<p>ESTRUTURA DO MOL<br \/>\nO MOL \u00e9 formado por m\u00f3dulos, que correspondem a assuntos desenvolvido em uma ou mais aulas de disciplinas de Histologia. Cada m\u00f3dulo \u00e9 constitu\u00eddo por um n\u00famero diverso de p\u00e1ginas que cont\u00eam imagens acompanhadas de texto.<\/p>\n<p><strong>IMPORTANTE:<\/strong> Na maioria das figuras h\u00e1 efeitos especiais destinados a indicar melhor certas estruturas presentes nas imagens. Se voc\u00ea nunca usou o MOL &#8211; para aproveitar melhor o seu estudo e para saber como funcionam estes efeitos acesse\u00a0 <strong><a href=\"http:\/\/mol.icb.usp.br\/index.php\/recursos-do-mol\/\">Recursos do MOL<\/a><\/strong>.<\/p>\n<p><strong>Informa\u00e7\u00f5es t\u00e9cnicas e Agradecimentos<\/strong> &#8211; apresenta v\u00e1rias informa\u00e7\u00f5es sobre a captura das imagens, aumentos utilizados, vers\u00f5es do MOL no link <a href=\"http:\/\/mol.icb.usp.br\/index.php\/informacoes-tecnicas\/\">INFORMA\u00c7\u00d5ES T\u00c9CNICAS<\/a>, situado no menu principal.<\/p>\n<p><strong>PARA INICIAR O MOL<\/strong> &#8211; entre no <a href=\"http:\/\/mol.icb.usp.br\/index.php\/conceitos-basicos\/\">M\u00d3DULO 1<\/a><\/p>\n<p><strong>PARA CONTINUAR NO MOL<\/strong> &#8211; entre em <a href=\"http:\/\/mol.icb.usp.br\/index.php\/acesso-aos-modulos\/\">ACESSO AOS M\u00d3DULOS<\/a>, no menu principal e abrir\u00e1 um MENU para cliqcar no cap\u00edtulo que pretende estudar.<\/p>\n","protected":false},"excerpt":{"rendered":"<p>ESTRUTURA DO MOL O MOL \u00e9 formado por m\u00f3dulos, que correspondem a assuntos desenvolvido em uma ou mais aulas de disciplinas de Histologia. Cada m\u00f3dulo \u00e9 constitu\u00eddo por um n\u00famero diverso de p\u00e1ginas que cont\u00eam imagens acompanhadas de texto. IMPORTANTE: Na maioria das figuras h\u00e1 efeitos especiais destinados a indicar melhor certas estruturas presentes nas [&hellip;]<\/p>\n","protected":false},"author":2,"featured_media":0,"parent":0,"menu_order":0,"comment_status":"closed","ping_status":"closed","template":"","meta":{"_monsterinsights_skip_tracking":false,"_monsterinsights_sitenote_active":false,"_monsterinsights_sitenote_note":"","_monsterinsights_sitenote_category":0,"footnotes":""},"class_list":["post-18","page","type-page","status-publish","hentry"],"_links":{"self":[{"href":"https:\/\/mol.icb.usp.br\/index.php\/wp-json\/wp\/v2\/pages\/18"}],"collection":[{"href":"https:\/\/mol.icb.usp.br\/index.php\/wp-json\/wp\/v2\/pages"}],"about":[{"href":"https:\/\/mol.icb.usp.br\/index.php\/wp-json\/wp\/v2\/types\/page"}],"author":[{"embeddable":true,"href":"https:\/\/mol.icb.usp.br\/index.php\/wp-json\/wp\/v2\/users\/2"}],"replies":[{"embeddable":true,"href":"https:\/\/mol.icb.usp.br\/index.php\/wp-json\/wp\/v2\/comments?post=18"}],"version-history":[{"count":27,"href":"https:\/\/mol.icb.usp.br\/index.php\/wp-json\/wp\/v2\/pages\/18\/revisions"}],"predecessor-version":[{"id":9068,"href":"https:\/\/mol.icb.usp.br\/index.php\/wp-json\/wp\/v2\/pages\/18\/revisions\/9068"}],"wp:attachment":[{"href":"https:\/\/mol.icb.usp.br\/index.php\/wp-json\/wp\/v2\/media?parent=18"}],"curies":[{"name":"wp","href":"https:\/\/api.w.org\/{rel}","templated":true}]}}