{"id":1730,"date":"2017-08-17T13:10:42","date_gmt":"2017-08-17T16:10:42","guid":{"rendered":"http:\/\/mol.icb.usp.br\/?page_id=1730"},"modified":"2018-03-24T21:39:18","modified_gmt":"2018-03-25T00:39:18","slug":"13-4-10-complexo-dentina-polpa","status":"publish","type":"page","link":"https:\/\/mol.icb.usp.br\/index.php\/13-4-10-complexo-dentina-polpa\/","title":{"rendered":"13-4-10 Complexo dentina-polpa"},"content":{"rendered":"<div class=\"su-row\">\n  <div class=\"su-column su-column-size-1-1\"><div class=\"su-column-inner su-u-clearfix su-u-trim\"> <strong>POLPA DENTAL<\/strong> <\/div><\/div>\n<\/div>\n<div class=\"su-row\">\n  <div class=\"su-column su-column-size-1-2\"><div class=\"su-column-inner su-u-clearfix su-u-trim\"> <\/p>\n<div onclick>\n<div class=\"image-container\">\n<div class=\"extra\">\n<a href=\"javascript:void(0)\"><img decoding=\"async\" src=\" http:\/\/mol.icb.usp.br\/wp-content\/uploads\/13-4-10.jpg \" onmouseover=\"this.src=' http:\/\/mol.icb.usp.br\/wp-content\/uploads\/13-4-10-MO.jpg'\" onmouseout=\"this.src=' http:\/\/mol.icb.usp.br\/wp-content\/uploads\/13-4-10.jpg'\" \/><\/a><\/div>\n<p>Dentina e polpa. Colora\u00e7\u00e3o: tricr\u00f4mico de Masson. Aumento: m\u00e9dio.<\/p>\n<p><img decoding=\"async\" src=\"http:\/\/mol.icb.usp.br\/wp-content\/uploads\/mouse-1.gif\"\/><\/a><\/p>\n<div onclick=\"\">\n<p>A <strong>regi\u00e3o central da polpa dent\u00e1ria<\/strong> \u00e9 constitu\u00edda por um tecido conjuntivo frouxo.  Por outro lado, a <strong> regi\u00e3o subodontobl\u00e1stica<\/strong> ir\u00e1 se diferenciar em duas zonas, essa se  localiza-se abaixo da camada de odontoblastos e acima da polpa dent\u00e1ria.<br \/>\nOs odontoblastos localizam-se na periferia da polpa dent\u00e1ria, formando uma camada de c\u00e9lulas aderidas \u00e0 pr\u00e9-dentina.<\/p>\n<\/p>\n<p>Para navegar no MOL, use os links ACESSAR P\u00c1GINA ANTERIOR e ACESSAR P\u00c1GINA SEGUINTE situados abaixo da figura.<\/p>\n<p><strong>NAVEGA\u00c7\u00c3O NO MOL:<\/strong><\/p>\n<p><a href=\"http:\/\/mol.icb.usp.br\/index.php\/13-4-9-complexo-dentina-polpa\/\">ACESSAR P\u00c1GINA ANTERIOR<\/a><\/p>\n<p><a href=\"http:\/\/mol.icb.usp.br\/index.php\/13-4-11-complexo-dentina-polpa\/\">ACESSAR P\u00c1GINA SEGUINTE<\/a>\n<\/div>\n<\/div>\n<\/div>\n<p><\/body><br \/>\n<\/html> <\/div><\/div>\n<\/div>\n","protected":false},"excerpt":{"rendered":"","protected":false},"author":2,"featured_media":0,"parent":0,"menu_order":0,"comment_status":"closed","ping_status":"closed","template":"","meta":{"_monsterinsights_skip_tracking":false,"_monsterinsights_sitenote_active":false,"_monsterinsights_sitenote_note":"","_monsterinsights_sitenote_category":0,"footnotes":""},"class_list":["post-1730","page","type-page","status-publish","hentry"],"_links":{"self":[{"href":"https:\/\/mol.icb.usp.br\/index.php\/wp-json\/wp\/v2\/pages\/1730"}],"collection":[{"href":"https:\/\/mol.icb.usp.br\/index.php\/wp-json\/wp\/v2\/pages"}],"about":[{"href":"https:\/\/mol.icb.usp.br\/index.php\/wp-json\/wp\/v2\/types\/page"}],"author":[{"embeddable":true,"href":"https:\/\/mol.icb.usp.br\/index.php\/wp-json\/wp\/v2\/users\/2"}],"replies":[{"embeddable":true,"href":"https:\/\/mol.icb.usp.br\/index.php\/wp-json\/wp\/v2\/comments?post=1730"}],"version-history":[{"count":9,"href":"https:\/\/mol.icb.usp.br\/index.php\/wp-json\/wp\/v2\/pages\/1730\/revisions"}],"predecessor-version":[{"id":6477,"href":"https:\/\/mol.icb.usp.br\/index.php\/wp-json\/wp\/v2\/pages\/1730\/revisions\/6477"}],"wp:attachment":[{"href":"https:\/\/mol.icb.usp.br\/index.php\/wp-json\/wp\/v2\/media?parent=1730"}],"curies":[{"name":"wp","href":"https:\/\/api.w.org\/{rel}","templated":true}]}}