{"id":1620,"date":"2017-08-16T15:21:11","date_gmt":"2017-08-16T18:21:11","guid":{"rendered":"http:\/\/mol.icb.usp.br\/?page_id=1620"},"modified":"2018-03-16T18:19:04","modified_gmt":"2018-03-16T21:19:04","slug":"13-2-4-glandulas-salivares","status":"publish","type":"page","link":"https:\/\/mol.icb.usp.br\/index.php\/13-2-4-glandulas-salivares\/","title":{"rendered":"13-2-4 Gl\u00e2ndulas salivares"},"content":{"rendered":"<div class=\"su-row\">\n<div class=\"su-column su-column-size-1-1\"><div class=\"su-column-inner su-u-clearfix su-u-trim\"> <strong>GL\u00c2NDULA SUBMANDIBULAR<\/strong> <\/div><\/div>\n<\/div>\n<div class=\"su-row\">\n<div class=\"su-column su-column-size-1-2\"><div class=\"su-column-inner su-u-clearfix su-u-trim\">\n<img decoding=\"async\" src=\" http:\/\/mol.icb.usp.br\/wp-content\/uploads\/13-2-4a.jpg \" \/><\/p>\n<p>Gl\u00e2ndula submandibular. Colora\u00e7\u00e3o: HE. Aumento: pequeno.<br \/>\nImagem superior<br \/>\nA <strong>gl\u00e2ndula submandibular <\/strong> \u00e9 uma <strong>gl\u00e2ndula mista<\/strong> formada por <strong>unidades secretoras secretoras serosas (\u00e1cinos serosos)<\/strong> e por <strong>t\u00fabulos mucosos<\/strong>. Nesta gl\u00e2ndula predominam os \u00e1cinos serosos sobre os t\u00fabulos mucosos. Isto pode ser notado pela cor avermelhada do corte, que reflete a popula\u00e7\u00e3o de \u00e1cinos serosos.<\/p>\n<p><a href=\"http:\/\/mol.icb.usp.br\/index.php\/3-11-tecido-epitelial-glandular\/\" rel=\"noopener\" target=\"_blank\">Clique para relembrar \u00e1cinos serosos.<\/a><br \/>\n<a href=\"http:\/\/mol.icb.usp.br\/index.php\/3-7-tecido-epitelial-glandular\/\" rel=\"noopener\" target=\"_blank\">Clique para rever t\u00fabulos mucosos.<\/a><\/p>\n<p>Observe dois dutos excretores envolvidos por tecido conjuntivo. Localizam-se fora dos l\u00f3bulos, sendo denominados <strong>dutos extralobulares<\/strong>.<\/p>\n<div onclick>\n<div class=\"image-container\">\n<div class=\"extra\">\n<a href=\"javascript:void(0)\"><img decoding=\"async\" src=\" http:\/\/mol.icb.usp.br\/wp-content\/uploads\/13-2-4b.jpg \" onmouseover=\"this.src=' http:\/\/mol.icb.usp.br\/wp-content\/uploads\/13-2-4b-MO.jpg'\" onmouseout=\"this.src=' http:\/\/mol.icb.usp.br\/wp-content\/uploads\/13-2-4b.jpg'\" \/><\/a><\/div>\n<p>\nGl\u00e2ndula submandibular. Colora\u00e7\u00e3o: HE. Aumento: grande.<br \/>\n<img decoding=\"async\" src=\"http:\/\/mol.icb.usp.br\/wp-content\/uploads\/mouse-1.gif\"\/><\/a><\/p>\n<p>Figura inferior<br \/>\nObserve os dois tipos de unidades secretoras da gl\u00e2ndula.<br \/>\n\u00c1cinos serosos em verde escuro e t\u00fabulos mucosos em verde claro.<br \/>\nObserve tamb\u00e9m que grupos de c\u00e9lulas serosas se disp\u00f5em na superf\u00edcie trechos finais de t\u00fabulos mucosos. Estes grupos originm conjuntos com aspecto semelhante a meias-luas, denominados <strong>semi-luas serosas ou crescentes serosos<\/strong>. Est\u00e3o ressaltadas em cor laranja.<\/p>\n<p>Para navegar no MOL, use os links ACESSAR P\u00c1GINA ANTERIOR e ACESSAR P\u00c1GINA SEGUINTE situados abaixo da figura.<\/p>\n<p><strong>NAVEGA\u00c7\u00c3O NO MOL:<\/strong><\/p>\n<p>ACESSAR P\u00c1GINA ANTERIOR<\/p>\n<p>ACESSAR P\u00c1GINA SEGUINTE<\/p>\n<\/div>\n<\/div>\n<\/div><\/div>\n<\/div>\n","protected":false},"excerpt":{"rendered":"","protected":false},"author":2,"featured_media":0,"parent":0,"menu_order":0,"comment_status":"closed","ping_status":"closed","template":"","meta":{"_monsterinsights_skip_tracking":false,"_monsterinsights_sitenote_active":false,"_monsterinsights_sitenote_note":"","_monsterinsights_sitenote_category":0,"footnotes":""},"class_list":["post-1620","page","type-page","status-publish","hentry"],"_links":{"self":[{"href":"https:\/\/mol.icb.usp.br\/index.php\/wp-json\/wp\/v2\/pages\/1620"}],"collection":[{"href":"https:\/\/mol.icb.usp.br\/index.php\/wp-json\/wp\/v2\/pages"}],"about":[{"href":"https:\/\/mol.icb.usp.br\/index.php\/wp-json\/wp\/v2\/types\/page"}],"author":[{"embeddable":true,"href":"https:\/\/mol.icb.usp.br\/index.php\/wp-json\/wp\/v2\/users\/2"}],"replies":[{"embeddable":true,"href":"https:\/\/mol.icb.usp.br\/index.php\/wp-json\/wp\/v2\/comments?post=1620"}],"version-history":[{"count":16,"href":"https:\/\/mol.icb.usp.br\/index.php\/wp-json\/wp\/v2\/pages\/1620\/revisions"}],"predecessor-version":[{"id":6270,"href":"https:\/\/mol.icb.usp.br\/index.php\/wp-json\/wp\/v2\/pages\/1620\/revisions\/6270"}],"wp:attachment":[{"href":"https:\/\/mol.icb.usp.br\/index.php\/wp-json\/wp\/v2\/media?parent=1620"}],"curies":[{"name":"wp","href":"https:\/\/api.w.org\/{rel}","templated":true}]}}