{"id":1495,"date":"2017-08-16T11:21:33","date_gmt":"2017-08-16T14:21:33","guid":{"rendered":"http:\/\/mol.icb.usp.br\/?page_id=1495"},"modified":"2018-02-11T20:47:07","modified_gmt":"2018-02-11T22:47:07","slug":"13-1-14-mucosa-oral","status":"publish","type":"page","link":"https:\/\/mol.icb.usp.br\/index.php\/13-1-14-mucosa-oral\/","title":{"rendered":"13-1-14 Mucosa oral"},"content":{"rendered":"<div class=\"su-row\">\n  <div class=\"su-column su-column-size-1-1\"><div class=\"su-column-inner su-u-clearfix su-u-trim\"> <strong>L\u00cdNGUA &#8211; 7<\/strong> <\/div><\/div>\n<\/div>\n<div class=\"su-row\">\n  <div class=\"su-column su-column-size-1-2\"><div class=\"su-column-inner su-u-clearfix su-u-trim\"> <\/p>\n<div onclick>\n<div class=\"image-container\">\n<div class=\"extra\">\n<a href=\"javascript:void(0)\"><img decoding=\"async\" src=\" http:\/\/mol.icb.usp.br\/wp-content\/uploads\/13-1-14.jpg \" onmouseover=\"this.src=' http:\/\/mol.icb.usp.br\/wp-content\/uploads\/13-1-14-MO.jpg'\" onmouseout=\"this.src=' http:\/\/mol.icb.usp.br\/wp-content\/uploads\/13-1-14.jpg'\" \/><\/a><\/div>\n<p>L\u00edngua. Colora\u00e7\u00e3o: HE. Aumento: pequeno.<\/p>\n<p><img decoding=\"async\" src=\"http:\/\/mol.icb.usp.br\/wp-content\/uploads\/mouse-1.gif\"\/><\/a><\/p>\n<div onclick=\"\">\nAs <strong>Papilas circunvaladas<\/strong> est\u00e3o localizadas na mucosa do dorso da l\u00edngua na regi\u00e3o do \u201cV\u201d lingual, essas tamb\u00e9m s\u00e3o chamadas de valadas.<\/p>\n<\/p>\n<p>Para navegar no MOL, use os links ACESSAR P\u00c1GINA ANTERIOR e ACESSAR P\u00c1GINA SEGUINTE situados abaixo da figura.<\/p>\n<p><strong>NAVEGA\u00c7\u00c3O NO MOL:<\/strong><\/p>\n<p><a href=\"http:\/\/mol.icb.usp.br\/index.php\/13-1-13-mucosa-oral\/\">ACESSAR P\u00c1GINA ANTERIOR<\/a><\/p>\n<p><a href=\"http:\/\/mol.icb.usp.br\/index.php\/13-1-15-mucosa-oral\/\">ACESSAR P\u00c1GINA SEGUINTE<\/a>\n<\/div>\n<\/div>\n<\/div>\n<p><\/body><br \/>\n<\/html> <\/div><\/div>\n<\/div>\n","protected":false},"excerpt":{"rendered":"","protected":false},"author":2,"featured_media":0,"parent":0,"menu_order":0,"comment_status":"closed","ping_status":"closed","template":"","meta":{"_monsterinsights_skip_tracking":false,"_monsterinsights_sitenote_active":false,"_monsterinsights_sitenote_note":"","_monsterinsights_sitenote_category":0,"footnotes":""},"class_list":["post-1495","page","type-page","status-publish","hentry"],"_links":{"self":[{"href":"https:\/\/mol.icb.usp.br\/index.php\/wp-json\/wp\/v2\/pages\/1495"}],"collection":[{"href":"https:\/\/mol.icb.usp.br\/index.php\/wp-json\/wp\/v2\/pages"}],"about":[{"href":"https:\/\/mol.icb.usp.br\/index.php\/wp-json\/wp\/v2\/types\/page"}],"author":[{"embeddable":true,"href":"https:\/\/mol.icb.usp.br\/index.php\/wp-json\/wp\/v2\/users\/2"}],"replies":[{"embeddable":true,"href":"https:\/\/mol.icb.usp.br\/index.php\/wp-json\/wp\/v2\/comments?post=1495"}],"version-history":[{"count":4,"href":"https:\/\/mol.icb.usp.br\/index.php\/wp-json\/wp\/v2\/pages\/1495\/revisions"}],"predecessor-version":[{"id":5206,"href":"https:\/\/mol.icb.usp.br\/index.php\/wp-json\/wp\/v2\/pages\/1495\/revisions\/5206"}],"wp:attachment":[{"href":"https:\/\/mol.icb.usp.br\/index.php\/wp-json\/wp\/v2\/media?parent=1495"}],"curies":[{"name":"wp","href":"https:\/\/api.w.org\/{rel}","templated":true}]}}