{"id":1451,"date":"2017-08-16T10:23:12","date_gmt":"2017-08-16T13:23:12","guid":{"rendered":"http:\/\/mol.icb.usp.br\/?page_id=1451"},"modified":"2018-04-13T17:36:21","modified_gmt":"2018-04-13T20:36:21","slug":"13-1-8-mucosa-oral","status":"publish","type":"page","link":"https:\/\/mol.icb.usp.br\/index.php\/13-1-8-mucosa-oral\/","title":{"rendered":"13-1-8 Mucosa oral"},"content":{"rendered":"<div class=\"su-row\">\n  <div class=\"su-column su-column-size-1-1\"><div class=\"su-column-inner su-u-clearfix su-u-trim\"> <strong>L\u00edngua &#8211; 1<\/strong> <\/div><\/div>\n<\/div>\n<div class=\"su-row\">\n  <div class=\"su-column su-column-size-1-2\"><div class=\"su-column-inner su-u-clearfix su-u-trim\">\n<img decoding=\"async\" src=\"http:\/\/mol.icb.usp.br\/wp-content\/uploads\/13-1-8.jpg\"\/><\/a><\/p>\n<p>L\u00edngua. Colora\u00e7\u00e3o: HE. Vis\u00e3o panor\u00e2mica .<\/p>\n<p>A <strong>l\u00edngua<\/strong> \u00e9 um \u00f3rg\u00e3o composto principalmente por fibras musculares estriadas esquel\u00e9ticas com diversas orienta\u00e7\u00f5es, al\u00e9m de tecido adiposo e vasos sangu\u00edneos. A l\u00edngua \u00e9 revestida externamente por dois tipos de mucosa: <strong>mucosa especializada<\/strong> na superf\u00edcie dorsal e <strong>mucosa de revestimento<\/strong> na superf\u00edcie ventral.<\/p>\n<\/p>\n<p>Para navegar no MOL, use os links ACESSAR P\u00c1GINA ANTERIOR e ACESSAR P\u00c1GINA SEGUINTE situados abaixo da figura.<\/p>\n<p><strong>NAVEGA\u00c7\u00c3O NO MOL:<\/strong><\/p>\n<p><a href=\"http:\/\/mol.icb.usp.br\/index.php\/13-1-7-mucosa-oral\/\">ACESSAR P\u00c1GINA ANTERIOR<\/a><\/p>\n<p><a href=\"http:\/\/mol.icb.usp.br\/index.php\/13-1-9-mucosa-oral\/\">ACESSAR P\u00c1GINA SEGUINTE<\/a>\n<\/div>\n<\/div>\n<\/div>\n<p><\/body><br \/>\n<\/html> <\/div><\/div>\n<\/div>\n","protected":false},"excerpt":{"rendered":"","protected":false},"author":2,"featured_media":0,"parent":0,"menu_order":0,"comment_status":"closed","ping_status":"closed","template":"","meta":{"_monsterinsights_skip_tracking":false,"_monsterinsights_sitenote_active":false,"_monsterinsights_sitenote_note":"","_monsterinsights_sitenote_category":0,"footnotes":""},"class_list":["post-1451","page","type-page","status-publish","hentry"],"_links":{"self":[{"href":"https:\/\/mol.icb.usp.br\/index.php\/wp-json\/wp\/v2\/pages\/1451"}],"collection":[{"href":"https:\/\/mol.icb.usp.br\/index.php\/wp-json\/wp\/v2\/pages"}],"about":[{"href":"https:\/\/mol.icb.usp.br\/index.php\/wp-json\/wp\/v2\/types\/page"}],"author":[{"embeddable":true,"href":"https:\/\/mol.icb.usp.br\/index.php\/wp-json\/wp\/v2\/users\/2"}],"replies":[{"embeddable":true,"href":"https:\/\/mol.icb.usp.br\/index.php\/wp-json\/wp\/v2\/comments?post=1451"}],"version-history":[{"count":10,"href":"https:\/\/mol.icb.usp.br\/index.php\/wp-json\/wp\/v2\/pages\/1451\/revisions"}],"predecessor-version":[{"id":8667,"href":"https:\/\/mol.icb.usp.br\/index.php\/wp-json\/wp\/v2\/pages\/1451\/revisions\/8667"}],"wp:attachment":[{"href":"https:\/\/mol.icb.usp.br\/index.php\/wp-json\/wp\/v2\/media?parent=1451"}],"curies":[{"name":"wp","href":"https:\/\/api.w.org\/{rel}","templated":true}]}}