{"id":13,"date":"2017-04-23T16:41:28","date_gmt":"2017-04-23T19:41:28","guid":{"rendered":"http:\/\/mol.icb.usp.br\/?page_id=13"},"modified":"2023-11-30T00:04:01","modified_gmt":"2023-11-30T03:04:01","slug":"mol-o-inicio","status":"publish","type":"page","link":"https:\/\/mol.icb.usp.br\/","title":{"rendered":"Histologia. O in\u00edcio"},"content":{"rendered":"<p><strong>MOL &#8211; HISTOLOGIA INTERATIVA ONLINE<\/strong> \u00e9 um site criado para o estudo da microscopia dos tecidos, dos \u00f3rg\u00e3os e dos sistemas.\u00a0 O <strong>MOL &#8211; Microscopia Online <\/strong>est\u00e1 na sua quarta vers\u00e3o, revisada em 2023.<\/p>\n<p>O <strong>MOL <\/strong>\u00e9 um tutorial interativo constitu\u00eddo de texto e imagens de c\u00e9lulas, tecidos e \u00f3rg\u00e3os obtidas por microscopia de luz.<\/p>\n<p>Destina-se a alunos de gradua\u00e7\u00e3o, principalmente de \u00e1reas de Sa\u00fade e Ci\u00eancias Biol\u00f3gicas. Deve ser acompanhado do estudo da teoria, por meio de aulas te\u00f3ricas e leitura de livros de texto. Ser\u00e1 tamb\u00e9m \u00fatil para profissionais que necessitem recordar seus estudos de Histologia ou necessitem informa\u00e7\u00f5es sobre t\u00f3picos espec\u00edficos do assunto.<\/p>\n<p>O <strong>MOL<\/strong> pode ser percorrido sequencialmente do primeiro ao \u00faltimo m\u00f3dulo, como se fosse um curso completo ou pode ser estudado por uma sequ\u00eancia de m\u00f3dulos de acordo com a disciplina que cada estudante estiver frequentando.<\/p>\n<p><span style=\"font-family: arial,helvetica,sans-serif;\"> O MOL foi criado em 2004 para o estudo de Histologia Geral e vem sendo periodicamente aperfei\u00e7oado e ampliado. Esta edi\u00e7\u00e3o, 4.0, pode ser acessada em desktops, notebooks, tablets e telefones celulares. <\/span><\/p>\n<p><strong>COMO ACESSAR<\/strong> &#8211; O MOL \u00e9 constitu\u00eddo de m\u00f3dulos que podem ser acessados pelos links do menu <a href=\"http:\/\/mol.icb.usp.br\/index.php\/acesso-aos-modulos\/\">Acesso aos m\u00f3dulos<\/a>.<\/p>\n<p><strong>SE VOC\u00ca NUNCA USOU O MOL<\/strong> &#8211; acesse inicialmente o link <strong> <a href=\"http:\/\/mol.icb.usp.br\/index.php\/mol-modo-de-usar\/\">MOL: modo de usar<\/a><\/strong>, para melhor aproveitar\u00a0 as ferramentas que existem no site.<\/p>\n<p><strong>APROVEITE BEM SEU ESTUDO NO MOL.<\/strong><\/p>\n<p>D\u00favidas, texto que n\u00e3o estiver claro, erros,\u00a0 dificuldade para acessar, envie uma mensagem para :<\/p>\n","protected":false},"excerpt":{"rendered":"<p>MOL &#8211; HISTOLOGIA INTERATIVA ONLINE \u00e9 um site criado para o estudo da microscopia dos tecidos, dos \u00f3rg\u00e3os e dos sistemas.\u00a0 O MOL &#8211; Microscopia Online est\u00e1 na sua quarta vers\u00e3o, revisada em 2023. O MOL \u00e9 um tutorial interativo constitu\u00eddo de texto e imagens de c\u00e9lulas, tecidos e \u00f3rg\u00e3os obtidas por microscopia de luz. [&hellip;]<\/p>\n","protected":false},"author":2,"featured_media":0,"parent":0,"menu_order":0,"comment_status":"closed","ping_status":"closed","template":"","meta":{"_monsterinsights_skip_tracking":false,"_monsterinsights_sitenote_active":false,"_monsterinsights_sitenote_note":"","_monsterinsights_sitenote_category":0,"footnotes":""},"class_list":["post-13","page","type-page","status-publish","hentry"],"_links":{"self":[{"href":"https:\/\/mol.icb.usp.br\/index.php\/wp-json\/wp\/v2\/pages\/13"}],"collection":[{"href":"https:\/\/mol.icb.usp.br\/index.php\/wp-json\/wp\/v2\/pages"}],"about":[{"href":"https:\/\/mol.icb.usp.br\/index.php\/wp-json\/wp\/v2\/types\/page"}],"author":[{"embeddable":true,"href":"https:\/\/mol.icb.usp.br\/index.php\/wp-json\/wp\/v2\/users\/2"}],"replies":[{"embeddable":true,"href":"https:\/\/mol.icb.usp.br\/index.php\/wp-json\/wp\/v2\/comments?post=13"}],"version-history":[{"count":62,"href":"https:\/\/mol.icb.usp.br\/index.php\/wp-json\/wp\/v2\/pages\/13\/revisions"}],"predecessor-version":[{"id":9077,"href":"https:\/\/mol.icb.usp.br\/index.php\/wp-json\/wp\/v2\/pages\/13\/revisions\/9077"}],"wp:attachment":[{"href":"https:\/\/mol.icb.usp.br\/index.php\/wp-json\/wp\/v2\/media?parent=13"}],"curies":[{"name":"wp","href":"https:\/\/api.w.org\/{rel}","templated":true}]}}