{"id":1290,"date":"2017-07-03T15:21:54","date_gmt":"2017-07-03T18:21:54","guid":{"rendered":"http:\/\/mol.icb.usp.br\/?page_id=1290"},"modified":"2020-04-25T18:05:56","modified_gmt":"2020-04-25T21:05:56","slug":"4-1-tecido-conjuntivo","status":"publish","type":"page","link":"https:\/\/mol.icb.usp.br\/index.php\/4-1-tecido-conjuntivo\/","title":{"rendered":"4-1 Tecido conjuntivo"},"content":{"rendered":"<div class=\"su-row\">\n  <div class=\"su-column su-column-size-1-1\"><div class=\"su-column-inner su-u-clearfix su-u-trim\"> <strong>CARACTER\u00cdSTICAS E COMPONENTES DO TECIDO CONJUNTIVO &#8211; 1 <\/strong><\/div><\/div>\n<\/div>\n<div class=\"su-row\">\n  <div class=\"su-column su-column-size-1-2\"><div class=\"su-column-inner su-u-clearfix su-u-trim\">A observa\u00e7\u00e3o das duas imagens ressalta uma das principais caracter\u00edsticas do tecido conjuntivo: a grande quantidade de matriz extracelular (MEC) existente entre suas c\u00e9lulas.<br \/>\nColoque o cursor ou clique sobre a imagem: a MEC ficar\u00e1 destacada em azul e as c\u00e9lulas em vermelho.<\/p>\n<p>No tecido conjuntivo tanto as c\u00e9lulas como a matriz exercem fun\u00e7\u00f5es muito importantes para o funcionamento de outros tecidos, \u00f3rg\u00e3os e do organismo como um todo.<\/p>\n<p>O tecido conjuntivo se origina do <strong>mes\u00eanquima<\/strong>, um tecido conjuntivo primitivo com potencialidade de formar os variados tipos e subtipos de tecido conjuntivo. As c\u00e9lulas do mes\u00eanquima, <strong>c\u00e9lulas mesenquimais<\/strong>, s\u00e3o formadas a partir do folheto intermedi\u00e1rio do embri\u00e3o, o mesoderma, no fim do primeiro m\u00eas de vida intra-uterina. Algumas por\u00e7\u00f5es do mes\u00eanquima da cabe\u00e7a podem ter origem de c\u00e9lulas da crista neural. C\u00e9lulas mesenquimais persistem durante toda a vida do indiv\u00edduo e funcionam como c\u00e9lulas-tronco para a reposi\u00e7\u00e3o ou nova forma\u00e7\u00e3o de tecido conjuntivo.<br \/>\nO tecido conjuntivo pode ser conceituado como um tecido de origem fundamentalmente mesod\u00e9rmica, constitu\u00eddo de diferentes tipos de c\u00e9lulas e de uma matriz extracelular complexa, formada por muitos componentes moleculares.<\/p>\n<p>H\u00e1 v\u00e1rios tipos e subtipos de tecido conjuntivo formados por diferentes combina\u00e7\u00f5es de c\u00e9lulas e matriz. Estas combina\u00e7\u00f5es espec\u00edficas t\u00eam como resultado diferentes estrutura\u00e7\u00f5es e variadas fun\u00e7\u00f5es exercidas por este tecido.<\/p>\n<\/div><\/div>\n  <div class=\"su-column su-column-size-1-2\"><div class=\"su-column-inner su-u-clearfix su-u-trim\"> <\/p>\n<div onclick>\n<div class=\"image-container\">\n<div class=\"extra\">\n<a href=\"javascript:void(0)\"><img decoding=\"async\" src=\" http:\/\/mol.icb.usp.br\/wp-content\/uploads\/4-1A.jpg \" onmouseover=\"this.src=' http:\/\/mol.icb.usp.br\/wp-content\/uploads\/4-1AMO.jpg'\" onmouseout=\"this.src=' http:\/\/mol.icb.usp.br\/wp-content\/uploads\/4-1A.jpg'\" \/><\/a><\/div>\n<p>Cartilagem hialina. Colora\u00e7\u00e3o: hematoxilina e eosina. Aumento m\u00e9dio. <\/p>\n<p><img decoding=\"async\" src=\"http:\/\/mol.icb.usp.br\/wp-content\/uploads\/mouse-1.gif\"\/><\/a><\/p>\n<div class=\"image-container\">\n<div class=\"extra\">\n<a href=\"javascript:void(0)\"><img decoding=\"async\" src=\" http:\/\/mol.icb.usp.br\/wp-content\/uploads\/4-1B.jpg \" onmouseover=\"this.src=' http:\/\/mol.icb.usp.br\/wp-content\/uploads\/4-1BMO.jpg'\" onmouseout=\"this.src=' http:\/\/mol.icb.usp.br\/wp-content\/uploads\/4-1B.jpg'\" \/><\/a><\/div>\n<p>Tecido conjuntivo denso n\u00e3o modelado. Colora\u00e7\u00e3o: hematoxilina e eosina. Aumento m\u00e9dio.<br \/>\n  .<\/p>\n<p><img decoding=\"async\" src=\"http:\/\/mol.icb.usp.br\/wp-content\/uploads\/mouse-1.gif\"\/><\/a><\/p>\n<div onclick=\"\"><strong>Tablets e telefones celulares:<\/strong><br \/>\nClique sobre a figura para acessar outra imagem. Clique fora da figura para voltar \u00e0 primeira imagem.<\/p>\n<p>Para navegar no MOL, use os links ACESSAR P\u00c1GINA ANTERIOR e ACESSAR P\u00c1GINA SEGUINTE situados abaixo da figura.<\/p>\n<p><strong>NAVEGA\u00c7\u00c3O NO MOL:<\/strong><\/p>\n<p><a href=\"http:\/\/mol.icb.usp.br\/index.php\/4-0-tecido-conjuntivo\/\">ACESSAR P\u00c1GINA ANTERIOR<\/a><\/p>\n<p><a href=\"http:\/\/mol.icb.usp.br\/index.php\/4-2-tecido-conjuntivo\/\">ACESSAR P\u00c1GINA SEGUINTE<\/a>\n<\/div>\n<\/div>\n<\/div>\n<p><\/body><br \/>\n<\/html> <\/div><\/div>\n<\/div>\n","protected":false},"excerpt":{"rendered":"","protected":false},"author":2,"featured_media":0,"parent":0,"menu_order":0,"comment_status":"closed","ping_status":"closed","template":"","meta":{"_monsterinsights_skip_tracking":false,"_monsterinsights_sitenote_active":false,"_monsterinsights_sitenote_note":"","_monsterinsights_sitenote_category":0,"footnotes":""},"class_list":["post-1290","page","type-page","status-publish","hentry"],"_links":{"self":[{"href":"https:\/\/mol.icb.usp.br\/index.php\/wp-json\/wp\/v2\/pages\/1290"}],"collection":[{"href":"https:\/\/mol.icb.usp.br\/index.php\/wp-json\/wp\/v2\/pages"}],"about":[{"href":"https:\/\/mol.icb.usp.br\/index.php\/wp-json\/wp\/v2\/types\/page"}],"author":[{"embeddable":true,"href":"https:\/\/mol.icb.usp.br\/index.php\/wp-json\/wp\/v2\/users\/2"}],"replies":[{"embeddable":true,"href":"https:\/\/mol.icb.usp.br\/index.php\/wp-json\/wp\/v2\/comments?post=1290"}],"version-history":[{"count":9,"href":"https:\/\/mol.icb.usp.br\/index.php\/wp-json\/wp\/v2\/pages\/1290\/revisions"}],"predecessor-version":[{"id":6858,"href":"https:\/\/mol.icb.usp.br\/index.php\/wp-json\/wp\/v2\/pages\/1290\/revisions\/6858"}],"wp:attachment":[{"href":"https:\/\/mol.icb.usp.br\/index.php\/wp-json\/wp\/v2\/media?parent=1290"}],"curies":[{"name":"wp","href":"https:\/\/api.w.org\/{rel}","templated":true}]}}