{"id":1259,"date":"2017-06-24T17:30:17","date_gmt":"2017-06-24T20:30:17","guid":{"rendered":"http:\/\/mol.icb.usp.br\/?page_id=1259"},"modified":"2018-03-06T21:35:21","modified_gmt":"2018-03-07T00:35:21","slug":"3-21-tecido-epitelial-glandular","status":"publish","type":"page","link":"https:\/\/mol.icb.usp.br\/index.php\/3-21-tecido-epitelial-glandular\/","title":{"rendered":"3-21 Tecido epitelial glandular"},"content":{"rendered":"<div class=\"su-row\">\n  <div class=\"su-column su-column-size-1-1\"><div class=\"su-column-inner su-u-clearfix su-u-trim\"> <strong>GL\u00c2NDULAS END\u00d3CRINAS &#8211; 1 <\/strong><\/div><\/div>\n<\/div>\n<div class=\"su-row\">\n  <div class=\"su-column su-column-size-1-2\"><div class=\"su-column-inner su-u-clearfix su-u-trim\"> <strong>Tipos de gl\u00e2ndulas end\u00f3crinas<\/strong><\/p>\n<p>H\u00e1 basicamente dois tipos de gl\u00e2ndulas end\u00f3crinas:<br \/>\n<strong>Gl\u00e2ndula end\u00f3crina cordonal<\/strong> &#8211; suas c\u00e9lulas se organizam formando placas de c\u00e9lulas. Estas placas t\u00eam formas diversas e s\u00e3o envolvidas por muitos capilares sangu\u00edneos que recebem os produtos de secre\u00e7\u00e3o e os distribuem pelo corpo pela circula\u00e7\u00e3o sangu\u00ednea.<br \/>\n<strong>Gl\u00e2ndula end\u00f3crina folicular<\/strong> \u2013 formada por milhares de <strong>pequenas esferas<\/strong> cuja parede \u00e9 constitu\u00edda por um <strong>epit\u00e9lio simples c\u00fabico<\/strong>. Essas esferas s\u00e3o chamadas <strong>fol\u00edculos<\/strong>. A \u00fanica grande gl\u00e2ndula end\u00f3crina folicular do corpo \u00e9 a tiroide. Nos interior dos fol\u00edculos \u00e9 acumulada a secre\u00e7\u00e3o da gl\u00e2ndula.<\/p>\n<p><strong>Gl\u00e2ndula end\u00f3crina cordonal<\/strong><br \/>\nA maioria das gl\u00e2ndulas end\u00f3crinas \u00e9 deste tipo: ilhotas de Langerhans, adrenais, paratiroides, adenohip\u00f3fise, corpo l\u00fateo.<\/p>\n<p>A imagem \u00e9 de uma <strong>ilhota de Langerhans<\/strong> na qual se observam cord\u00f5es de c\u00e9lulas (destacados em azul claro ap\u00f3s mover o cursor ou clicar). Em cortes histol\u00f3gicos se observam cord\u00f5es, por\u00e9m na verdade s\u00e3o pequenas placas.<br \/>\nAs placas s\u00e3o envolvidos por uma abundante rede de <strong>capilares sangu\u00edneos<\/strong> que nesta imagem s\u00e3o vistos como espa\u00e7os de forma irregular, vazios, e que ficam ressaltados em cor de rosa.<br \/>\nAs ilhotas de Langerhans s\u00e3o milhares de pequenas gl\u00e2ndulas que se situam no interior do p\u00e2ncreas &#8211; lembrando que o p\u00e2ncreas possui uma por\u00e7\u00e3o ex\u00f3crina formada por \u00e1cinos serosos. Repare em torno da ilhota: uma grande quantidade destes \u00e1cinos, que s\u00e3o respons\u00e1veis pela secre\u00e7\u00e3o ex\u00f3crina do p\u00e2ncreas, j\u00e1 vistos anteriormente.<\/p>\n<\/div><\/div>\n  <div class=\"su-column su-column-size-1-2\"><div class=\"su-column-inner su-u-clearfix su-u-trim\"> <\/p>\n<div onclick>\n<div class=\"image-container\">\n<div class=\"extra\">\n<a href=\"javascript:void(0)\"><img decoding=\"async\" src=\" http:\/\/mol.icb.usp.br\/wp-content\/uploads\/3-21.jpg \" onmouseover=\"this.src=' http:\/\/mol.icb.usp.br\/wp-content\/uploads\/3-21MO.jpg'\" onmouseout=\"this.src=' http:\/\/mol.icb.usp.br\/wp-content\/uploads\/3-21.jpg'\" \/><\/a><\/div>\n<p>P\u00e2ncreas. Colora\u00e7\u00e3o: HE. Aumento: pequeno.<\/p>\n<p><img decoding=\"async\" src=\"http:\/\/mol.icb.usp.br\/wp-content\/uploads\/mouse-1.gif\"\/><\/a><\/p>\n<div onclick=\"\">\n<\/p>\n<p><strong>NAVEGA\u00c7\u00c3O NO MOL:<\/strong><\/p>\n<p><a href=\"http:\/\/mol.icb.usp.br\/index.php\/3-20-tecido-epitelial-glandular\/\">ACESSAR P\u00c1GINA ANTERIOR<\/a><\/p>\n<p><a href=\"http:\/\/mol.icb.usp.br\/index.php\/3-22-tecido-epitelial-glandular\/\">ACESSAR P\u00c1GINA SEGUINTE<\/a>\n<\/div>\n<\/div>\n<\/div>\n<p><\/body><br \/>\n<\/html> <\/div><\/div>\n<\/div>\n","protected":false},"excerpt":{"rendered":"","protected":false},"author":2,"featured_media":0,"parent":0,"menu_order":0,"comment_status":"closed","ping_status":"closed","template":"","meta":{"_monsterinsights_skip_tracking":false,"_monsterinsights_sitenote_active":false,"_monsterinsights_sitenote_note":"","_monsterinsights_sitenote_category":0,"footnotes":""},"class_list":["post-1259","page","type-page","status-publish","hentry"],"_links":{"self":[{"href":"https:\/\/mol.icb.usp.br\/index.php\/wp-json\/wp\/v2\/pages\/1259"}],"collection":[{"href":"https:\/\/mol.icb.usp.br\/index.php\/wp-json\/wp\/v2\/pages"}],"about":[{"href":"https:\/\/mol.icb.usp.br\/index.php\/wp-json\/wp\/v2\/types\/page"}],"author":[{"embeddable":true,"href":"https:\/\/mol.icb.usp.br\/index.php\/wp-json\/wp\/v2\/users\/2"}],"replies":[{"embeddable":true,"href":"https:\/\/mol.icb.usp.br\/index.php\/wp-json\/wp\/v2\/comments?post=1259"}],"version-history":[{"count":10,"href":"https:\/\/mol.icb.usp.br\/index.php\/wp-json\/wp\/v2\/pages\/1259\/revisions"}],"predecessor-version":[{"id":5636,"href":"https:\/\/mol.icb.usp.br\/index.php\/wp-json\/wp\/v2\/pages\/1259\/revisions\/5636"}],"wp:attachment":[{"href":"https:\/\/mol.icb.usp.br\/index.php\/wp-json\/wp\/v2\/media?parent=1259"}],"curies":[{"name":"wp","href":"https:\/\/api.w.org\/{rel}","templated":true}]}}