{"id":1231,"date":"2017-06-23T20:22:55","date_gmt":"2017-06-23T23:22:55","guid":{"rendered":"http:\/\/mol.icb.usp.br\/?page_id=1231"},"modified":"2018-03-06T20:56:10","modified_gmt":"2018-03-06T23:56:10","slug":"3-19-tecido-epitelial-glandular","status":"publish","type":"page","link":"https:\/\/mol.icb.usp.br\/index.php\/3-19-tecido-epitelial-glandular\/","title":{"rendered":"3-19 Tecido epitelial glandular"},"content":{"rendered":"<p><strong>PAR\u00caNQUIMA E ESTROMA<\/strong><\/p>\n<p>H\u00e1 no corpo milhares de pequenas gl\u00e2ndulas situadas em diversos \u00f3rg\u00e3os e estruturas. S\u00e3o, por exemplo, as gl\u00e2ndulas que est\u00e3o nos l\u00e1bios, bochechas, l\u00edngua, parede do es\u00f4fago, intestino delgado e, no sistema respirat\u00f3rio, urin\u00e1rio e em v\u00e1rios outros locais. Estas gl\u00e2ndulas est\u00e3o inseridas no tecido conjuntivo do \u00f3rg\u00e3o e n\u00e3o s\u00e3o entidades anat\u00f4micas distintas, isto \u00e9, n\u00e3o s\u00e3o separadas do local em que se encontram e, geralmente, n\u00e3o s\u00e3o dissec\u00e1veis.<\/p>\n<p>As grandes gl\u00e2ndulas ex\u00f3crinas que constituem entidades anat\u00f4micas distintas, como por exemplo as gl\u00e2ndulas salivares principais e o p\u00e2ncreas, s\u00e3o dissec\u00e1veis e, al\u00e9m disso t\u00eam uma organiza\u00e7\u00e3o caracter\u00edstica que ser\u00e1 analisada na pr\u00f3xima p\u00e1gina. Nestas grandes gl\u00e2ndulas (e tamb\u00e9m em alguns outros \u00f3rg\u00e3os que n\u00e3o sejam gl\u00e2ndulas) \u00e9 poss\u00edvel reconhecer dois componentes distintos:<\/p>\n<p><strong>Par\u00eanquima<\/strong> &#8211; \u00e9 a por\u00e7\u00e3o do \u00f3rg\u00e3o constitu\u00edda pelas c\u00e9lulas caracter\u00edsticas deste \u00f3rg\u00e3o. Se for uma gl\u00e2ndula ex\u00f3crina \u00e9 a por\u00e7\u00e3o constitu\u00edda pelas c\u00e9lulas secretoras e dutos. Se for uma gl\u00e2ndula end\u00f3crina s\u00e3o as c\u00e9lulas secretoras. Representa, portanto, a parte funcional do \u00f3rg\u00e3o, que exerce as fun\u00e7\u00f5es t\u00edpicas daquele \u00f3rg\u00e3o.<\/p>\n<p><strong>Estroma<\/strong> &#8211; \u00e9 a por\u00e7\u00e3o respons\u00e1vel pela sustenta\u00e7\u00e3o e nutri\u00e7\u00e3o do \u00f3rg\u00e3o. \u00c9 constitu\u00eddo por tecido conjuntivo que existe em volta e entre as por\u00e7\u00f5es secretoras e os dutos. Sua fun\u00e7\u00e3o \u00e9 dar suporte \u00e0 gl\u00e2ndula, manter unidas suas diferentes partes, conduzir vasos, nervos e dutos excretores e eventualmente recobrir a gl\u00e2ndula como um todo formando uma c\u00e1psula.<\/p>\n<p>O conceito de <em>par\u00eanquima<\/em> e <em>estroma<\/em> tamb\u00e9m \u00e9 aplicado a estruturas e \u00f3rg\u00e3os que n\u00e3o sejam gl\u00e2ndulas.<\/p>\n<p><strong>NAVEGA\u00c7\u00c3O NO MOL:<\/strong><\/p>\n<p><a href=\"http:\/\/mol.icb.usp.br\/index.php\/3-18-tecido-epitelial-glandular\/\">ACESSAR P\u00c1GINA ANTERIOR<\/a><\/p>\n<p><a href=\"http:\/\/mol.icb.usp.br\/index.php\/3-20-tecido-epitelial-glandular\/\">ACESSAR P\u00c1GINA SEGUINTE<\/a><\/p>\n","protected":false},"excerpt":{"rendered":"<p>PAR\u00caNQUIMA E ESTROMA H\u00e1 no corpo milhares de pequenas gl\u00e2ndulas situadas em diversos \u00f3rg\u00e3os e estruturas. S\u00e3o, por exemplo, as gl\u00e2ndulas que est\u00e3o nos l\u00e1bios, bochechas, l\u00edngua, parede do es\u00f4fago, intestino delgado e, no sistema respirat\u00f3rio, urin\u00e1rio e em v\u00e1rios outros locais. Estas gl\u00e2ndulas est\u00e3o inseridas no tecido conjuntivo do \u00f3rg\u00e3o e n\u00e3o s\u00e3o entidades [&hellip;]<\/p>\n","protected":false},"author":2,"featured_media":0,"parent":0,"menu_order":0,"comment_status":"closed","ping_status":"closed","template":"","meta":{"_monsterinsights_skip_tracking":false,"_monsterinsights_sitenote_active":false,"_monsterinsights_sitenote_note":"","_monsterinsights_sitenote_category":0,"footnotes":""},"class_list":["post-1231","page","type-page","status-publish","hentry"],"_links":{"self":[{"href":"https:\/\/mol.icb.usp.br\/index.php\/wp-json\/wp\/v2\/pages\/1231"}],"collection":[{"href":"https:\/\/mol.icb.usp.br\/index.php\/wp-json\/wp\/v2\/pages"}],"about":[{"href":"https:\/\/mol.icb.usp.br\/index.php\/wp-json\/wp\/v2\/types\/page"}],"author":[{"embeddable":true,"href":"https:\/\/mol.icb.usp.br\/index.php\/wp-json\/wp\/v2\/users\/2"}],"replies":[{"embeddable":true,"href":"https:\/\/mol.icb.usp.br\/index.php\/wp-json\/wp\/v2\/comments?post=1231"}],"version-history":[{"count":6,"href":"https:\/\/mol.icb.usp.br\/index.php\/wp-json\/wp\/v2\/pages\/1231\/revisions"}],"predecessor-version":[{"id":5629,"href":"https:\/\/mol.icb.usp.br\/index.php\/wp-json\/wp\/v2\/pages\/1231\/revisions\/5629"}],"wp:attachment":[{"href":"https:\/\/mol.icb.usp.br\/index.php\/wp-json\/wp\/v2\/media?parent=1231"}],"curies":[{"name":"wp","href":"https:\/\/api.w.org\/{rel}","templated":true}]}}