{"id":1203,"date":"2017-06-22T23:22:49","date_gmt":"2017-06-23T02:22:49","guid":{"rendered":"http:\/\/mol.icb.usp.br\/?page_id=1203"},"modified":"2018-03-06T20:53:42","modified_gmt":"2018-03-06T23:53:42","slug":"3-18-tecido-epitelial-glandular","status":"publish","type":"page","link":"https:\/\/mol.icb.usp.br\/index.php\/3-18-tecido-epitelial-glandular\/","title":{"rendered":"3-18 Tecido epitelial glandular"},"content":{"rendered":"<div class=\"su-row\">\n  <div class=\"su-column su-column-size-1-1\"><div class=\"su-column-inner su-u-clearfix su-u-trim\"> <strong>DUTOS EXCRETORES<\/strong> <\/div><\/div>\n<\/div>\n<div class=\"su-row\">\n  <div class=\"su-column su-column-size-1-2\"><div class=\"su-column-inner su-u-clearfix su-u-trim\"> Os dutos excretores s\u00e3o tubos que se continuam com as unidades ou por\u00e7\u00f5es secretoras, iniciais, das gl\u00e2ndulas ex\u00f3crinas. Seu l\u00famen se continua com o l\u00famen da unidade secretora e, desta maneira, a secre\u00e7\u00e3o \u00e9 conduzida da por\u00e7\u00e3o secretora para o duto excretor e este conduz a secre\u00e7\u00e3o at\u00e9 a sua por\u00e7\u00e3o terminal.<br \/>\nA <strong>parede dos dutos<\/strong> \u00e9 formada por um <strong>epit\u00e9lio de revestimento<\/strong>, cujas caracter\u00edsticas variam com a posi\u00e7\u00e3o do duto em rela\u00e7\u00e3o \u00e0 unidade secretora (pr\u00f3ximo, distante) e com sua localiza\u00e7\u00e3o na gl\u00e2ndula.<\/p>\n<p>De modo geral, este epit\u00e9lio \u00e9 inicialmente um <strong>epit\u00e9lio simples c\u00fabico ou cuboide<\/strong>. Veja a duas primeiras figuras ao lado, de um corte de gl\u00e2ndula par\u00f3tida destacando os dutos em verde. S\u00e3o tr\u00eas dutos na primeira figura e dois na segunda. Estes dutos est\u00e3o envolvidos por \u00e1cinos serosos. O seu l\u00famen (destacado em azul) \u00e9  estreito.<br \/>\nRepare que os \u00e1cinos serosos est\u00e3o muito pr\u00f3ximos um do outro e n\u00e3o \u00e9 muito f\u00e1cil seu diagn\u00f3stico.<\/p>\n<p>Em dutos mais calibrosos, formados pela reuni\u00e3o de dutos mais delgados, o epit\u00e9lio pode se tornar <strong>colunar ou at\u00e9 mesmo estratificado<\/strong> \u2013 <a href=\"http:\/\/mol.icb.usp.br\/index.php\/2-18-tecido-epitelial-de-revestimento\/\" rel=\"noopener\" target=\"_blank\">veja novamente no M\u00f3dulo sobre <em>Epit\u00e9lios de revestimento<\/em> um duto excretor revestido por epit\u00e9lio estratificado<\/a>.<\/p>\n<p>A terceira figura representa um duto calibroso de uma gl\u00e2ndula sublingual. Repare que, diferente das duas outras figuras, este duto n\u00e3o est\u00e1 diretamente envolvido por unidades secretoras, mas por uma faixa de tecido conjuntivo. Trata-se de um duto resultante da uni\u00e3o de dutos mais delgados &#8211; mais detalhes sobre isso na pr\u00f3xima p\u00e1gina. Repare que partes de sua parede s\u00e3o revestidas por epit\u00e9lio estratificado &#8211; observe a seta.<br \/>\nEm torno deste duto h\u00e1 in\u00fameras estruturas que j\u00e1 foram mostradas anteriormente neste mesmo M\u00f3dulo. Consegue diagnostic\u00e1-las? Veja a resposta abaixo.<\/p>\n<p>Em gl\u00e2ndulas volumosas, como nas gl\u00e2ndulas salivares, p\u00e2ncreas, f\u00edgado, h\u00e1 uma verdadeira \u00e1rvore formada por dutos excretores.  Pr\u00f3ximo \u00e0s unidades secretoras estes dutos s\u00e3o delgados, re\u00fanem-se progressivamente com dutos de outras unidades secretoras, s\u00e3o envolvidos por quantidade maior de tecido conjuntivo acabam tornando-se cada vez mais calibrosos, at\u00e9 que terminam em uma superf\u00edcie onde o l\u00famen se abre e para onde secre\u00e7\u00e3o \u00e9 lan\u00e7ada.<\/p>\n<p>Resposta da terceira figura: s\u00e3o t\u00fabulos mucosos.<\/p>\n<\/div><\/div>\n  <div class=\"su-column su-column-size-1-2\"><div class=\"su-column-inner su-u-clearfix su-u-trim\"> <\/p>\n<div onclick>\n<div class=\"image-container\">\n<div class=\"extra\">\n<a href=\"javascript:void(0)\"><img decoding=\"async\" src=\" http:\/\/mol.icb.usp.br\/wp-content\/uploads\/3-18-A.jpg \" onmouseover=\"this.src=' http:\/\/mol.icb.usp.br\/wp-content\/uploads\/3-18MO-A.jpg'\" onmouseout=\"this.src=' http:\/\/mol.icb.usp.br\/wp-content\/uploads\/3-18-A.jpg'\" \/><\/a><\/div>\n<p>Par\u00f3tida. Colora\u00e7\u00e3o: hematoxilina e eosina. Aumento: m\u00e9dio.<\/p>\n<p><img decoding=\"async\" src=\"http:\/\/mol.icb.usp.br\/wp-content\/uploads\/mouse-1.gif\"\/><\/a><\/p>\n<div class=\"extra\">\n<a href=\"javascript:void(0)\"><img decoding=\"async\" src=\" http:\/\/mol.icb.usp.br\/wp-content\/uploads\/3-18-B.jpg \" onmouseover=\"this.src=' http:\/\/mol.icb.usp.br\/wp-content\/uploads\/3-18MO-B.jpg'\" onmouseout=\"this.src=' http:\/\/mol.icb.usp.br\/wp-content\/uploads\/3-18-B.jpg'\" \/><\/a><\/div>\n<p>Par\u00f3tida. Colora\u00e7\u00e3o: hematoxilina e eosina. Aumento: m\u00e9dio.<br \/>\n  .<\/p>\n<p><img decoding=\"async\" src=\"http:\/\/mol.icb.usp.br\/wp-content\/uploads\/mouse-1.gif\"\/><\/a><\/p>\n<div class=\"extra\">\n<a href=\"javascript:void(0)\"><img decoding=\"async\" src=\" http:\/\/mol.icb.usp.br\/wp-content\/uploads\/3-18-C.jpg \" onmouseover=\"this.src=' http:\/\/mol.icb.usp.br\/wp-content\/uploads\/3-18MO-C.jpg'\" onmouseout=\"this.src=' http:\/\/mol.icb.usp.br\/wp-content\/uploads\/3-18-C.jpg'\" \/><\/a><\/div>\n<p>Gl\u00e2ndula sublingual. Colora\u00e7\u00e3o: hematoxilina e eosina. Aumento: m\u00e9dio.<\/p>\n<p><img decoding=\"async\" src=\"http:\/\/mol.icb.usp.br\/wp-content\/uploads\/mouse-1.gif\"\/><\/a><\/p>\n<div onclick=\"\"><strong>Tablets e telefones celulares:<\/strong><br \/>\nClique sobre a figura para acessar outra imagem. Clique fora da figura para voltar \u00e0 primeira imagem.<\/p>\n<p>Para navegar no MOL, use os links ACESSAR P\u00c1GINA ANTERIOR e ACESSAR P\u00c1GINA SEGUINTE situados abaixo da figura.<\/p>\n<p><strong>NAVEGA\u00c7\u00c3O NO MOL:<\/strong><\/p>\n<p><a href=\"http:\/\/mol.icb.usp.br\/index.php\/3-17-tecido-epitelial-glandular\/\">ACESSAR P\u00c1GINA ANTERIOR<\/a><\/p>\n<p><a href=\"http:\/\/mol.icb.usp.br\/index.php\/3-19-tecido-epitelial-glandular\/\">ACESSAR P\u00c1GINA SEGUINTE<\/a>\n<\/div>\n<\/div>\n<\/div>\n<p><\/body><br \/>\n<\/html> <\/div><\/div>\n<\/div>\n","protected":false},"excerpt":{"rendered":"","protected":false},"author":2,"featured_media":0,"parent":0,"menu_order":0,"comment_status":"closed","ping_status":"closed","template":"","meta":{"_monsterinsights_skip_tracking":false,"_monsterinsights_sitenote_active":false,"_monsterinsights_sitenote_note":"","_monsterinsights_sitenote_category":0,"footnotes":""},"class_list":["post-1203","page","type-page","status-publish","hentry"],"_links":{"self":[{"href":"https:\/\/mol.icb.usp.br\/index.php\/wp-json\/wp\/v2\/pages\/1203"}],"collection":[{"href":"https:\/\/mol.icb.usp.br\/index.php\/wp-json\/wp\/v2\/pages"}],"about":[{"href":"https:\/\/mol.icb.usp.br\/index.php\/wp-json\/wp\/v2\/types\/page"}],"author":[{"embeddable":true,"href":"https:\/\/mol.icb.usp.br\/index.php\/wp-json\/wp\/v2\/users\/2"}],"replies":[{"embeddable":true,"href":"https:\/\/mol.icb.usp.br\/index.php\/wp-json\/wp\/v2\/comments?post=1203"}],"version-history":[{"count":20,"href":"https:\/\/mol.icb.usp.br\/index.php\/wp-json\/wp\/v2\/pages\/1203\/revisions"}],"predecessor-version":[{"id":5626,"href":"https:\/\/mol.icb.usp.br\/index.php\/wp-json\/wp\/v2\/pages\/1203\/revisions\/5626"}],"wp:attachment":[{"href":"https:\/\/mol.icb.usp.br\/index.php\/wp-json\/wp\/v2\/media?parent=1203"}],"curies":[{"name":"wp","href":"https:\/\/api.w.org\/{rel}","templated":true}]}}