{"id":1198,"date":"2017-06-22T22:26:20","date_gmt":"2017-06-23T01:26:20","guid":{"rendered":"http:\/\/mol.icb.usp.br\/?page_id=1198"},"modified":"2018-03-18T10:58:31","modified_gmt":"2018-03-18T13:58:31","slug":"3-17-tecido-epitelial-glandular","status":"publish","type":"page","link":"https:\/\/mol.icb.usp.br\/index.php\/3-17-tecido-epitelial-glandular\/","title":{"rendered":"3-17 Tecido epitelial glandular"},"content":{"rendered":"<div class=\"su-row\">\n  <div class=\"su-column su-column-size-1-1\"><div class=\"su-column-inner su-u-clearfix su-u-trim\"> <strong>T\u00daBULO MUCOSO E \u00c1CINO SEROSO<\/strong>  <\/div><\/div>\n<\/div>\n<div class=\"su-row\">\n  <div class=\"su-column su-column-size-1-2\"><div class=\"su-column-inner su-u-clearfix su-u-trim\">\nT\u00fabulos mucosos e \u00e1cinos serosos s\u00e3o unidades glandulares muito comuns no organismo, dispostos em v\u00e1rios \u00f3rg\u00e3os de diferentes sistemas.<br \/>\nFrequentemente os iniciantes confundem o diagn\u00f3stico de \u00e1cinos serosos com t\u00fabulos mucosos.<br \/>\nCompare as duas imagens para conhecer bem as diferen\u00e7as entre estas duas estruturas e para permitir seu diagn\u00f3stico correto.<br \/>\nOs t\u00fabulos mucosos est\u00e3o mostrados na figura superior e os \u00e1cinos serosos na figura inferior.<\/p>\n<p>Repare nos seguintes aspectos:<br \/>\n<strong>Forma das por\u00e7\u00f5es secretoras:<\/strong><br \/>\nt\u00fabulos mucosos &#8211; alongados, frequentemente ramificados<br \/>\n\u00e1cinos serosos &#8211; arredondados<\/p>\n<p><strong>Colora\u00e7\u00e3o das c\u00e9lulas secretoras:<\/strong><br \/>\nt\u00fabulos mucosos \u2013 citoplasma pouco corado. Coram-se por hematoxilina em azul bastante claro.<br \/>\n\u00e1cinos serosos &#8211; citoplasma bem corado por eosina e tamb\u00e9m por hematoxilina se tiver ergastoplasma abundante.<\/p>\n<p><strong>Forma das c\u00e9lulas secretoras:<\/strong><br \/>\nt\u00fabulos mucosos \u2013 c\u00e9lulas colunares ou piramidais, limites das c\u00e9lulas bem percebidos.<br \/>\n\u00e1cinos serosos \u2013 piramidais, limites das c\u00e9lulas nem sempre bem vis\u00edveis<\/p>\n<p><strong>Forma e posi\u00e7\u00e3o dos n\u00facleos:<\/strong><br \/>\nt\u00fabulos mucosos &#8211; alongados, &#8220;apertados&#8221; contra a base da c\u00e9lula, cromatina densa<br \/>\n\u00e1cinos serosos &#8211; esf\u00e9ricos, cromatina frouxa, nucl\u00e9olos frequentes.<\/p>\n<p><a href=\"http:\/\/mol.icb.usp.br\/index.php\/13-2-4-glandulas-salivares-2\/\" rel=\"noopener\" target=\"_blank\">Clique para comparar \u00e1cinos serosos e t\u00fabulos mucosos que se encontram lado a lado na imagem desta p\u00e1gina.<\/a><\/p>\n<\/div><\/div>\n  <div class=\"su-column su-column-size-1-2\"><div class=\"su-column-inner su-u-clearfix su-u-trim\"> <\/p>\n<p><img decoding=\"async\" src=\" http:\/\/mol.icb.usp.br\/wp-content\/uploads\/3-9.jpg \" \/><\/a><\/p>\n<p>T\u00fabulo mucoso. Colora\u00e7\u00e3o: HE. Aumento: m\u00e9dio.<\/p>\n<p><img decoding=\"async\" src=\" http:\/\/mol.icb.usp.br\/wp-content\/uploads\/3-14.jpg \" \/><\/a><\/p>\n<p>\u00c1cino seroso do p\u00e2ncreas. Colora\u00e7\u00e3o: HE. Aumento: m\u00e9dio .<\/p>\n<p><strong>NAVEGA\u00c7\u00c3O NO MOL:<\/strong><\/p>\n<p><a href=\"http:\/\/mol.icb.usp.br\/index.php\/3-16-tecido-epitelial-glandular\/\">ACESSAR P\u00c1GINA ANTERIOR<\/a><\/p>\n<p><a href=\"http:\/\/mol.icb.usp.br\/index.php\/3-18-tecido-epitelial-glandular\/\">ACESSAR P\u00c1GINA SEGUINTE<\/a><br \/>\n<\/div><\/div>\n<\/div>\n","protected":false},"excerpt":{"rendered":"","protected":false},"author":2,"featured_media":0,"parent":0,"menu_order":0,"comment_status":"closed","ping_status":"closed","template":"","meta":{"_monsterinsights_skip_tracking":false,"_monsterinsights_sitenote_active":false,"_monsterinsights_sitenote_note":"","_monsterinsights_sitenote_category":0,"footnotes":""},"class_list":["post-1198","page","type-page","status-publish","hentry"],"_links":{"self":[{"href":"https:\/\/mol.icb.usp.br\/index.php\/wp-json\/wp\/v2\/pages\/1198"}],"collection":[{"href":"https:\/\/mol.icb.usp.br\/index.php\/wp-json\/wp\/v2\/pages"}],"about":[{"href":"https:\/\/mol.icb.usp.br\/index.php\/wp-json\/wp\/v2\/types\/page"}],"author":[{"embeddable":true,"href":"https:\/\/mol.icb.usp.br\/index.php\/wp-json\/wp\/v2\/users\/2"}],"replies":[{"embeddable":true,"href":"https:\/\/mol.icb.usp.br\/index.php\/wp-json\/wp\/v2\/comments?post=1198"}],"version-history":[{"count":5,"href":"https:\/\/mol.icb.usp.br\/index.php\/wp-json\/wp\/v2\/pages\/1198\/revisions"}],"predecessor-version":[{"id":6303,"href":"https:\/\/mol.icb.usp.br\/index.php\/wp-json\/wp\/v2\/pages\/1198\/revisions\/6303"}],"wp:attachment":[{"href":"https:\/\/mol.icb.usp.br\/index.php\/wp-json\/wp\/v2\/media?parent=1198"}],"curies":[{"name":"wp","href":"https:\/\/api.w.org\/{rel}","templated":true}]}}