{"id":1123,"date":"2017-06-22T10:49:15","date_gmt":"2017-06-22T13:49:15","guid":{"rendered":"http:\/\/mol.icb.usp.br\/?page_id=1123"},"modified":"2018-03-05T22:11:21","modified_gmt":"2018-03-06T01:11:21","slug":"3-14-tecido-epitelial-glandular","status":"publish","type":"page","link":"https:\/\/mol.icb.usp.br\/index.php\/3-14-tecido-epitelial-glandular\/","title":{"rendered":"3-14 Tecido epitelial glandular"},"content":{"rendered":"<div class=\"su-row\">\n  <div class=\"su-column su-column-size-1-1\"><div class=\"su-column-inner su-u-clearfix su-u-trim\"> <strong>\u00c1CINO SEROSO &#8211; 4<\/strong> <\/div><\/div>\n<\/div>\n<div class=\"su-row\">\n  <div class=\"su-column su-column-size-1-2\"><div class=\"su-column-inner su-u-clearfix su-u-trim\"> Em um aumento ainda maior de um corte de p\u00e2ncreas, observe as caracter\u00edsticas dos \u00e1cinos serosos j\u00e1 apontadas nas p\u00e1ginas anteriores.<br \/>\nNesta figura h\u00e1 um \u00e1cino no centro da imagem, ressaltado por uma linha verde. Este \u00e1cino \u00e9 envolvido por por\u00e7\u00f5es de outros \u00e1cinos. Preste aten\u00e7\u00e3o para perceber como as c\u00e9lulas secretoras se re\u00fanem para constituir uma pequena estrutura ovoide para se organizar em um \u00e1cino. Imagine ainda que esta estrutura \u00e9, na verdade, tridimensional.<br \/>\nAs c\u00e9lulas acinosas s\u00e3o <strong>colunares ou piramidais<\/strong>. Algumas aparecem ressaltadas com um contorno preto. Coloque e retire o mouse v\u00e1rias vezes para poder perceber a forma destas e de outras c\u00e9lulas presentes na imagem.<br \/>\nH\u00e1 tamb\u00e9m no p\u00e2ncreas outras estruturas que s\u00e3o <strong>gl\u00e2ndulas end\u00f3crinas cordonais<\/strong>, denominadas <strong>ilhotas de Langerhans<\/strong>. Estas ilhotas de c\u00e9lulas se disp\u00f5em no interior do p\u00e2ncreas entre a por\u00e7\u00e3o ex\u00f3crina do p\u00e2ncreas, representada pelos \u00e1cinos serosos. Mais adiante neste M\u00f3dulo ser\u00e3o mostradas estas gl\u00e2ndulas end\u00f3crinas.<\/p>\n<\/div><\/div>\n  <div class=\"su-column su-column-size-1-2\"><div class=\"su-column-inner su-u-clearfix su-u-trim\"> <\/p>\n<div onclick>\n<div class=\"image-container\">\n<div class=\"extra\">\n<a href=\"javascript:void(0)\"><img decoding=\"async\" src=\" http:\/\/mol.icb.usp.br\/wp-content\/uploads\/3-14.jpg \" onmouseover=\"this.src=' http:\/\/mol.icb.usp.br\/wp-content\/uploads\/3-14MO.jpg'\" onmouseout=\"this.src=' http:\/\/mol.icb.usp.br\/wp-content\/uploads\/3-14.jpg'\" \/><\/a><\/div>\n<p>P\u00e2ncreas. Colora\u00e7\u00e3o: HE. Aumento: grande.<\/p>\n<p><img decoding=\"async\" src=\"http:\/\/mol.icb.usp.br\/wp-content\/uploads\/mouse-1.gif\"\/><\/a><\/p>\n<div onclick=\"\">\n<p><strong>Tablets e telefones celulares:<\/strong><br \/>\nClique sobre a figura para acessar outra imagem. Clique fora da figura para voltar \u00e0 primeira imagem.<\/p>\n<p>Para navegar no MOL, use os links ACESSAR P\u00c1GINA ANTERIOR e ACESSAR P\u00c1GINA SEGUINTE situados abaixo da figura.<\/p>\n<\/p>\n<p><strong>NAVEGA\u00c7\u00c3O NO MOL:<\/strong><\/p>\n<p><a href=\"http:\/\/mol.icb.usp.br\/index.php\/3-13-tecido-epitelial-glandular\/\">ACESSAR P\u00c1GINA ANTERIOR<\/a><\/p>\n<p><a href=\"http:\/\/mol.icb.usp.br\/index.php\/3-15-tecido-epitelial-glandular\/\">ACESSAR P\u00c1GINA SEGUINTE<\/a>\n<\/div>\n<\/div>\n<\/div>\n<p><\/body><br \/>\n<\/html> <\/div><\/div>\n<\/div>\n","protected":false},"excerpt":{"rendered":"","protected":false},"author":2,"featured_media":0,"parent":0,"menu_order":0,"comment_status":"closed","ping_status":"closed","template":"","meta":{"_monsterinsights_skip_tracking":false,"_monsterinsights_sitenote_active":false,"_monsterinsights_sitenote_note":"","_monsterinsights_sitenote_category":0,"footnotes":""},"class_list":["post-1123","page","type-page","status-publish","hentry"],"_links":{"self":[{"href":"https:\/\/mol.icb.usp.br\/index.php\/wp-json\/wp\/v2\/pages\/1123"}],"collection":[{"href":"https:\/\/mol.icb.usp.br\/index.php\/wp-json\/wp\/v2\/pages"}],"about":[{"href":"https:\/\/mol.icb.usp.br\/index.php\/wp-json\/wp\/v2\/types\/page"}],"author":[{"embeddable":true,"href":"https:\/\/mol.icb.usp.br\/index.php\/wp-json\/wp\/v2\/users\/2"}],"replies":[{"embeddable":true,"href":"https:\/\/mol.icb.usp.br\/index.php\/wp-json\/wp\/v2\/comments?post=1123"}],"version-history":[{"count":11,"href":"https:\/\/mol.icb.usp.br\/index.php\/wp-json\/wp\/v2\/pages\/1123\/revisions"}],"predecessor-version":[{"id":5613,"href":"https:\/\/mol.icb.usp.br\/index.php\/wp-json\/wp\/v2\/pages\/1123\/revisions\/5613"}],"wp:attachment":[{"href":"https:\/\/mol.icb.usp.br\/index.php\/wp-json\/wp\/v2\/media?parent=1123"}],"curies":[{"name":"wp","href":"https:\/\/api.w.org\/{rel}","templated":true}]}}