{"id":1107,"date":"2017-06-21T20:36:36","date_gmt":"2017-06-21T23:36:36","guid":{"rendered":"http:\/\/mol.icb.usp.br\/?page_id=1107"},"modified":"2018-03-05T16:46:02","modified_gmt":"2018-03-05T19:46:02","slug":"3-12-tecido-epitelial-glandular","status":"publish","type":"page","link":"https:\/\/mol.icb.usp.br\/index.php\/3-12-tecido-epitelial-glandular\/","title":{"rendered":"3-12 Tecido epitelial glandular"},"content":{"rendered":"<div class=\"su-row\">\n  <div class=\"su-column su-column-size-1-1\"><div class=\"su-column-inner su-u-clearfix su-u-trim\"> <strong>\u00c1CINO SEROSO &#8211; 2<\/strong> <\/div><\/div>\n<\/div>\n<div class=\"su-row\">\n  <div class=\"su-column su-column-size-1-2\"><div class=\"su-column-inner su-u-clearfix su-u-trim\">A imagem \u00e9 de um p\u00e2ncreas, um \u00f3rg\u00e3o formado por milh\u00f5es de <strong>\u00e1cinos serosos<\/strong>. \u00c0 primeira vista nem sempre \u00e9 f\u00e1cil distinguir os \u00e1cinos.<br \/>\nExamine a imagem com bastante aten\u00e7\u00e3o e procure identificar os \u00e1cinos &#8211; pequenos conjuntos de c\u00e9lulas de forma arredondada ou ovalada. H\u00e1 dezenas de \u00e1cinos nesta imagem. Alguns \u00e1cinos ficam destacados ao colocar o cursor ou clicar sobre a figura. Procure distinguir outros \u00e1cinos, al\u00e9m dos que ficam ressaltados.<\/p>\n<p>No centro da imagem h\u00e1 uma regi\u00e3o composta por tecido conjuntivo que envolve um duto excretor de m\u00e9dio calibre. O tecido conjuntivo que suporta este duto fica destacado em cor de rosa. Todo o restante da imagem \u00e9 constitu\u00eddo por \u00e1cinos serosos.<\/p>\n<\/div><\/div>\n  <div class=\"su-column su-column-size-1-2\"><div class=\"su-column-inner su-u-clearfix su-u-trim\"> <\/p>\n<div onclick>\n<div class=\"image-container\">\n<div class=\"extra\">\n<a href=\"javascript:void(0)\"><img decoding=\"async\" src=\" http:\/\/mol.icb.usp.br\/wp-content\/uploads\/3-12.jpg \" onmouseover=\"this.src=' http:\/\/mol.icb.usp.br\/wp-content\/uploads\/3-12MO.jpg'\" onmouseout=\"this.src=' http:\/\/mol.icb.usp.br\/wp-content\/uploads\/3-12.jpg'\" \/><\/a><\/div>\n<p>P\u00e2ncreas. Colora\u00e7\u00e3o: hematoxilina e eosina. Aumento: pequeno.<\/p>\n<p><img decoding=\"async\" src=\"http:\/\/mol.icb.usp.br\/wp-content\/uploads\/mouse-1.gif\"\/><\/a><\/p>\n<div onclick=\"\">\n<p><strong>Tablets e telefones celulares:<\/strong><br \/>\nClique sobre a figura para acessar outra imagem. Clique fora da figura para voltar \u00e0 primeira imagem.<\/p>\n<p>Para navegar no MOL, use os links ACESSAR P\u00c1GINA ANTERIOR e ACESSAR P\u00c1GINA SEGUINTE situados abaixo da figura.<\/p>\n<\/p>\n<p><strong>NAVEGA\u00c7\u00c3O NO MOL:<\/strong><\/p>\n<p><a href=\"http:\/\/mol.icb.usp.br\/index.php\/3-11-tecido-epitelial-glandular\/\">ACESSAR P\u00c1GINA ANTERIOR<\/a><\/p>\n<p><a href=\"http:\/\/mol.icb.usp.br\/index.php\/3-13-tecido-epitelial-glandular\/\">ACESSAR P\u00c1GINA SEGUINTE<\/a>\n<\/div>\n<\/div>\n<\/div>\n<p><\/body><br \/>\n<\/html> <\/div><\/div>\n<\/div>\n","protected":false},"excerpt":{"rendered":"","protected":false},"author":2,"featured_media":0,"parent":0,"menu_order":0,"comment_status":"closed","ping_status":"closed","template":"","meta":{"_monsterinsights_skip_tracking":false,"_monsterinsights_sitenote_active":false,"_monsterinsights_sitenote_note":"","_monsterinsights_sitenote_category":0,"footnotes":""},"class_list":["post-1107","page","type-page","status-publish","hentry"],"_links":{"self":[{"href":"https:\/\/mol.icb.usp.br\/index.php\/wp-json\/wp\/v2\/pages\/1107"}],"collection":[{"href":"https:\/\/mol.icb.usp.br\/index.php\/wp-json\/wp\/v2\/pages"}],"about":[{"href":"https:\/\/mol.icb.usp.br\/index.php\/wp-json\/wp\/v2\/types\/page"}],"author":[{"embeddable":true,"href":"https:\/\/mol.icb.usp.br\/index.php\/wp-json\/wp\/v2\/users\/2"}],"replies":[{"embeddable":true,"href":"https:\/\/mol.icb.usp.br\/index.php\/wp-json\/wp\/v2\/comments?post=1107"}],"version-history":[{"count":9,"href":"https:\/\/mol.icb.usp.br\/index.php\/wp-json\/wp\/v2\/pages\/1107\/revisions"}],"predecessor-version":[{"id":5604,"href":"https:\/\/mol.icb.usp.br\/index.php\/wp-json\/wp\/v2\/pages\/1107\/revisions\/5604"}],"wp:attachment":[{"href":"https:\/\/mol.icb.usp.br\/index.php\/wp-json\/wp\/v2\/media?parent=1107"}],"curies":[{"name":"wp","href":"https:\/\/api.w.org\/{rel}","templated":true}]}}