{"id":1083,"date":"2017-06-21T17:23:23","date_gmt":"2017-06-21T20:23:23","guid":{"rendered":"http:\/\/mol.icb.usp.br\/?page_id=1083"},"modified":"2018-03-05T16:37:11","modified_gmt":"2018-03-05T19:37:11","slug":"3-10-tecido-epitelial-glandular","status":"publish","type":"page","link":"https:\/\/mol.icb.usp.br\/index.php\/3-10-tecido-epitelial-glandular\/","title":{"rendered":"3-10 Tecido epitelial glandular"},"content":{"rendered":"<div class=\"su-row\">\n  <div class=\"su-column su-column-size-1-1\"><div class=\"su-column-inner su-u-clearfix su-u-trim\"> <strong>T\u00daBULO MUCOSO &#8211; 4<\/strong> <\/div><\/div>\n<\/div>\n<div class=\"su-row\">\n  <div class=\"su-column su-column-size-1-2\"><div class=\"su-column-inner su-u-clearfix su-u-trim\"> Esta p\u00e1gina apresenta mais duas imagens com t\u00fabulos mucosos.<br \/>\nNa imagem superior h\u00e1 um aumento m\u00e9dio de um <strong>conjunto de t\u00fabulos mucosos<\/strong>, um dos quais mostra um <strong>duto excretor<\/strong> saindo de uma <strong>por\u00e7\u00e3o secretora<\/strong> (coloque o cursor ou clique sobre a figura). Consegue distinguir bem a por\u00e7\u00e3o secretora da por\u00e7\u00e3o condutora?<\/p>\n<p>Na imagem inferior h\u00e1, em aumento menor, outro <strong>conjunto de t\u00fabulos mucosos<\/strong>. \u00c0 direita da figura existe um <strong>ducto excretor<\/strong> em posi\u00e7\u00e3o quase vertical. \u00c9 um duto calibroso que provavelmente conduz a secre\u00e7\u00e3o deste grupo de por\u00e7\u00f5es secretoras.<\/p>\n<p>Observe com aten\u00e7\u00e3o as caracter\u00edsticas principais das c\u00e9lulas que comp\u00f5em os t\u00fabulos mucosos:<br \/>\n&#8211; a forma bastante diversa das sec\u00e7\u00f5es dos t\u00fabulos: alguns circulares, outros em forma de U ou V, alguns ramificados. Esta diversidade se deve tanto \u00e0 diferen\u00e7a de tamanho dos t\u00fabulos como em grande parte devido aos planos de sec\u00e7\u00e3o de cada t\u00fabulo no momento de se obter o corte de parafina, sempre feitos ao acaso.<br \/>\n&#8211; a colora\u00e7\u00e3o bas\u00f3fila (azul claro) do citoplasma das c\u00e9lulas secretoras.<br \/>\n&#8211; a presen\u00e7a de um l\u00famen relativamente grande e bem vis\u00edvel no interior de v\u00e1rios t\u00fabulos.<br \/>\n&#8211; a relativa facilidade de observar os limites das c\u00e9lulas que comp\u00f5em os t\u00fabulos.<br \/>\n&#8211; a presen\u00e7a de tecido conjuntivo em torno dos conjuntos e em torno de cada t\u00fabulo.<\/p>\n<p>A partir da pr\u00f3xima p\u00e1gina ser\u00e1 examinado um tipo bastante diferente de gl\u00e2ndula.<\/p>\n<\/div><\/div>\n  <div class=\"su-column su-column-size-1-2\"><div class=\"su-column-inner su-u-clearfix su-u-trim\"> <\/p>\n<div onclick>\n<div class=\"image-container\">\n<div class=\"extra\">\n<a href=\"javascript:void(0)\"><img decoding=\"async\" src=\" http:\/\/mol.icb.usp.br\/wp-content\/uploads\/3-10-A.jpg \" onmouseover=\"this.src=' http:\/\/mol.icb.usp.br\/wp-content\/uploads\/3-10-A-MO.jpg'\" onmouseout=\"this.src=' http:\/\/mol.icb.usp.br\/wp-content\/uploads\/3-10-A.jpg'\" \/><\/a><\/div>\n<p>Gl\u00e2ndula salivar sublingual. Colora\u00e7\u00e3o: HE. Aumento: pequeno.<\/p>\n<p><img decoding=\"async\" src=\"http:\/\/mol.icb.usp.br\/wp-content\/uploads\/mouse-1.gif\"\/><\/a><\/p>\n<div class=\"extra\">\n<img decoding=\"async\" src=\" http:\/\/mol.icb.usp.br\/wp-content\/uploads\/3-10-B.jpg \" \/><\/a><\/p>\n<div onclick=\"\"><strong>Tablets e telefones celulares:<\/strong><br \/>\nClique sobre a figura para acessar outra imagem. Clique fora da figura para voltar \u00e0 primeira imagem.<\/p>\n<p>Para navegar no MOL, use os links ACESSAR P\u00c1GINA ANTERIOR e ACESSAR P\u00c1GINA SEGUINTE situados abaixo da figura.<\/p>\n<p><strong>NAVEGA\u00c7\u00c3O NO MOL:<\/strong><\/p>\n<p><a href=\"http:\/\/mol.icb.usp.br\/index.php\/3-9-tecido-epitelial-glandular\/\">ACESSAR P\u00c1GINA ANTERIOR<\/a><\/p>\n<p><a href=\"http:\/\/mol.icb.usp.br\/index.php\/3-11-tecido-epitelial-glandular\/\">ACESSAR P\u00c1GINA SEGUINTE<\/a>\n<\/div>\n<\/div>\n<\/div>\n<p><\/body><br \/>\n<\/html> <\/div><\/div>\n<\/div>\n","protected":false},"excerpt":{"rendered":"","protected":false},"author":2,"featured_media":0,"parent":0,"menu_order":0,"comment_status":"closed","ping_status":"closed","template":"","meta":{"_monsterinsights_skip_tracking":false,"_monsterinsights_sitenote_active":false,"_monsterinsights_sitenote_note":"","_monsterinsights_sitenote_category":0,"footnotes":""},"class_list":["post-1083","page","type-page","status-publish","hentry"],"_links":{"self":[{"href":"https:\/\/mol.icb.usp.br\/index.php\/wp-json\/wp\/v2\/pages\/1083"}],"collection":[{"href":"https:\/\/mol.icb.usp.br\/index.php\/wp-json\/wp\/v2\/pages"}],"about":[{"href":"https:\/\/mol.icb.usp.br\/index.php\/wp-json\/wp\/v2\/types\/page"}],"author":[{"embeddable":true,"href":"https:\/\/mol.icb.usp.br\/index.php\/wp-json\/wp\/v2\/users\/2"}],"replies":[{"embeddable":true,"href":"https:\/\/mol.icb.usp.br\/index.php\/wp-json\/wp\/v2\/comments?post=1083"}],"version-history":[{"count":10,"href":"https:\/\/mol.icb.usp.br\/index.php\/wp-json\/wp\/v2\/pages\/1083\/revisions"}],"predecessor-version":[{"id":5597,"href":"https:\/\/mol.icb.usp.br\/index.php\/wp-json\/wp\/v2\/pages\/1083\/revisions\/5597"}],"wp:attachment":[{"href":"https:\/\/mol.icb.usp.br\/index.php\/wp-json\/wp\/v2\/media?parent=1083"}],"curies":[{"name":"wp","href":"https:\/\/api.w.org\/{rel}","templated":true}]}}