{"id":1071,"date":"2017-06-21T11:38:26","date_gmt":"2017-06-21T14:38:26","guid":{"rendered":"http:\/\/mol.icb.usp.br\/?page_id=1071"},"modified":"2018-03-05T16:29:08","modified_gmt":"2018-03-05T19:29:08","slug":"3-9-tecido-epitelial-glandular","status":"publish","type":"page","link":"https:\/\/mol.icb.usp.br\/index.php\/3-9-tecido-epitelial-glandular\/","title":{"rendered":"3-9 Tecido epitelial glandular"},"content":{"rendered":"<div class=\"su-row\">\n  <div class=\"su-column su-column-size-1-1\"><div class=\"su-column-inner su-u-clearfix su-u-trim\"> <strong>T\u00daBULO MUCOSO &#8211; 3<\/strong> <\/div><\/div>\n<\/div>\n<div class=\"su-row\">\n  <div class=\"su-column su-column-size-1-2\"><div class=\"su-column-inner su-u-clearfix su-u-trim\"> Detalhe de uma gl\u00e2ndula salivar sublingual, formada por in\u00fameros <strong>t\u00fabulos mucosos<\/strong>.<\/p>\n<p>A maior parte da figura \u00e9 ocupada por um t\u00fabulo mucoso retorcido e ramificado. Ap\u00f3s mover o mouse ou clicar, o conjunto de c\u00e9lulas secretoras que comp\u00f5em este t\u00fabulo fica real\u00e7ado em verde claro e o l\u00famen do t\u00fabulo em cor de rosa.<br \/>\nPor\u00e7\u00f5es de t\u00fabulos mucosos vizinhos aparecem destacados em azul  e o tecido conjuntivo que envolve todas estas gl\u00e2ndulas aparece em vermelho.<br \/>\nObserve restos de secre\u00e7\u00e3o no amplo l\u00famen do grande t\u00fabulo.<br \/>\n<strong>C\u00e9lulas secretoras<\/strong><br \/>\nAs c\u00e9lulas que constituem o t\u00fabulo s\u00e3o colunares ou piramidais e tr\u00eas c\u00e9lulas aparecem destacadas em azul na figura inferior, ap\u00f3s mover o mouse ou clicar.<br \/>\nO citoplasma destas c\u00e9lulas \u00e9 levemente bas\u00f3filo (azulado), devido \u00e0 presen\u00e7a de muitos grupos \u00e1cidos nas mol\u00e9culas da secre\u00e7\u00e3o acumulada no citoplasma. O citoplasma aparece um pouco vacuolizado e de aspecto heterog\u00eaneo (isto \u00e9, n\u00e3o \u00e9 muito &#8220;liso&#8221;).<br \/>\nOs n\u00facleos de algumas c\u00e9lulas secretoras aparecem em verde ao usar o mouse ou clicar. Estes n\u00facleos cont\u00eam principalmente cromatina condensada, coram-se muito pela hematoxilina. S\u00e3o alongados e parecem estar &#8220;apertados&#8221; contra a base da c\u00e9lula.<br \/>\nNesta figura n\u00e3o h\u00e1 nenhum trecho da por\u00e7\u00e3o condutora (duto excretor) destas gl\u00e2ndulas.<\/p>\n<\/div><\/div>\n  <div class=\"su-column su-column-size-1-2\"><div class=\"su-column-inner su-u-clearfix su-u-trim\"> <\/p>\n<div onclick>\n<div class=\"image-container\">\n<div class=\"extra\">\n<a href=\"javascript:void(0)\"><img decoding=\"async\" src=\" http:\/\/mol.icb.usp.br\/wp-content\/uploads\/3-9.jpg \" onmouseover=\"this.src=' http:\/\/mol.icb.usp.br\/wp-content\/uploads\/3-9MO-1.jpg'\" onmouseout=\"this.src=' http:\/\/mol.icb.usp.br\/wp-content\/uploads\/3-9.jpg'\" \/><\/a><\/div>\n<p>Gl\u00e2ndula salivar sublingual. Colora\u00e7\u00e3o: hematoxilina e eosina. Aumento: pequeno.<\/p>\n<p><img decoding=\"async\" src=\"http:\/\/mol.icb.usp.br\/wp-content\/uploads\/mouse-1.gif\"\/><\/a><\/p>\n<div class=\"extra\">\n<a href=\"javascript:void(0)\"><img decoding=\"async\" src=\" http:\/\/mol.icb.usp.br\/wp-content\/uploads\/3-9.jpg \" onmouseover=\"this.src=' http:\/\/mol.icb.usp.br\/wp-content\/uploads\/3-9MO-2.jpg'\" onmouseout=\"this.src=' http:\/\/mol.icb.usp.br\/wp-content\/uploads\/3-9.jpg'\" \/><\/a><\/div>\n<p><img decoding=\"async\" src=\"http:\/\/mol.icb.usp.br\/wp-content\/uploads\/mouse-1.gif\"\/><\/a><\/p>\n<div onclick=\"\"><strong>Tablets e telefones celulares:<\/strong><br \/>\nClique sobre a figura para acessar outra imagem. Clique fora da figura para voltar \u00e0 primeira imagem.<\/p>\n<p>Para navegar no MOL, use os links ACESSAR P\u00c1GINA ANTERIOR e ACESSAR P\u00c1GINA SEGUINTE situados abaixo da figura.<\/p>\n<p><strong>NAVEGA\u00c7\u00c3O NO MOL:<\/strong><\/p>\n<p><a href=\"http:\/\/mol.icb.usp.br\/index.php\/3-8-tecido-epitelial-glandular\/\">ACESSAR P\u00c1GINA ANTERIOR<\/a><\/p>\n<p><a href=\"http:\/\/mol.icb.usp.br\/index.php\/3-10-tecido-epitelial-glandular\/\">ACESSAR P\u00c1GINA SEGUINTE<\/a>\n<\/div>\n<\/div>\n<\/div>\n<p><\/body><br \/>\n<\/html> <\/div><\/div>\n<\/div>\n","protected":false},"excerpt":{"rendered":"","protected":false},"author":2,"featured_media":0,"parent":0,"menu_order":0,"comment_status":"closed","ping_status":"closed","template":"","meta":{"_monsterinsights_skip_tracking":false,"_monsterinsights_sitenote_active":false,"_monsterinsights_sitenote_note":"","_monsterinsights_sitenote_category":0,"footnotes":""},"class_list":["post-1071","page","type-page","status-publish","hentry"],"_links":{"self":[{"href":"https:\/\/mol.icb.usp.br\/index.php\/wp-json\/wp\/v2\/pages\/1071"}],"collection":[{"href":"https:\/\/mol.icb.usp.br\/index.php\/wp-json\/wp\/v2\/pages"}],"about":[{"href":"https:\/\/mol.icb.usp.br\/index.php\/wp-json\/wp\/v2\/types\/page"}],"author":[{"embeddable":true,"href":"https:\/\/mol.icb.usp.br\/index.php\/wp-json\/wp\/v2\/users\/2"}],"replies":[{"embeddable":true,"href":"https:\/\/mol.icb.usp.br\/index.php\/wp-json\/wp\/v2\/comments?post=1071"}],"version-history":[{"count":10,"href":"https:\/\/mol.icb.usp.br\/index.php\/wp-json\/wp\/v2\/pages\/1071\/revisions"}],"predecessor-version":[{"id":5595,"href":"https:\/\/mol.icb.usp.br\/index.php\/wp-json\/wp\/v2\/pages\/1071\/revisions\/5595"}],"wp:attachment":[{"href":"https:\/\/mol.icb.usp.br\/index.php\/wp-json\/wp\/v2\/media?parent=1071"}],"curies":[{"name":"wp","href":"https:\/\/api.w.org\/{rel}","templated":true}]}}