{"id":1054,"date":"2017-06-21T11:08:55","date_gmt":"2017-06-21T14:08:55","guid":{"rendered":"http:\/\/mol.icb.usp.br\/?page_id=1054"},"modified":"2018-02-26T22:15:53","modified_gmt":"2018-02-27T01:15:53","slug":"3-7-tecido-epitelial-glandular","status":"publish","type":"page","link":"https:\/\/mol.icb.usp.br\/index.php\/3-7-tecido-epitelial-glandular\/","title":{"rendered":"3-7 Tecido epitelial glandular"},"content":{"rendered":"<div class=\"su-row\">\n  <div class=\"su-column su-column-size-1-1\"><div class=\"su-column-inner su-u-clearfix su-u-trim\"> <strong>T\u00daBULO MUCOSO &#8211; 1 <\/strong><\/div><\/div>\n<\/div>\n<div class=\"su-row\">\n  <div class=\"su-column su-column-size-1-2\"><div class=\"su-column-inner su-u-clearfix su-u-trim\"> <strong>T\u00fabulo mucoso<\/strong> \u00e9 a denomina\u00e7\u00e3o de um tipo particular de gl\u00e2ndula tubulosa muito comum no organismo. Existe em v\u00e1rios locais do tubo digestivo (mucosa bucal, gl\u00e2ndulas salivares, es\u00f4fago), aparelho respirat\u00f3rio e em outros sistemas.<br \/>\nEstas gl\u00e2ndulas podem estar isoladas e esparsas (por exemplo, no tecido conjuntivo da l\u00edngua e das paredes das bochechas e l\u00e1bios) ou em grandes aglomerados constituindo volumosas estruturas anat\u00f4micas (por exemplo, as gl\u00e2ndulas salivares sublinguais).<br \/>\nA secre\u00e7\u00e3o destas gl\u00e2ndulas \u00e9 constitu\u00edda principalmente por <strong>muco<\/strong>, um material rico em um grupo de glicoprote\u00ednas denominadas mucinas, de consist\u00eancia levemente viscosa.<br \/>\nA <strong>por\u00e7\u00e3o secretora<\/strong> dos t\u00fabulos mucosos tem a forma de um t\u00fabulo, cujo comprimento pode ser bastante vari\u00e1vel, assim como a sua forma que pode ser desde quase retil\u00ednea at\u00e9 bastante <strong>contorcida e ramificada<\/strong>.<br \/>\nA figura representa um esquema de t\u00fabulo mucoso bastante simples, curto e retil\u00edneo. Sua por\u00e7\u00e3o secretora (\u00e0 esquerda) \u00e9 mais volumosa que a por\u00e7\u00e3o condutora (seu duto excretor), \u00e0 direita. O l\u00famen da por\u00e7\u00e3o secretora costuma ser amplo.<br \/>\nAs c\u00e9lulas secretoras s\u00e3o prism\u00e1ticas ou piramidais, seu citoplasma \u00e9 levemente bas\u00f3filo e parece ser vacuolizado. Na verdade, este aspecto se deve ao fato de que a secre\u00e7\u00e3o mucosa se cora mal por hematoxilina e eosina.<br \/>\nOs n\u00facleos destas c\u00e9lulas s\u00e3o bastante caracter\u00edsticos. S\u00e3o alongados, t\u00eam cromatina condensada e est\u00e3o na por\u00e7\u00e3o basal da c\u00e9lula, geralmente paralelos \u00e0 l\u00e2mina basal.<\/p>\n<\/div><\/div>\n  <div class=\"su-column su-column-size-1-2\"><div class=\"su-column-inner su-u-clearfix su-u-trim\"> <\/p>\n<div onclick>\n<div class=\"image-container\">\n<div class=\"extra\">\n<a href=\"javascript:void(0)\"><img decoding=\"async\" src=\" http:\/\/mol.icb.usp.br\/wp-content\/uploads\/3-7.gif \" onmouseover=\"this.src=' http:\/\/mol.icb.usp.br\/wp-content\/uploads\/3-7MO.gif'\" onmouseout=\"this.src=' http:\/\/mol.icb.usp.br\/wp-content\/uploads\/3-7.gif'\" \/><\/a><\/div>\n<p><img decoding=\"async\" src=\"http:\/\/mol.icb.usp.br\/wp-content\/uploads\/mouse-1.gif\"\/><\/a><\/p>\n<div onclick=\"\">\n<p><strong>Tablets e telefones celulares:<\/strong><br \/>\nClique sobre a figura para acessar outra imagem. Clique fora da figura para voltar \u00e0 primeira imagem.<\/p>\n<p>Para navegar no MOL, use os links ACESSAR P\u00c1GINA ANTERIOR e ACESSAR P\u00c1GINA SEGUINTE situados abaixo da figura.<\/p>\n<\/p>\n<p><strong>NAVEGA\u00c7\u00c3O NO MOL:<\/strong><\/p>\n<p><a href=\"http:\/\/mol.icb.usp.br\/index.php\/3-6-tecido-epitelial-glandular\/\">ACESSAR P\u00c1GINA ANTERIOR<\/a><\/p>\n<p><a href=\"http:\/\/mol.icb.usp.br\/index.php\/3-8-tecido-epitelial-glandular\/\">ACESSAR P\u00c1GINA SEGUINTE<\/a>\n<\/div>\n<\/div>\n<\/div>\n<p><\/body><br \/>\n<\/html> <\/div><\/div>\n<\/div>\n","protected":false},"excerpt":{"rendered":"","protected":false},"author":2,"featured_media":0,"parent":0,"menu_order":0,"comment_status":"closed","ping_status":"closed","template":"","meta":{"_monsterinsights_skip_tracking":false,"_monsterinsights_sitenote_active":false,"_monsterinsights_sitenote_note":"","_monsterinsights_sitenote_category":0,"footnotes":""},"class_list":["post-1054","page","type-page","status-publish","hentry"],"_links":{"self":[{"href":"https:\/\/mol.icb.usp.br\/index.php\/wp-json\/wp\/v2\/pages\/1054"}],"collection":[{"href":"https:\/\/mol.icb.usp.br\/index.php\/wp-json\/wp\/v2\/pages"}],"about":[{"href":"https:\/\/mol.icb.usp.br\/index.php\/wp-json\/wp\/v2\/types\/page"}],"author":[{"embeddable":true,"href":"https:\/\/mol.icb.usp.br\/index.php\/wp-json\/wp\/v2\/users\/2"}],"replies":[{"embeddable":true,"href":"https:\/\/mol.icb.usp.br\/index.php\/wp-json\/wp\/v2\/comments?post=1054"}],"version-history":[{"count":10,"href":"https:\/\/mol.icb.usp.br\/index.php\/wp-json\/wp\/v2\/pages\/1054\/revisions"}],"predecessor-version":[{"id":6862,"href":"https:\/\/mol.icb.usp.br\/index.php\/wp-json\/wp\/v2\/pages\/1054\/revisions\/6862"}],"wp:attachment":[{"href":"https:\/\/mol.icb.usp.br\/index.php\/wp-json\/wp\/v2\/media?parent=1054"}],"curies":[{"name":"wp","href":"https:\/\/api.w.org\/{rel}","templated":true}]}}