{"id":1050,"date":"2017-06-21T09:53:11","date_gmt":"2017-06-21T12:53:11","guid":{"rendered":"http:\/\/mol.icb.usp.br\/?page_id=1050"},"modified":"2018-02-26T22:12:48","modified_gmt":"2018-02-27T01:12:48","slug":"3-6-tecido-epitelial-glandular","status":"publish","type":"page","link":"https:\/\/mol.icb.usp.br\/index.php\/3-6-tecido-epitelial-glandular\/","title":{"rendered":"3-6 Tecido epitelial glandular"},"content":{"rendered":"<div class=\"su-row\">\n  <div class=\"su-column su-column-size-1-1\"><div class=\"su-column-inner su-u-clearfix su-u-trim\"> <strong>GL\u00c2NDULA TUBULOSA SIMPLES<\/strong> <\/div><\/div>\n<\/div>\n<div class=\"su-row\">\n  <div class=\"su-column su-column-size-1-2\"><div class=\"su-column-inner su-u-clearfix su-u-trim\"> Os intestinos t\u00eam na sua mucosa milh\u00f5es de pequenas <strong>gl\u00e2ndulas tubulosas simples<\/strong> denominadas <strong>criptas intestinais<\/strong> ou <strong>criptas de Lieberk\u00fchn<\/strong>.<br \/>\nS\u00e3o constitu\u00eddas por t\u00fabulos formados por um <strong>epit\u00e9lio simples colunar <\/strong>e que cont\u00e9m <strong>c\u00e9lulas caliciformes<\/strong> <a href=\"http:\/\/mol.icb.usp.br\/index.php\/2-28-tecido-epitelial-de-revestimento\/\" rel=\"noopener\" target=\"_blank\">(recorde a estrutura das c\u00e9lulas caliciformes da traqueia)<\/a>. Este t\u00fabulo constitui ao mesmo tempo a por\u00e7\u00e3o secretora e a por\u00e7\u00e3o excretora.<br \/>\nAs gl\u00e2ndulas s\u00e3o levemente curvas e por esta raz\u00e3o, n\u00e3o s\u00e3o vistas frequentemente inteiras em um corte, por\u00e9m segmentos de diferentes comprimentos. Algumas gl\u00e2ndulas est\u00e3o destacadas, uma delas (\u00e0 esquerda) est\u00e1 inteira no corte.<br \/>\nO epit\u00e9lio da gl\u00e2ndula se destaca em azul escuro e o l\u00famen da gl\u00e2ndula em azul claro.<br \/>\nAlgumas c\u00e9lulas caliciformes aparecem destacadas em verde.<br \/>\nO tecido conjuntivo da mucosa, tamb\u00e9m denominado l\u00e2mina pr\u00f3pria, est\u00e1 destacado em alaranjado. <\/p>\n<p>Entre as gl\u00e2ndulas h\u00e1 tecido conjuntivo. A por\u00e7\u00e3o superior (branca, vazia) da figura \u00e9 o l\u00famen do intestino.<\/p>\n<p>As c\u00e9lulas destas gl\u00e2ndulas secretam v\u00e1rios produtos, entre os quais muco. A secre\u00e7\u00e3o \u00e9 exocitada no l\u00famen da gl\u00e2ndula e em seguida conduzida para o l\u00famen intestinal. O muco \u00e9 considerado um componente importante para a lubrifica\u00e7\u00e3o da mucosa intestinal.<\/p>\n<\/div><\/div>\n  <div class=\"su-column su-column-size-1-2\"><div class=\"su-column-inner su-u-clearfix su-u-trim\"> <\/p>\n<div onclick>\n<div class=\"image-container\">\n<div class=\"extra\">\n<a href=\"javascript:void(0)\"><img decoding=\"async\" src=\" http:\/\/mol.icb.usp.br\/wp-content\/uploads\/3-6.jpg \" onmouseover=\"this.src=' http:\/\/mol.icb.usp.br\/wp-content\/uploads\/3-6MO.jpg'\" onmouseout=\"this.src=' http:\/\/mol.icb.usp.br\/wp-content\/uploads\/3-6.jpg'\" \/><\/a><\/div>\n<p>Intestino delgado. Colora\u00e7\u00e3o: HE. Aumento: pequeno.<\/p>\n<p><img decoding=\"async\" src=\"http:\/\/mol.icb.usp.br\/wp-content\/uploads\/mouse-1.gif\"\/><\/a><\/p>\n<div onclick=\"\">\n<p><strong>Tablets e telefones celulares:<\/strong><br \/>\nClique sobre a figura para acessar outra imagem. Clique fora da figura para voltar \u00e0 primeira imagem.<\/p>\n<p>Para navegar no MOL, use os links ACESSAR P\u00c1GINA ANTERIOR e ACESSAR P\u00c1GINA SEGUINTE situados abaixo da figura.<\/p>\n<\/p>\n<p><strong>NAVEGA\u00c7\u00c3O NO MOL:<\/strong><\/p>\n<p><a href=\"http:\/\/mol.icb.usp.br\/index.php\/3-5-tecido-epitelial-glandular\/\">ACESSAR P\u00c1GINA ANTERIOR<\/a><\/p>\n<p><a href=\"http:\/\/mol.icb.usp.br\/index.php\/3-7-tecido-epitelial-glandular\/\">ACESSAR P\u00c1GINA SEGUINTE<\/a>\n<\/div>\n<\/div>\n<\/div>\n<p><\/body><br \/>\n<\/html> <\/div><\/div>\n<\/div>\n","protected":false},"excerpt":{"rendered":"","protected":false},"author":2,"featured_media":0,"parent":0,"menu_order":0,"comment_status":"closed","ping_status":"closed","template":"","meta":{"_monsterinsights_skip_tracking":false,"_monsterinsights_sitenote_active":false,"_monsterinsights_sitenote_note":"","_monsterinsights_sitenote_category":0,"footnotes":""},"class_list":["post-1050","page","type-page","status-publish","hentry"],"_links":{"self":[{"href":"https:\/\/mol.icb.usp.br\/index.php\/wp-json\/wp\/v2\/pages\/1050"}],"collection":[{"href":"https:\/\/mol.icb.usp.br\/index.php\/wp-json\/wp\/v2\/pages"}],"about":[{"href":"https:\/\/mol.icb.usp.br\/index.php\/wp-json\/wp\/v2\/types\/page"}],"author":[{"embeddable":true,"href":"https:\/\/mol.icb.usp.br\/index.php\/wp-json\/wp\/v2\/users\/2"}],"replies":[{"embeddable":true,"href":"https:\/\/mol.icb.usp.br\/index.php\/wp-json\/wp\/v2\/comments?post=1050"}],"version-history":[{"count":7,"href":"https:\/\/mol.icb.usp.br\/index.php\/wp-json\/wp\/v2\/pages\/1050\/revisions"}],"predecessor-version":[{"id":5581,"href":"https:\/\/mol.icb.usp.br\/index.php\/wp-json\/wp\/v2\/pages\/1050\/revisions\/5581"}],"wp:attachment":[{"href":"https:\/\/mol.icb.usp.br\/index.php\/wp-json\/wp\/v2\/media?parent=1050"}],"curies":[{"name":"wp","href":"https:\/\/api.w.org\/{rel}","templated":true}]}}