{"id":1044,"date":"2017-06-21T09:29:48","date_gmt":"2017-06-21T12:29:48","guid":{"rendered":"http:\/\/mol.icb.usp.br\/?page_id=1044"},"modified":"2018-02-26T22:03:17","modified_gmt":"2018-02-27T01:03:17","slug":"3-5-tecido-epitelial-glandular","status":"publish","type":"page","link":"https:\/\/mol.icb.usp.br\/index.php\/3-5-tecido-epitelial-glandular\/","title":{"rendered":"3-5 Tecido epitelial glandular"},"content":{"rendered":"<div class=\"su-row\">\n  <div class=\"su-column su-column-size-1-1\"><div class=\"su-column-inner su-u-clearfix su-u-trim\"> <strong>CLASSIFICA\u00c7\u00c3O DAS GL\u00c2NDULAS EX\u00d3CRINAS &#8211; 2 <\/strong> <\/div><\/div>\n<\/div>\n<div class=\"su-row\">\n  <div class=\"su-column su-column-size-1-2\"><div class=\"su-column-inner su-u-clearfix su-u-trim\">\nO segundo crit\u00e9rio de classifica\u00e7\u00e3o das gl\u00e2ndulas ex\u00f3crinas diz respeito \u00e0 <strong>forma da por\u00e7\u00e3o secretora<\/strong>.<\/p>\n<p>A e B &#8211; se a unidade secretora tem forma de t\u00fabulo a gl\u00e2ndula \u00e9 denominada <strong>tubulosa<\/strong>.<\/p>\n<p>C- a mesma denomina\u00e7\u00e3o \u00e9 usada mesmo que a gl\u00e2ndula n\u00e3o tenha duto excretor, isto \u00e9, o pr\u00f3prio t\u00fabulo secreta e conduz a secre\u00e7\u00e3o para o exterior da gl\u00e2ndula.<\/p>\n<p>D- <strong>gl\u00e2ndula tubulosa simples ramificad<\/strong>a (um s\u00f3 duto com a unidade secretora tubulosa ramificada).<\/p>\n<p>E- <strong>gl\u00e2ndula tubulosa composta<\/strong> (por\u00e7\u00f5es secretoras tubulosas e duto ramificado).<\/p>\n<p>F- <strong>gl\u00e2ndula tubulosa enovelada<\/strong> (\u00e9 o caso da gl\u00e2ndula sudor\u00edpara, j\u00e1 mostrada como exemplo de um t\u00fabulo seccionado v\u00e1rias vezes &#8211; <a href=\"http:\/\/mol.icb.usp.br\/index.php\/1-17-conceitos-basicos\/\" rel=\"noopener\" target=\"_blank\">veja em gl\u00e2ndula sudor\u00edpara<\/a>.<\/p>\n<p>G- se a unidade secretora \u00e9 esf\u00e9rica ou ovalada, se trata de uma <strong>gl\u00e2ndula acinosa<\/strong> tamb\u00e9m chamada de <strong>alveolar<\/strong>.<\/p>\n<p>H- <strong>gl\u00e2ndula acinosa composta<\/strong> &#8211; com duto ramificado.<\/p>\n<p>I- <strong>gl\u00e2ndula mista t\u00fabulo-acinosa<\/strong> &#8211; algumas por\u00e7\u00f5es secretoras s\u00e3o \u00e1cinos e outras s\u00e3o t\u00fabulos.<\/p>\n<p> Mais adiante veremos que alguns tipos de gl\u00e2ndulas s\u00e3o classificados tamb\u00e9m de acordo com a morfologia e fun\u00e7\u00e3o de suas c\u00e9lulas.<\/p>\n<\/div><\/div>\n  <div class=\"su-column su-column-size-1-2\"><div class=\"su-column-inner su-u-clearfix su-u-trim\"> <\/p>\n<p><img decoding=\"async\" src=\" http:\/\/mol.icb.usp.br\/wp-content\/uploads\/3-5.gif \" \/><\/a><\/p>\n<p>Para navegar no MOL, use os links ACESSAR P\u00c1GINA ANTERIOR e ACESSAR P\u00c1GINA SEGUINTE situados abaixo da figura.<\/p>\n<p><strong>NAVEGA\u00c7\u00c3O NO MOL:<\/strong><\/p>\n<p><a href=\"http:\/\/mol.icb.usp.br\/index.php\/3-4-tecido-epitelial-glandular\/\">ACESSAR P\u00c1GINA ANTERIOR<\/a><\/p>\n<p><a href=\"http:\/\/mol.icb.usp.br\/index.php\/3-6-tecido-epitelial-glandular\/\">ACESSAR P\u00c1GINA SEGUINTE<\/a><br \/>\n<\/div><\/div>\n<\/div>\n","protected":false},"excerpt":{"rendered":"","protected":false},"author":2,"featured_media":0,"parent":0,"menu_order":0,"comment_status":"closed","ping_status":"closed","template":"","meta":{"_monsterinsights_skip_tracking":false,"_monsterinsights_sitenote_active":false,"_monsterinsights_sitenote_note":"","_monsterinsights_sitenote_category":0,"footnotes":""},"class_list":["post-1044","page","type-page","status-publish","hentry"],"_links":{"self":[{"href":"https:\/\/mol.icb.usp.br\/index.php\/wp-json\/wp\/v2\/pages\/1044"}],"collection":[{"href":"https:\/\/mol.icb.usp.br\/index.php\/wp-json\/wp\/v2\/pages"}],"about":[{"href":"https:\/\/mol.icb.usp.br\/index.php\/wp-json\/wp\/v2\/types\/page"}],"author":[{"embeddable":true,"href":"https:\/\/mol.icb.usp.br\/index.php\/wp-json\/wp\/v2\/users\/2"}],"replies":[{"embeddable":true,"href":"https:\/\/mol.icb.usp.br\/index.php\/wp-json\/wp\/v2\/comments?post=1044"}],"version-history":[{"count":7,"href":"https:\/\/mol.icb.usp.br\/index.php\/wp-json\/wp\/v2\/pages\/1044\/revisions"}],"predecessor-version":[{"id":5577,"href":"https:\/\/mol.icb.usp.br\/index.php\/wp-json\/wp\/v2\/pages\/1044\/revisions\/5577"}],"wp:attachment":[{"href":"https:\/\/mol.icb.usp.br\/index.php\/wp-json\/wp\/v2\/media?parent=1044"}],"curies":[{"name":"wp","href":"https:\/\/api.w.org\/{rel}","templated":true}]}}