{"id":10246,"date":"2024-09-27T13:33:56","date_gmt":"2024-09-27T16:33:56","guid":{"rendered":"https:\/\/mol.icb.usp.br\/?page_id=10246"},"modified":"2024-09-27T13:33:56","modified_gmt":"2024-09-27T16:33:56","slug":"12-0-orgaos-linfoides-2","status":"publish","type":"page","link":"https:\/\/mol.icb.usp.br\/index.php\/12-0-orgaos-linfoides-2\/","title":{"rendered":"12-0 \u00d3rg\u00e3os linfoides"},"content":{"rendered":"<p>OBJETIVOS DESTE M\u00d3DULO:<br \/>\n&#8211; Apresentar as propriedades do tecido linfoide<br \/>\n&#8211; Apresentar as caracter\u00edsticas histol\u00f3gicas do timo, linfonodos, ba\u00e7o e do tecido linfoide associado \u00e0s mucosas (MALT)<\/p>\n<p>Este m\u00f3dulo \u00e9 constitu\u00eddo de 33 p\u00e1ginas.<\/p>\n<p><a href=\"http:\/\/mol-en.icb.usp.br\/index.php\/12-1-orgaos-linfoides\/\">ENTRE NO IN\u00cdCIO DO M\u00d3DULO 12<\/a><br \/>\nou<br \/>\nESCOLHA ACESSAR OS TEMAS PRINCIPAIS:<br \/>\n<a href=\"http:\/\/mol-en.icb.usp.br\/index.php\/12-1-orgaos-linfoides\/\">Caracter\u00edsticas gerais do tecido linfoide<\/a><br \/>\n<a href=\"http:\/\/mol-en.icb.usp.br\/index.php\/12-2-orgaos-linfoides\/\">Timo<\/a><br \/>\n<a href=\"http:\/\/mol-en.icb.usp.br\/index.php\/12-7-orgaos-linfoides\/\">Linfonodos<\/a><br \/>\n<a href=\"http:\/\/mol-en.icb.usp.br\/index.php\/12-20-orgaos-linfoides\/\">Ba\u00e7o<\/a><br \/>\n<a href=\"http:\/\/mol-en.icb.usp.br\/index.php\/12-30-orgaos-linfoides\/\">Tecido linfoide associado \u00e0s mucosas (MALT)<\/a><\/p>\n","protected":false},"excerpt":{"rendered":"<p>OBJETIVOS DESTE M\u00d3DULO: &#8211; Apresentar as propriedades do tecido linfoide &#8211; Apresentar as caracter\u00edsticas histol\u00f3gicas do timo, linfonodos, ba\u00e7o e do tecido linfoide associado \u00e0s mucosas (MALT) Este m\u00f3dulo \u00e9 constitu\u00eddo de 33 p\u00e1ginas. ENTRE NO IN\u00cdCIO DO M\u00d3DULO 12 ou ESCOLHA ACESSAR OS TEMAS PRINCIPAIS: Caracter\u00edsticas gerais do tecido linfoide Timo Linfonodos Ba\u00e7o Tecido [&hellip;]<\/p>\n","protected":false},"author":2,"featured_media":0,"parent":0,"menu_order":0,"comment_status":"closed","ping_status":"closed","template":"","meta":{"_monsterinsights_skip_tracking":false,"_monsterinsights_sitenote_active":false,"_monsterinsights_sitenote_note":"","_monsterinsights_sitenote_category":0,"footnotes":""},"class_list":["post-10246","page","type-page","status-publish","hentry"],"_links":{"self":[{"href":"https:\/\/mol.icb.usp.br\/index.php\/wp-json\/wp\/v2\/pages\/10246"}],"collection":[{"href":"https:\/\/mol.icb.usp.br\/index.php\/wp-json\/wp\/v2\/pages"}],"about":[{"href":"https:\/\/mol.icb.usp.br\/index.php\/wp-json\/wp\/v2\/types\/page"}],"author":[{"embeddable":true,"href":"https:\/\/mol.icb.usp.br\/index.php\/wp-json\/wp\/v2\/users\/2"}],"replies":[{"embeddable":true,"href":"https:\/\/mol.icb.usp.br\/index.php\/wp-json\/wp\/v2\/comments?post=10246"}],"version-history":[{"count":2,"href":"https:\/\/mol.icb.usp.br\/index.php\/wp-json\/wp\/v2\/pages\/10246\/revisions"}],"predecessor-version":[{"id":10248,"href":"https:\/\/mol.icb.usp.br\/index.php\/wp-json\/wp\/v2\/pages\/10246\/revisions\/10248"}],"wp:attachment":[{"href":"https:\/\/mol.icb.usp.br\/index.php\/wp-json\/wp\/v2\/media?parent=10246"}],"curies":[{"name":"wp","href":"https:\/\/api.w.org\/{rel}","templated":true}]}}