{"id":1022,"date":"2017-06-21T09:06:34","date_gmt":"2017-06-21T12:06:34","guid":{"rendered":"http:\/\/mol.icb.usp.br\/?page_id=1022"},"modified":"2017-06-22T21:47:35","modified_gmt":"2017-06-23T00:47:35","slug":"3-4-tecido-epitelial-glandular","status":"publish","type":"page","link":"https:\/\/mol.icb.usp.br\/index.php\/3-4-tecido-epitelial-glandular\/","title":{"rendered":"3-4 Tecido epitelial glandular"},"content":{"rendered":"<div class=\"su-row\">\n  <div class=\"su-column su-column-size-1-1\"><div class=\"su-column-inner su-u-clearfix su-u-trim\"> <strong>CLASSIFICA\u00c7\u00c3O DAS GL\u00c2NDULAS EX\u00d3CRINAS &#8211; 1<\/strong> <\/div><\/div>\n<\/div>\n<div class=\"su-row\">\n  <div class=\"su-column su-column-size-1-2\"><div class=\"su-column-inner su-u-clearfix su-u-trim\">\nUm dos crit\u00e9rios de classifica\u00e7\u00e3o das gl\u00e2ndulas ex\u00f3crinas se refere \u00e0 <strong>ramifica\u00e7\u00e3o<\/strong> da sua por\u00e7\u00e3o secretora e do seu duto excretor.<\/p>\n<p>Quanto \u00e0 ramifica\u00e7\u00e3o do duto excretor:<br \/>\nAs gl\u00e2ndulas de pequenas dimens\u00f5es podem ser constitu\u00eddas por uma por\u00e7\u00e3o secretora e pelo seu ducto excretor \u00fanico. Este tipo \u00e9 considerado uma <strong>gl\u00e2ndula simples<\/strong>. A gl\u00e2ndula presente na por\u00e7\u00e3o superior esquerda desta p\u00e1gina \u00e9 uma gl\u00e2ndula simples.<\/p>\n<p>Quanto \u00e0 ramifica\u00e7\u00e3o da por\u00e7\u00e3o secretora:<br \/>\nUma gl\u00e2ndula de estrutura mais complexa,formada por um duto e mais de uma unidade secretora a gl\u00e2ndula \u00e9 chamada <strong>gl\u00e2ndula simples ramificada<\/strong> &#8211; veja o exemplo na por\u00e7\u00e3o superior direita da figura ao lado.<\/p>\n<p>Uma gl\u00e2ndula cujo ducto excretor \u00e9 ramificado \u00e9 denominada <strong>gl\u00e2ndula composta<\/strong>. Os dois desenhos da por\u00e7\u00e3o inferior da figura s\u00e3o deste tipo.<\/p>\n<\/div><\/div>\n  <div class=\"su-column su-column-size-1-2\"><div class=\"su-column-inner su-u-clearfix su-u-trim\"> <\/p>\n<p><img decoding=\"async\" src=\" http:\/\/mol.icb.usp.br\/wp-content\/uploads\/3-4.gif\"\/><\/a><\/p>\n<p>Para navegar no MOL, use os links ACESSAR P\u00c1GINA ANTERIOR e ACESSAR P\u00c1GINA SEGUINTE situados abaixo da figura.<\/p>\n<p><strong>NAVEGA\u00c7\u00c3O NO MOL:<\/strong><\/p>\n<p><a href=\"http:\/\/mol.icb.usp.br\/index.php\/3-3-tecido-epitelial-glandular\/\">ACESSAR P\u00c1GINA ANTERIOR<\/a><\/p>\n<p><a href=\"http:\/\/mol.icb.usp.br\/index.php\/3-5-tecido-epitelial-glandular\/\">ACESSAR P\u00c1GINA SEGUINTE<\/a><br \/>\n<\/div><\/div>\n<\/div>\n","protected":false},"excerpt":{"rendered":"","protected":false},"author":2,"featured_media":0,"parent":0,"menu_order":0,"comment_status":"closed","ping_status":"closed","template":"","meta":{"_monsterinsights_skip_tracking":false,"_monsterinsights_sitenote_active":false,"_monsterinsights_sitenote_note":"","_monsterinsights_sitenote_category":0,"footnotes":""},"class_list":["post-1022","page","type-page","status-publish","hentry"],"_links":{"self":[{"href":"https:\/\/mol.icb.usp.br\/index.php\/wp-json\/wp\/v2\/pages\/1022"}],"collection":[{"href":"https:\/\/mol.icb.usp.br\/index.php\/wp-json\/wp\/v2\/pages"}],"about":[{"href":"https:\/\/mol.icb.usp.br\/index.php\/wp-json\/wp\/v2\/types\/page"}],"author":[{"embeddable":true,"href":"https:\/\/mol.icb.usp.br\/index.php\/wp-json\/wp\/v2\/users\/2"}],"replies":[{"embeddable":true,"href":"https:\/\/mol.icb.usp.br\/index.php\/wp-json\/wp\/v2\/comments?post=1022"}],"version-history":[{"count":6,"href":"https:\/\/mol.icb.usp.br\/index.php\/wp-json\/wp\/v2\/pages\/1022\/revisions"}],"predecessor-version":[{"id":1167,"href":"https:\/\/mol.icb.usp.br\/index.php\/wp-json\/wp\/v2\/pages\/1022\/revisions\/1167"}],"wp:attachment":[{"href":"https:\/\/mol.icb.usp.br\/index.php\/wp-json\/wp\/v2\/media?parent=1022"}],"curies":[{"name":"wp","href":"https:\/\/api.w.org\/{rel}","templated":true}]}}