{"id":10170,"date":"2024-09-26T16:41:08","date_gmt":"2024-09-26T19:41:08","guid":{"rendered":"https:\/\/mol.icb.usp.br\/?page_id=10170"},"modified":"2024-09-26T16:46:56","modified_gmt":"2024-09-26T19:46:56","slug":"pele","status":"publish","type":"page","link":"https:\/\/mol.icb.usp.br\/index.php\/pele\/","title":{"rendered":"Pele"},"content":{"rendered":"<p>PELE<\/p>\n<p>OBJETIVOS DESTE M\u00d3DULO:<\/p>\n<p>Apresentar as caracter\u00edsticas histol\u00f3gicas da pele espessa e pele fina incluindo os pelos, gl\u00e2ndulas sudor\u00edparas, gl\u00e2ndulas seb\u00e1ceas e alguns componentes do sistema sensorial da pele.<\/p>\n<p>Este m\u00f3dulo \u00e9 composto de 16 p\u00e1ginas.<\/p>\n<p>ENTRE NO IN\u00cdCIO DO M\u00d3DULO 15<br \/>\nou<br \/>\nCLIQUE NOS LINKS PARA ABRIR OS T\u00d3PICOS PRINCIPAIS:<\/p>\n<p>Caracter\u00edsticas gerais da pele<br \/>\nDiferen\u00e7as entre pele espessa e pele fina<br \/>\nEstratos da epiderme<br \/>\nFol\u00edculo piloso<br \/>\nGl\u00e2ndulas sudor\u00edparas<br \/>\nGl\u00e2ndulas seb\u00e1ceas<br \/>\nReceptores sensoriais<\/p>\n<p>Erros? Texto pouco claro? Sugest\u00f5es?<br \/>\nComunique-se com os autores:<br \/>\nHistologia Geral e Especial- pabrahamsohn@uol.com.br<br \/>\nHistologia Oral: \u2013 vfreitas3d@gmail.com<\/p>\n<p>Editar<\/p>\n","protected":false},"excerpt":{"rendered":"<p>PELE OBJETIVOS DESTE M\u00d3DULO: Apresentar as caracter\u00edsticas histol\u00f3gicas da pele espessa e pele fina incluindo os pelos, gl\u00e2ndulas sudor\u00edparas, gl\u00e2ndulas seb\u00e1ceas e alguns componentes do sistema sensorial da pele. Este m\u00f3dulo \u00e9 composto de 16 p\u00e1ginas. ENTRE NO IN\u00cdCIO DO M\u00d3DULO 15 ou CLIQUE NOS LINKS PARA ABRIR OS T\u00d3PICOS PRINCIPAIS: Caracter\u00edsticas gerais da pele [&hellip;]<\/p>\n","protected":false},"author":2,"featured_media":0,"parent":0,"menu_order":0,"comment_status":"closed","ping_status":"closed","template":"","meta":{"_monsterinsights_skip_tracking":false,"_monsterinsights_sitenote_active":false,"_monsterinsights_sitenote_note":"","_monsterinsights_sitenote_category":0,"footnotes":""},"class_list":["post-10170","page","type-page","status-publish","hentry"],"_links":{"self":[{"href":"https:\/\/mol.icb.usp.br\/index.php\/wp-json\/wp\/v2\/pages\/10170"}],"collection":[{"href":"https:\/\/mol.icb.usp.br\/index.php\/wp-json\/wp\/v2\/pages"}],"about":[{"href":"https:\/\/mol.icb.usp.br\/index.php\/wp-json\/wp\/v2\/types\/page"}],"author":[{"embeddable":true,"href":"https:\/\/mol.icb.usp.br\/index.php\/wp-json\/wp\/v2\/users\/2"}],"replies":[{"embeddable":true,"href":"https:\/\/mol.icb.usp.br\/index.php\/wp-json\/wp\/v2\/comments?post=10170"}],"version-history":[{"count":2,"href":"https:\/\/mol.icb.usp.br\/index.php\/wp-json\/wp\/v2\/pages\/10170\/revisions"}],"predecessor-version":[{"id":10173,"href":"https:\/\/mol.icb.usp.br\/index.php\/wp-json\/wp\/v2\/pages\/10170\/revisions\/10173"}],"wp:attachment":[{"href":"https:\/\/mol.icb.usp.br\/index.php\/wp-json\/wp\/v2\/media?parent=10170"}],"curies":[{"name":"wp","href":"https:\/\/api.w.org\/{rel}","templated":true}]}}