{"id":1001,"date":"2017-06-20T21:58:39","date_gmt":"2017-06-21T00:58:39","guid":{"rendered":"http:\/\/mol.icb.usp.br\/?page_id=1001"},"modified":"2018-02-26T22:00:19","modified_gmt":"2018-02-27T01:00:19","slug":"3-3-tecido-epitelial-glandular","status":"publish","type":"page","link":"https:\/\/mol.icb.usp.br\/index.php\/3-3-tecido-epitelial-glandular\/","title":{"rendered":"3-3 Tecido epitelial glandular"},"content":{"rendered":"<div class=\"su-row\">\n  <div class=\"su-column su-column-size-1-1\"><div class=\"su-column-inner su-u-clearfix su-u-trim\"> <strong>COMPONENTES DAS GL\u00c2NDULAS EX\u00d3CRINAS<\/strong> <\/div><\/div>\n<\/div>\n<div class=\"su-row\">\n  <div class=\"su-column su-column-size-1-2\"><div class=\"su-column-inner su-u-clearfix su-u-trim\"> A maioria das gl\u00e2ndulas ex\u00f3crinas \u00e9 constitu\u00edda de duas por\u00e7\u00f5es: <strong>por\u00e7\u00e3o secretora<\/strong> e <strong>por\u00e7\u00e3o condutora<\/strong>, representada por um ou mais <strong>dutos excretores<\/strong>.<br \/>\nH\u00e1 um tipo de gl\u00e2ndula ex\u00f3crina existente nos intestinos constitu\u00eddo por apenas um tubo que \u00e9 mesmo tempo a por\u00e7\u00e3o secretora e a por\u00e7\u00e3o excretora. No entanto, na maioria das gl\u00e2ndulas ex\u00f3crinas as por\u00e7\u00f5es secretora e condutora s\u00e3o distintas.<\/p>\n<p><strong>Por\u00e7\u00e3o secretora<\/strong><br \/>\nA por\u00e7\u00e3o secretora pode ser formada por um ou v\u00e1rios conjuntos de c\u00e9lulas cujas estruturas e arranjos s\u00e3o espec\u00edficos nos v\u00e1rios tipos de gl\u00e2ndulas.<br \/>\nAs c\u00e9lulas que formam as por\u00e7\u00f5es secretoras se re\u00fanem em pequenas estruturas em torno de um espa\u00e7o central (um delgado l\u00famen). O produto de secre\u00e7\u00e3o de cada c\u00e9lula \u00e9 lan\u00e7ado no l\u00famen deste conjunto de c\u00e9lulas, o qual se continua com o l\u00famen dos dutos excretores.<\/p>\n<p><strong>Duto excretor<\/strong><br \/>\nA parede dos dutos \u00e9 formada por um epit\u00e9lio de revestimento que se disp\u00f5e formando  um pequeno tubo com um l\u00famen central.<br \/>\nO epit\u00e9lio que forma o duto \u00e9 inicialmente do tipo simples c\u00fabico. Se a gl\u00e2ndula \u00e9 pequena e se o duto for curto, este mant\u00e9m esta estrutura em todo seu percurso. Em dutos mais longos de gl\u00e2ndulas mais complexas o epit\u00e9lio do duto acaba se tornando simples prism\u00e1tico podendo at\u00e9 se tornar estratificado <a href=\"http:\/\/mol.icb.usp.br\/index.php\/2-18-tecido-epitelial-de-revestimento\/\" rel=\"noopener\" target=\"_blank\">(clique para rever o duto com epit\u00e9lio estratificado)<\/a>.<\/p>\n<p>Observe com aten\u00e7\u00e3o a figura. \u00c9 uma rara imagem de um corte que cont\u00e9m uma gl\u00e2ndula inteira constitu\u00edda por uma por\u00e7\u00e3o secretora (em azul claro ap\u00f3s usar o mouse ou clicar) e um longo duto excretor (em azul escuro) que se abre em uma cavidade (na por\u00e7\u00e3o superior da figura). A por\u00e7\u00e3o secretora \u00e9 constitu\u00edda de v\u00e1rios conjuntos de c\u00e9lulas secretoras (de colora\u00e7\u00e3o mais clara e real\u00e7adas em azul claro ap\u00f3s usar o mouse).<br \/>\nA gl\u00e2ndula e seu duto est\u00e3o imersos em <strong>tecido conjuntivo<\/strong> e o duto se abre em uma superf\u00edcie revestida por um epit\u00e9lio estratificado pavimentoso (real\u00e7ada em cor de rosa). <\/p>\n<\/div><\/div>\n  <div class=\"su-column su-column-size-1-2\"><div class=\"su-column-inner su-u-clearfix su-u-trim\"> <\/p>\n<div onclick>\n<div class=\"image-container\">\n<div class=\"extra\">\n<a href=\"javascript:void(0)\"><img decoding=\"async\" src=\" http:\/\/mol.icb.usp.br\/wp-content\/uploads\/3-3.jpg \" onmouseover=\"this.src=' http:\/\/mol.icb.usp.br\/wp-content\/uploads\/3-3MO.jpg'\" onmouseout=\"this.src=' http:\/\/mol.icb.usp.br\/wp-content\/uploads\/3-3.jpg'\" \/><\/a><\/div>\n<p>Gl\u00e2ndula ex\u00f3crina. Colora\u00e7\u00e3o: HE. Aumento: pequeno.<\/p>\n<p><img decoding=\"async\" src=\"http:\/\/mol.icb.usp.br\/wp-content\/uploads\/mouse-1.gif\"\/><\/a><\/p>\n<div onclick=\"\">\n<p><strong>Tablets e telefones celulares:<\/strong><br \/>\nClique sobre a figura para acessar outra imagem. Clique fora da figura para voltar \u00e0 primeira imagem.<\/p>\n<p>Para navegar no MOL, use os links ACESSAR P\u00c1GINA ANTERIOR e ACESSAR P\u00c1GINA SEGUINTE situados abaixo da figura.<\/p>\n<\/p>\n<p><strong>NAVEGA\u00c7\u00c3O NO MOL:<\/strong><\/p>\n<p><a href=\"http:\/\/mol.icb.usp.br\/index.php\/3-2-tecido-epitelial-glandular\/\">ACESSAR P\u00c1GINA ANTERIOR<\/a><\/p>\n<p><a href=\"http:\/\/mol.icb.usp.br\/index.php\/3-4-tecido-epitelial-glandular\/\">ACESSAR P\u00c1GINA SEGUINTE<\/a>\n<\/div>\n<\/div>\n<\/div>\n<p><\/body><br \/>\n<\/html> <\/div><\/div>\n<\/div>\n","protected":false},"excerpt":{"rendered":"","protected":false},"author":2,"featured_media":0,"parent":0,"menu_order":0,"comment_status":"closed","ping_status":"closed","template":"","meta":{"_monsterinsights_skip_tracking":false,"_monsterinsights_sitenote_active":false,"_monsterinsights_sitenote_note":"","_monsterinsights_sitenote_category":0,"footnotes":""},"class_list":["post-1001","page","type-page","status-publish","hentry"],"_links":{"self":[{"href":"https:\/\/mol.icb.usp.br\/index.php\/wp-json\/wp\/v2\/pages\/1001"}],"collection":[{"href":"https:\/\/mol.icb.usp.br\/index.php\/wp-json\/wp\/v2\/pages"}],"about":[{"href":"https:\/\/mol.icb.usp.br\/index.php\/wp-json\/wp\/v2\/types\/page"}],"author":[{"embeddable":true,"href":"https:\/\/mol.icb.usp.br\/index.php\/wp-json\/wp\/v2\/users\/2"}],"replies":[{"embeddable":true,"href":"https:\/\/mol.icb.usp.br\/index.php\/wp-json\/wp\/v2\/comments?post=1001"}],"version-history":[{"count":7,"href":"https:\/\/mol.icb.usp.br\/index.php\/wp-json\/wp\/v2\/pages\/1001\/revisions"}],"predecessor-version":[{"id":5576,"href":"https:\/\/mol.icb.usp.br\/index.php\/wp-json\/wp\/v2\/pages\/1001\/revisions\/5576"}],"wp:attachment":[{"href":"https:\/\/mol.icb.usp.br\/index.php\/wp-json\/wp\/v2\/media?parent=1001"}],"curies":[{"name":"wp","href":"https:\/\/api.w.org\/{rel}","templated":true}]}}